{"id":1058,"date":"2017-11-02T21:55:51","date_gmt":"2017-11-02T20:55:51","guid":{"rendered":"http:\/\/www.moa-soft.de\/wordpress\/?page_id=1058"},"modified":"2025-12-22T18:20:37","modified_gmt":"2025-12-22T17:20:37","slug":"ammon-immobilien-maklersoftware","status":"publish","type":"page","link":"https:\/\/www.moa-soft.de\/wordpress\/","title":{"rendered":"<i>A<\/i>MMON die Immobilien-Maklersoftware f\u00fcr Immobilienprofis"},"content":{"rendered":"<h4><span style=\"color: #002395;\">\u00dcber 3.000 Anwender der Immobilienwirtschaft &#8212; Makler, Bautr\u00e4ger, Immobilienverwalter, Hausverwaltungen, Wohnungsgenossenschaften, Finanzdienstleister und Zwangsverwalter <\/span><\/h4>\n<h4><span style=\"color: #002395;\">arbeiten mit der <em>A<\/em>MMON IMMOBILIENMAKLER-SOFTWARE\u00ae.<\/span><\/h4>\n<h4><span style=\"color: #002395;\"><em>A<\/em>MMON\u00ae vereint die Vorteile einer vollst\u00e4ndigen, schnellen Offline-Software im Immobilienb\u00fcro und die Vorteile einer ortsungebundenen Online-Software f\u00fcr die Vermarktung und Vermittlung von Wohn- und Gewerbeimmobilien<br \/>\n<\/span><\/h4>\n<h4><span style=\"color: #002395;\"> zum besten Preis. Und mit \u00fcber 30-j\u00e4hriger Erfahrung in der Immobiliensoftwarebranche.<br \/>\n<\/span><\/h4>\n<p>&nbsp;<\/p>\n<h1><span style=\"color: #00b0ad;\">Erfolgreich,<br \/>\n<\/span><\/h1>\n<h1><span style=\"color: #002395;\"><span style=\"color: #00b0ad;\">dass Sie bei uns vorbeischauen!<\/span> <\/span><\/h1>\n<h4><span style=\"color: #00b0ad;\"><span style=\"color: #002395;\">Wenn Sie der Meinung sind, dass Immobiliensoftware hochwertig und vor allem praktisch sein sollte&#8230;<\/span><br \/>\n<\/span><\/h4>\n<h4>F\u00fcr Immobilienunternehmen ist die Immobilien- und Personen-Software von <em>A<\/em>MMON eine Softwarel\u00f6sung mit maximaler Stabilit\u00e4t, Sicherheit und einer intuitiven Bedienung, die mehr Erfolg und Abschl\u00fcsse bewirkt. Unsere CRM-Software f\u00fcr Immobilienmakler begleitet Sie und Ihre Immobilienobjekte im Makleralltag von der Akquise, dem Immobilieneinkauf, \u00fcber das Marketing, beim Vertrieb und im Backoffice bis hin zum Controlling und stets mit allen Dokumenten.<\/h4>\n<h4>Die <i>A<\/i>MMON Makler-Software verf\u00fcgt \u00fcber alle Tools und Features, die Sie und Ihr Team im Maklerb\u00fcro beim Prozessmanagement unterst\u00fctzen. Der feine Unterschied: Ausgereift und praxiserprobt stimmen bei uns auch die kleinen Details, die im Tagesgesch\u00e4ft entscheidend sind.<\/h4>\n<h4><span style=\"color: #00b0ad;\"><span style=\"color: #002395;\">Wenn Sie eine Maklersoftware f\u00fcr Immobilienprofis zum besten Preis m\u00f6chten&#8230;<\/span><br \/>\n<\/span><\/h4>\n<h4>Dann sind Sie bei\u00a0<em>A<\/em>MMON genau richtig: Sie k\u00f6nnen Ihre Benutzerverwaltung mit beliebiger Personenanzahl selbst anlegen und konkrete Rechte pers\u00f6nlich zuordnen. Nur die Anzahl der gleichzeitigen Benutzerzugriffe werden als Lizenz gez\u00e4hlt. Auch m\u00fcssen Sie keine Zusatzmodule mit Mehrkosten dazubuchen, um z.B. entsprechend dem Datenschutzgesetz arbeiten zu k\u00f6nnen und zukunftsorientiert der Digitalisierung im Maklerb\u00fcro den Weg zu er\u00f6ffnen.<\/h4>\n<h4>Eine Maklersoftware mit tats\u00e4chlicher intuitiver Bedienung ben\u00f6tigt keine Einschr\u00e4nkungen und keine zus\u00e4tzlichen Kosten:<\/h4>\n<h4>Als Kunde von <em>A<\/em>MMON k\u00f6nnen Sie stets aus dem vollen Leistungsumfang und dem vollen Supportumfang ohne Einschr\u00e4nkungen und ohne zus\u00e4tzliche Kosten sch\u00f6pfen. Aktualisieren Sie Ihre Kundendaten digital oder lassen Sie Anfragen von Interessenten automatisch mit Expos\u00e9 beantworten. Diese und viele weitere Maklertools geh\u00f6ren bei der <em>A<\/em>MMON Immobilien-Software zum Standard. <em>A<\/em>MMON ist diejenige Software f\u00fcr das Makeln, die f\u00fcr Sie in jeder Gesch\u00e4ftslage wirtschaftlich effizient arbeitet.<\/h4>\n<h4><span style=\"color: #002395;\">Wenn Ihnen Flexibilit\u00e4t und Aktualit\u00e4t wichtig sind&#8230;<\/span><\/h4>\n<h4>Mit <em>A<\/em>MMON genie\u00dfen Sie beim Maklergesch\u00e4ft die Vorteile einer pers\u00f6nlich individualisierbaren und zugleich leistungsstarken Immobilien-Makler-Software, die f\u00fcr Sie die B\u00fcroarbeit erledigt. Au\u00dferdem k\u00f6nnen Sie mit <em>A<\/em>MMON unterwegs zeitsparend per Applikation mobil arbeiten und z.B. neue Kontakte und Immobilien erfassen.<\/h4>\n<h4>Kostenlose Abgleiche, kostenlose Updates und Releases geh\u00f6ren zum <em>A<\/em>MMON Programm selbstverst\u00e4ndlich dazu. Unsere Kunden verf\u00fcgen automatisch \u00fcber eine aktuelle und sichere Makleranwendung, die jederzeit up to date mit der Marktpraxis und den Gesetzen ist. Es sind keine Wartungsvertr\u00e4ge o.\u00e4. erforderlich.<\/h4>\n<h4><span style=\"color: #002395;\">Wenn Sie pers\u00f6nliche Betreuung und schnelle L\u00f6sungen bevorzugen&#8230;<\/span><\/h4>\n<h4>Als innovatives Softwareunternehmen der Immobilienwirtschaft, mit \u00fcber 25 Jahren Erfahrung in der Immobilienbranche, arbeitet <em>A<\/em>MMON als unabh\u00e4ngiger Anbieter ausschlie\u00dflich f\u00fcr die Ziele seiner Anwender. Qualit\u00e4t statt Quantit\u00e4t geh\u00f6rt zu unserer Unternehmensphilosophie. Der Service von <em>A<\/em>MMON ist f\u00fcr jeden einzelnen Kunden von pers\u00f6nlichem Engagement gepr\u00e4gt. Wir k\u00f6nnen insbesondere in eiligen oder schwierigen Situationen verl\u00e4ssliche sowie schnelle L\u00f6sungen bieten.<\/h4>\n<h4>Wir von <em>A<\/em>MMON legen Wert auf Immobilien- und Maklersoftware, die Sie als Immobilien-Profi nachhaltig erfolgreicher macht und Ihre Autonomie bewahrt!<\/h4>\n<h3><span style=\"color: #00b0ad;\">Z\u00f6gern Sie nicht, mit uns Kontakt aufzunehmen. <\/span><\/h3>\n<h3><span style=\"color: #00b0ad;\">Wir freuen uns darauf, Sie pers\u00f6nlich kennen zu lernen!<\/span><\/h3>\n<h4><a href=\"https:\/\/www.moa-soft.de\/wordpress\/?page_id=1841\">Jetzt direkt einen Pr\u00e4sentationstermin mit <em>A<\/em>MMON vereinbaren.<\/a><\/h4>\n<p>&nbsp;<\/p>\n<h4><i>A<\/i>MMON die Software f\u00fcr Immobilienmakler schenkt Ihnen und Ihren Mitarbeitenden mehr Zeit f\u00fcr das Wesentliche durch:<\/h4>\n<h4>Individualisierbare Software, die sich Ihren Anforderungen anpasst<\/h4>\n<h4>\u2714 Automatisches Einlesen von Portalanfragen, automatisches rechtskonformes Management der Maklervertr\u00e4ge (schriftform) und Versand Ihrer Expos\u00e9s.<\/h4>\n<h4>\u2714 Nutzung modernster KI Technologie zur automatischen Erstellung von Expos\u00e9-Texten und Anschreiben.<\/h4>\n<h4>\u2714 Immobilien und Personen-CRM: Vollst\u00e4ndige Erfassung Ihrer Kontakte und Immobilien mit Verkn\u00fcpfungen und aufrufbar per Doppelklick<\/h4>\n<h4>\u00a0\u2714 Anfragen-Autoresponder<\/h4>\n<h4>\u00a0\u2714 Automatischer Expos\u00e9-Versand<\/h4>\n<h4>\u2714 Digitale Selektionen<\/h4>\n<h4>\u2714 Vollst\u00e4ndige Kommunikationshistorie: Automatische Nachweisf\u00fchrung bei Kontakten und Immobilien mit Anlagen<\/h4>\n<h4>\u2714 Integration Ihrer Telefonanlage mit automatischer Nachweisf\u00fchrung f\u00fcr ein- und ausgehende Telefonate.<\/h4>\n<h4>\u2714\u00a0Schnelle Selektionen in Sekunden auch bei sehr gro\u00dfen Immobilienbest\u00e4nden<\/h4>\n<h4>\u2714 Aktuell im Blick auf Gesetze und Vorschriften wie z.B. Widerrufsbelehrung, ImmoWertV, NHK 2010, EnEV, BDSG, DSGVO<\/h4>\n<h4>\u2714 Inklusive Objekttracking und Anbieterreporting per Mausklick<\/h4>\n<h4>\u2714 Workflowmanagement ohne Aufpreis<\/h4>\n<h4>\u2714 Wiedervorlage und Terminverwaltung &#8211; direkter Abgleich mit Outlook, Google und iCloud m\u00f6glich<\/h4>\n<h4>\u2714 Mobiles Maklerb\u00fcro f\u00fcr unterwegs: Die <em>A<\/em>MMON App f\u00fcr das iPhone &amp; iPad im <a class=\"text\" href=\"https:\/\/itunes.apple.com\/de\/app\/ammon-immobilienmakler-software\/id582244597?mt=8\" target=\"_blank\" rel=\"noopener noreferrer\">Apple App-Store<\/a><\/h4>\n<h4>\u2714 <em>A<\/em>MMON unterst\u00fctzt alle Microsoft Windows und Office Versionen<\/h4>\n<h4>\u2714 Briefe, Expos\u00e9s, Vorlagen mit MS Word, Publisher, Powerpoint und open\/libre Office<\/h4>\n<h4>\u2714 Versand per Mausklick von Dokumenten, Offerten und Expos\u00e9s als pers\u00f6nlicher Serienbrief und E-Mail mit pers\u00f6nlicher Anrede<\/h4>\n<h4>\u2714 Manager f\u00fcr das Widerrufsrecht<\/h4>\n<h4>\u2714 Integriertes Dokumentenmanagement und Bildverwaltung<\/h4>\n<h4>\u2714 Sofortige Ver\u00f6ffentlichung per Mausklick: Schnittstellen zu ImmobilienScout24, IVD, Immonet, Immopool, Immowelt, ebay Kleinanzeigen, Kalaydo und 100 weiteren deutschen Immobilienportalen<\/h4>\n<h4>\u2714 Inklusive openImmo 1.2.7 und ImmobilienScout24 REST-API Schnittstelle<\/h4>\n<h4>\u2714 Posten Sie Ihre Immobilien mit <em>A<\/em>MMON auf Twitter und facebook.<\/h4>\n<h4>\u2714 Vergleichs- und Ertrags- und Sachwertermittlung &#8211; nach NHK 2010<\/h4>\n<h4>\u2714 Finanzierungsrechner<\/h4>\n<h4>\u2714 Unterst\u00fctzung von Projekten: Ideal f\u00fcr Projektentwickler und Bautr\u00e4ger.<\/h4>\n<h4>\u2714 Akquisetool: Inklusive Datenbank-Schnittstelle zum Marktdatenportal immo-info.de.<\/h4>\n<h4>\u2714 Netzwerkversion f\u00fcr Ihren Server (Windows, Linux, NAS, mac OS-X)<\/h4>\n<h4>\u2714 Optional k\u00f6nnen Sie <em>A<\/em>MMON auch online nutzen: Wir sorgen f\u00fcr Ihren Terminal-Server inkl. Pflege.<\/h4>\n<h4>\u2714 Umzugsservice: Daten\u00fcbernahme aus Ihrer bestehenden Datenbank\/Software\/Tabellen m\u00f6glich.<\/h4>\n","protected":false},"excerpt":{"rendered":"<p>\u00dcber 3.000 Anwender der Immobilienwirtschaft &#8212; Makler, Bautr\u00e4ger, Immobilienverwalter, Hausverwaltungen, Wohnungsgenossenschaften, Finanzdienstleister und Zwangsverwalter arbeiten mit der AMMON IMMOBILIENMAKLER-SOFTWARE\u00ae. AMMON\u00ae vereint die Vorteile einer vollst\u00e4ndigen, schnellen Offline-Software im Immobilienb\u00fcro und die Vorteile einer ortsungebundenen Online-Software f\u00fcr die Vermarktung und Vermittlung von Wohn- und Gewerbeimmobilien zum besten Preis. Und mit \u00fcber 30-j\u00e4hriger Erfahrung in der Immobiliensoftwarebranche. <span class=\"moretag\"><a href=\"https:\/\/www.moa-soft.de\/wordpress\/\" class=\"btn btn-sm btn-primary\">Mehr Infos<\/a><\/span><\/p>\n","protected":false},"author":1,"featured_media":0,"parent":0,"menu_order":0,"comment_status":"closed","ping_status":"closed","template":"page-tpl-full.php","meta":{"footnotes":""},"class_list":["post-1058","page","type-page","status-publish","hentry"],"yoast_head":"<!-- This site is optimized with the Yoast SEO plugin v27.4 - https:\/\/yoast.com\/product\/yoast-seo-wordpress\/ -->\n<title>AMMON die Immobilien-Maklersoftware f\u00fcr Immobilienprofis - AMMON | Immobilienmaklersoftware<\/title>\n<meta name=\"description\" content=\"AMMON Immobilienmakler Software automatisiert Immobilien Portalanfragen Maklervertr\u00e4ge und schreibt Ihre Texte mit k\u00fcnstlicher Intelligenz.\" \/>\n<meta name=\"robots\" content=\"index, follow, max-snippet:-1, max-image-preview:large, max-video-preview:-1\" \/>\n<link rel=\"canonical\" href=\"https:\/\/www.moa-soft.de\/wordpress\/\" \/>\n<meta property=\"og:locale\" content=\"de_DE\" \/>\n<meta property=\"og:type\" content=\"article\" \/>\n<meta property=\"og:title\" content=\"AMMON die Immobilien-Maklersoftware f\u00fcr Immobilienprofis - AMMON | Immobilienmaklersoftware\" \/>\n<meta property=\"og:description\" content=\"AMMON Immobilienmakler Software automatisiert Immobilien Portalanfragen Maklervertr\u00e4ge und schreibt Ihre Texte mit k\u00fcnstlicher Intelligenz.\" \/>\n<meta property=\"og:url\" content=\"https:\/\/www.moa-soft.de\/wordpress\/\" \/>\n<meta property=\"og:site_name\" content=\"AMMON | Immobilienmaklersoftware\" \/>\n<meta property=\"article:publisher\" content=\"https:\/\/www.facebook.com\/immobilienmaklersoftware\" \/>\n<meta property=\"article:modified_time\" content=\"2025-12-22T17:20:37+00:00\" \/>\n<meta name=\"twitter:card\" content=\"summary_large_image\" \/>\n<meta name=\"twitter:label1\" content=\"Gesch\u00e4tzte Lesezeit\" \/>\n\t<meta name=\"twitter:data1\" content=\"5\u00a0Minuten\" \/>\n<script type=\"application\/ld+json\" class=\"yoast-schema-graph\">{\"@context\":\"https:\\\/\\\/schema.org\",\"@graph\":[{\"@type\":\"WebPage\",\"@id\":\"https:\\\/\\\/www.moa-soft.de\\\/wordpress\\\/\",\"url\":\"https:\\\/\\\/www.moa-soft.de\\\/wordpress\\\/\",\"name\":\"AMMON die Immobilien-Maklersoftware f\u00fcr Immobilienprofis - AMMON | Immobilienmaklersoftware\",\"isPartOf\":{\"@id\":\"https:\\\/\\\/www.moa-soft.de\\\/wordpress\\\/#website\"},\"datePublished\":\"2017-11-02T20:55:51+00:00\",\"dateModified\":\"2025-12-22T17:20:37+00:00\",\"description\":\"AMMON Immobilienmakler Software automatisiert Immobilien Portalanfragen Maklervertr\u00e4ge und schreibt Ihre Texte mit k\u00fcnstlicher Intelligenz.\",\"breadcrumb\":{\"@id\":\"https:\\\/\\\/www.moa-soft.de\\\/wordpress\\\/#breadcrumb\"},\"inLanguage\":\"de\",\"potentialAction\":[{\"@type\":\"ReadAction\",\"target\":[\"https:\\\/\\\/www.moa-soft.de\\\/wordpress\\\/\"]}]},{\"@type\":\"BreadcrumbList\",\"@id\":\"https:\\\/\\\/www.moa-soft.de\\\/wordpress\\\/#breadcrumb\",\"itemListElement\":[{\"@type\":\"ListItem\",\"position\":1,\"name\":\"Startseite\",\"item\":\"https:\\\/\\\/www.moa-soft.de\\\/wordpress\\\/\"},{\"@type\":\"ListItem\",\"position\":2,\"name\":\"AMMON die Immobilien-Maklersoftware f\u00fcr Immobilienprofis\"}]},{\"@type\":\"WebSite\",\"@id\":\"https:\\\/\\\/www.moa-soft.de\\\/wordpress\\\/#website\",\"url\":\"https:\\\/\\\/www.moa-soft.de\\\/wordpress\\\/\",\"name\":\"AMMON | Immobilienmaklersoftware\",\"description\":\"Immobilien- und Maklersoftware f\u00fcr Immobilienprofis\",\"publisher\":{\"@id\":\"https:\\\/\\\/www.moa-soft.de\\\/wordpress\\\/#organization\"},\"potentialAction\":[{\"@type\":\"SearchAction\",\"target\":{\"@type\":\"EntryPoint\",\"urlTemplate\":\"https:\\\/\\\/www.moa-soft.de\\\/wordpress\\\/?s={search_term_string}\"},\"query-input\":{\"@type\":\"PropertyValueSpecification\",\"valueRequired\":true,\"valueName\":\"search_term_string\"}}],\"inLanguage\":\"de\"},{\"@type\":\"Organization\",\"@id\":\"https:\\\/\\\/www.moa-soft.de\\\/wordpress\\\/#organization\",\"name\":\"AMMON Immobilienmakler Software\",\"url\":\"https:\\\/\\\/www.moa-soft.de\\\/wordpress\\\/\",\"logo\":{\"@type\":\"ImageObject\",\"inLanguage\":\"de\",\"@id\":\"https:\\\/\\\/www.moa-soft.de\\\/wordpress\\\/#\\\/schema\\\/logo\\\/image\\\/\",\"url\":\"https:\\\/\\\/www.moa-soft.de\\\/wordpress\\\/wp-content\\\/uploads\\\/2018\\\/01\\\/cropped-ammon_appicon512.png\",\"contentUrl\":\"https:\\\/\\\/www.moa-soft.de\\\/wordpress\\\/wp-content\\\/uploads\\\/2018\\\/01\\\/cropped-ammon_appicon512.png\",\"width\":512,\"height\":512,\"caption\":\"AMMON Immobilienmakler Software\"},\"image\":{\"@id\":\"https:\\\/\\\/www.moa-soft.de\\\/wordpress\\\/#\\\/schema\\\/logo\\\/image\\\/\"},\"sameAs\":[\"https:\\\/\\\/www.facebook.com\\\/immobilienmaklersoftware\"]}]}<\/script>\n<!-- \/ Yoast SEO plugin. -->","yoast_head_json":{"title":"AMMON die Immobilien-Maklersoftware f\u00fcr Immobilienprofis - AMMON | Immobilienmaklersoftware","description":"AMMON Immobilienmakler Software automatisiert Immobilien Portalanfragen Maklervertr\u00e4ge und schreibt Ihre Texte mit k\u00fcnstlicher Intelligenz.","robots":{"index":"index","follow":"follow","max-snippet":"max-snippet:-1","max-image-preview":"max-image-preview:large","max-video-preview":"max-video-preview:-1"},"canonical":"https:\/\/www.moa-soft.de\/wordpress\/","og_locale":"de_DE","og_type":"article","og_title":"AMMON die Immobilien-Maklersoftware f\u00fcr Immobilienprofis - AMMON | Immobilienmaklersoftware","og_description":"AMMON Immobilienmakler Software automatisiert Immobilien Portalanfragen Maklervertr\u00e4ge und schreibt Ihre Texte mit k\u00fcnstlicher Intelligenz.","og_url":"https:\/\/www.moa-soft.de\/wordpress\/","og_site_name":"AMMON | Immobilienmaklersoftware","article_publisher":"https:\/\/www.facebook.com\/immobilienmaklersoftware","article_modified_time":"2025-12-22T17:20:37+00:00","twitter_card":"summary_large_image","twitter_misc":{"Gesch\u00e4tzte Lesezeit":"5\u00a0Minuten"},"schema":{"@context":"https:\/\/schema.org","@graph":[{"@type":"WebPage","@id":"https:\/\/www.moa-soft.de\/wordpress\/","url":"https:\/\/www.moa-soft.de\/wordpress\/","name":"AMMON die Immobilien-Maklersoftware f\u00fcr Immobilienprofis - AMMON | Immobilienmaklersoftware","isPartOf":{"@id":"https:\/\/www.moa-soft.de\/wordpress\/#website"},"datePublished":"2017-11-02T20:55:51+00:00","dateModified":"2025-12-22T17:20:37+00:00","description":"AMMON Immobilienmakler Software automatisiert Immobilien Portalanfragen Maklervertr\u00e4ge und schreibt Ihre Texte mit k\u00fcnstlicher Intelligenz.","breadcrumb":{"@id":"https:\/\/www.moa-soft.de\/wordpress\/#breadcrumb"},"inLanguage":"de","potentialAction":[{"@type":"ReadAction","target":["https:\/\/www.moa-soft.de\/wordpress\/"]}]},{"@type":"BreadcrumbList","@id":"https:\/\/www.moa-soft.de\/wordpress\/#breadcrumb","itemListElement":[{"@type":"ListItem","position":1,"name":"Startseite","item":"https:\/\/www.moa-soft.de\/wordpress\/"},{"@type":"ListItem","position":2,"name":"AMMON die Immobilien-Maklersoftware f\u00fcr Immobilienprofis"}]},{"@type":"WebSite","@id":"https:\/\/www.moa-soft.de\/wordpress\/#website","url":"https:\/\/www.moa-soft.de\/wordpress\/","name":"AMMON | Immobilienmaklersoftware","description":"Immobilien- und Maklersoftware f\u00fcr Immobilienprofis","publisher":{"@id":"https:\/\/www.moa-soft.de\/wordpress\/#organization"},"potentialAction":[{"@type":"SearchAction","target":{"@type":"EntryPoint","urlTemplate":"https:\/\/www.moa-soft.de\/wordpress\/?s={search_term_string}"},"query-input":{"@type":"PropertyValueSpecification","valueRequired":true,"valueName":"search_term_string"}}],"inLanguage":"de"},{"@type":"Organization","@id":"https:\/\/www.moa-soft.de\/wordpress\/#organization","name":"AMMON Immobilienmakler Software","url":"https:\/\/www.moa-soft.de\/wordpress\/","logo":{"@type":"ImageObject","inLanguage":"de","@id":"https:\/\/www.moa-soft.de\/wordpress\/#\/schema\/logo\/image\/","url":"https:\/\/www.moa-soft.de\/wordpress\/wp-content\/uploads\/2018\/01\/cropped-ammon_appicon512.png","contentUrl":"https:\/\/www.moa-soft.de\/wordpress\/wp-content\/uploads\/2018\/01\/cropped-ammon_appicon512.png","width":512,"height":512,"caption":"AMMON Immobilienmakler Software"},"image":{"@id":"https:\/\/www.moa-soft.de\/wordpress\/#\/schema\/logo\/image\/"},"sameAs":["https:\/\/www.facebook.com\/immobilienmaklersoftware"]}]}},"_links":{"self":[{"href":"https:\/\/www.moa-soft.de\/wordpress\/wp-json\/wp\/v2\/pages\/1058","targetHints":{"allow":["GET"]}}],"collection":[{"href":"https:\/\/www.moa-soft.de\/wordpress\/wp-json\/wp\/v2\/pages"}],"about":[{"href":"https:\/\/www.moa-soft.de\/wordpress\/wp-json\/wp\/v2\/types\/page"}],"author":[{"embeddable":true,"href":"https:\/\/www.moa-soft.de\/wordpress\/wp-json\/wp\/v2\/users\/1"}],"replies":[{"embeddable":true,"href":"https:\/\/www.moa-soft.de\/wordpress\/wp-json\/wp\/v2\/comments?post=1058"}],"version-history":[{"count":273,"href":"https:\/\/www.moa-soft.de\/wordpress\/wp-json\/wp\/v2\/pages\/1058\/revisions"}],"predecessor-version":[{"id":4679,"href":"https:\/\/www.moa-soft.de\/wordpress\/wp-json\/wp\/v2\/pages\/1058\/revisions\/4679"}],"wp:attachment":[{"href":"https:\/\/www.moa-soft.de\/wordpress\/wp-json\/wp\/v2\/media?parent=1058"}],"curies":[{"name":"wp","href":"https:\/\/api.w.org\/{rel}","templated":true}]}}