{"id":1069,"date":"2017-11-02T22:16:19","date_gmt":"2017-11-02T21:16:19","guid":{"rendered":"http:\/\/www.moa-soft.de\/wordpress\/?page_id=1069"},"modified":"2021-02-09T23:20:22","modified_gmt":"2021-02-09T22:20:22","slug":"ammon-software","status":"publish","type":"page","link":"https:\/\/www.moa-soft.de\/wordpress\/ammon-software\/","title":{"rendered":"<i>A<\/i> wie ALLES. Au\u00dfer gew\u00f6hnlich&#8230; die Immobiliensoftware <i>A<\/i>MMON"},"content":{"rendered":"<div class=\"content-box\">\n<h4><span style=\"color: #002395;\">UNSERE IMMOBILIENSOFTWARE<\/span><\/h4>\n<h4 class=\"text-secondary fw-n ammonblue\"><span style=\"color: #002395;\">Mit <i>A<\/i>MMON haben Sie eine vollst\u00e4ndige Immobiliensoftware f\u00fcr ALLES.<\/span><\/h4>\n<h4><i>A<\/i>MMON ist eine leistungstarke Offline Immobilienmakler-Software, die mit allen MS Windows &#8211; Versionen zusammenarbeitet, einschlie\u00dflich Windows 10 und Office 2016. <i>A<\/i>MMON ist zudem auf Mac \/ OS X mit VMware oder Parallels ausf\u00fchrbar.<\/h4>\n<h4><i>A<\/i>MMON kann VIEL mehr als jede Online-Software und f\u00f6rdert daher nicht nur zeitsparend, sondern nachhaltig Ihren Erfolg.<\/h4>\n<h4 class=\"text-secondary fw-n ammonblue\">Unsere <em>A<\/em>MMON Immobilienmakler-Software ist so individuell wie Sie:<\/h4>\n<h4 class=\"text-secondary fw-n ammonblue\">Offline, Online, Cloud, mobile Endger\u00e4te &#8211; setzen Sie <i>A<\/i>MMON nach Ihrem unternehmerischen Bedarf solo oder kombiniert ein. Ob als feste Basis im B\u00fcro, online \u00fcber Terminal-Server und mobil als iPhone-App und iPad-L\u00f6sung f\u00fcr unterwegs.<\/h4>\n<p>&nbsp;<\/p>\n<h4><\/h4>\n<h4><span style=\"color: #00b0ad;\">Schon gewusst?<\/span><\/h4>\n<h4><span style=\"color: #00b0ad;\"> Wir haben die ganze Vielfalt an Funktionen, die ein Makler braucht, um sich auf das Verkaufen konzentieren zu k\u00f6nnen:<\/span><\/h4>\n<h5>\u2714 Individualisierbare Software, die sich Ihren Anforderungen anpasst |<\/h5>\n<h5>\u2714 Immobilien und Personen-CRM: Vollst\u00e4ndige Erfassung Ihrer Kontakte und Immobilien mit Verkn\u00fcpfungen und aufrufbar per Doppelklick |<\/h5>\n<h5>\u2714 Automatisches Einlesen von E-Mails, Kundenanfragen und Telefaxen |<\/h5>\n<h5>\u2714 Anfragen-Autoresponder | \u2714 Automatischer Expos\u00e9-Versand | \u2714 Digitale Selektionen |<\/h5>\n<h5>\u2714 Vollst\u00e4ndige Kommunikationshistorie: Automatische Nachweisf\u00fchrung bei Kontakten und Immobilien mit Anlagen |<\/h5>\n<h5>\u2714 Integration Ihrer Telefonanlage mit automatischer Nachweisf\u00fchrung f\u00fcr ein- und ausgehende Telefonate. |<\/h5>\n<h5>\u2714 Schnelle Selektionen in Sekunden auch bei sehr gro\u00dfen Immobilienbest\u00e4nden |<\/h5>\n<h5>\u2714 Aktuell im Blick auf Gesetze und Vorschriften wie z.B. Widerrufsbelehrung, ImmoWertV, NHK 2010, EnEV, BDSG, DSGVO |<\/h5>\n<h5>\u2714 Inklusive Objekttracking und Anbieterreporting per Mausklick |<\/h5>\n<h5>\u2714 Workflowmanagement ohne Aufpreis | \u2714 Wiedervorlage und Terminverwaltung \u2013 direkter Abgleich mit Outlook, Google und iCloud m\u00f6glich |<\/h5>\n<h5>\u2714 Mobiles Maklerb\u00fcro f\u00fcr unterwegs: Die <em>A<\/em>MMON App f\u00fcr das iPhone &amp; iPad im <a class=\"text\" href=\"https:\/\/itunes.apple.com\/de\/app\/ammon-immobilienmakler-software\/id582244597?mt=8\" target=\"_blank\" rel=\"noopener\">Apple App-Store<\/a>\u00a0 |<\/h5>\n<h5>\u2714 <em>A<\/em>MMON unterst\u00fctzt alle Microsoft Windows und Office Versionen | \u2714 Briefe, Expos\u00e9s, Vorlagen mit MS Word, Publisher, Powerpoint und open\/libre Office |<\/h5>\n<h5>\u2714 Versand per Mausklick von Dokumenten, Offerten und Expos\u00e9s als pers\u00f6nlicher Serienbrief und E-Mail mit pers\u00f6nlicher Anrede |<\/h5>\n<h5>\u2714 Manager f\u00fcr das Widerrufsrecht |<\/h5>\n<h5>\u2714 Vergleichs- und Ertrags- und Sachwertermittlung \u2013 nach NHK 2010 \u2013 | \u2714 Finanzierungsrechner |<\/h5>\n<h5>\u2714 Unterst\u00fctzung von Projekten: Ideal f\u00fcr Projektentwickler und Bautr\u00e4ger. |<\/h5>\n<h5>\u2714 Integriertes Dokumentenmanagement und Bildverwaltung |<\/h5>\n<h5>\u2714 Sofortige Ver\u00f6ffentlichung per Mausklick: Schnittstellen zu ImmobilienScout24, IVD, Immonet, Immopool, Immowelt, ebay Kleinanzeigen, Kalaydo und 100 weiteren deutschen Immobilienportalen |<\/h5>\n<h5>\u2714 Inklusive openImmo 1.2.7 und ImmobilienScout24 REST-API Schnittstelle |<\/h5>\n<h5>\u2714 Posten Sie Ihre Immobilien mit <em>A<\/em>MMON auf Twitter und facebook. |<\/h5>\n<h5>\u00a0\u2714 Akquisetool: Inklusive Datenbank-Schnittstelle zum Marktdatenportal immo-info.de. |<\/h5>\n<h5>\u2714 Netzwerkversion f\u00fcr Ihren Server (Windows, Linux, NAS, mac OS-X) |<\/h5>\n<h5>\u2714 Optional k\u00f6nnen Sie <em>A<\/em>MMON auch online nutzen: Wir sorgen f\u00fcr Ihren Terminal- Server inkl. Pflege. |<\/h5>\n<h5>\u2714 Umzugsservice: Daten\u00fcbernahme aus Ihrer bestehenden Datenbank\/Software\/Tabellen m\u00f6glich. |<\/h5>\n<\/div>\n","protected":false},"excerpt":{"rendered":"<p>UNSERE IMMOBILIENSOFTWARE Mit AMMON haben Sie eine vollst\u00e4ndige Immobiliensoftware f\u00fcr ALLES. AMMON ist eine leistungstarke Offline Immobilienmakler-Software, die mit allen MS Windows &#8211; Versionen zusammenarbeitet, einschlie\u00dflich Windows 10 und Office 2016. AMMON ist zudem auf Mac \/ OS X mit VMware oder Parallels ausf\u00fchrbar. AMMON kann VIEL mehr als jede Online-Software und f\u00f6rdert daher nicht <span class=\"moretag\"><a href=\"https:\/\/www.moa-soft.de\/wordpress\/ammon-software\/\" class=\"btn btn-sm btn-primary\">Mehr Infos<\/a><\/span><\/p>\n","protected":false},"author":1,"featured_media":0,"parent":0,"menu_order":0,"comment_status":"closed","ping_status":"closed","template":"","meta":{"footnotes":""},"class_list":["post-1069","page","type-page","status-publish","hentry"],"yoast_head":"<!-- This site is optimized with the Yoast SEO plugin v27.5 - https:\/\/yoast.com\/product\/yoast-seo-wordpress\/ -->\n<title>A wie ALLES. Au\u00dfer gew\u00f6hnlich... die Immobiliensoftware AMMON - AMMON | Immobilienmaklersoftware<\/title>\n<meta name=\"robots\" content=\"index, follow, max-snippet:-1, max-image-preview:large, max-video-preview:-1\" \/>\n<link rel=\"canonical\" href=\"https:\/\/www.moa-soft.de\/wordpress\/ammon-software\/\" \/>\n<meta property=\"og:locale\" content=\"de_DE\" \/>\n<meta property=\"og:type\" content=\"article\" \/>\n<meta property=\"og:title\" content=\"A wie ALLES. Au\u00dfer gew\u00f6hnlich... die Immobiliensoftware AMMON - AMMON | Immobilienmaklersoftware\" \/>\n<meta property=\"og:description\" content=\"UNSERE IMMOBILIENSOFTWARE Mit AMMON haben Sie eine vollst\u00e4ndige Immobiliensoftware f\u00fcr ALLES. AMMON ist eine leistungstarke Offline Immobilienmakler-Software, die mit allen MS Windows &#8211; Versionen zusammenarbeitet, einschlie\u00dflich Windows 10 und Office 2016. AMMON ist zudem auf Mac \/ OS X mit VMware oder Parallels ausf\u00fchrbar. AMMON kann VIEL mehr als jede Online-Software und f\u00f6rdert daher nicht Mehr Infos\" \/>\n<meta property=\"og:url\" content=\"https:\/\/www.moa-soft.de\/wordpress\/ammon-software\/\" \/>\n<meta property=\"og:site_name\" content=\"AMMON | Immobilienmaklersoftware\" \/>\n<meta property=\"article:publisher\" content=\"https:\/\/www.facebook.com\/immobilienmaklersoftware\" \/>\n<meta property=\"article:modified_time\" content=\"2021-02-09T22:20:22+00:00\" \/>\n<meta name=\"twitter:card\" content=\"summary_large_image\" \/>\n<meta name=\"twitter:label1\" content=\"Gesch\u00e4tzte Lesezeit\" \/>\n\t<meta name=\"twitter:data1\" content=\"2\u00a0Minuten\" \/>\n<script type=\"application\/ld+json\" class=\"yoast-schema-graph\">{\"@context\":\"https:\\\/\\\/schema.org\",\"@graph\":[{\"@type\":\"WebPage\",\"@id\":\"https:\\\/\\\/www.moa-soft.de\\\/wordpress\\\/ammon-software\\\/\",\"url\":\"https:\\\/\\\/www.moa-soft.de\\\/wordpress\\\/ammon-software\\\/\",\"name\":\"A wie ALLES. Au\u00dfer gew\u00f6hnlich... die Immobiliensoftware AMMON - AMMON | Immobilienmaklersoftware\",\"isPartOf\":{\"@id\":\"https:\\\/\\\/www.moa-soft.de\\\/wordpress\\\/#website\"},\"datePublished\":\"2017-11-02T21:16:19+00:00\",\"dateModified\":\"2021-02-09T22:20:22+00:00\",\"breadcrumb\":{\"@id\":\"https:\\\/\\\/www.moa-soft.de\\\/wordpress\\\/ammon-software\\\/#breadcrumb\"},\"inLanguage\":\"de\",\"potentialAction\":[{\"@type\":\"ReadAction\",\"target\":[\"https:\\\/\\\/www.moa-soft.de\\\/wordpress\\\/ammon-software\\\/\"]}]},{\"@type\":\"BreadcrumbList\",\"@id\":\"https:\\\/\\\/www.moa-soft.de\\\/wordpress\\\/ammon-software\\\/#breadcrumb\",\"itemListElement\":[{\"@type\":\"ListItem\",\"position\":1,\"name\":\"Startseite\",\"item\":\"https:\\\/\\\/www.moa-soft.de\\\/wordpress\\\/\"},{\"@type\":\"ListItem\",\"position\":2,\"name\":\"A wie ALLES. Au\u00dfer gew\u00f6hnlich&#8230; die Immobiliensoftware AMMON\"}]},{\"@type\":\"WebSite\",\"@id\":\"https:\\\/\\\/www.moa-soft.de\\\/wordpress\\\/#website\",\"url\":\"https:\\\/\\\/www.moa-soft.de\\\/wordpress\\\/\",\"name\":\"AMMON | Immobilienmaklersoftware\",\"description\":\"Immobilien- und Maklersoftware f\u00fcr Immobilienprofis\",\"publisher\":{\"@id\":\"https:\\\/\\\/www.moa-soft.de\\\/wordpress\\\/#organization\"},\"potentialAction\":[{\"@type\":\"SearchAction\",\"target\":{\"@type\":\"EntryPoint\",\"urlTemplate\":\"https:\\\/\\\/www.moa-soft.de\\\/wordpress\\\/?s={search_term_string}\"},\"query-input\":{\"@type\":\"PropertyValueSpecification\",\"valueRequired\":true,\"valueName\":\"search_term_string\"}}],\"inLanguage\":\"de\"},{\"@type\":\"Organization\",\"@id\":\"https:\\\/\\\/www.moa-soft.de\\\/wordpress\\\/#organization\",\"name\":\"AMMON Immobilienmakler Software\",\"url\":\"https:\\\/\\\/www.moa-soft.de\\\/wordpress\\\/\",\"logo\":{\"@type\":\"ImageObject\",\"inLanguage\":\"de\",\"@id\":\"https:\\\/\\\/www.moa-soft.de\\\/wordpress\\\/#\\\/schema\\\/logo\\\/image\\\/\",\"url\":\"https:\\\/\\\/www.moa-soft.de\\\/wordpress\\\/wp-content\\\/uploads\\\/2018\\\/01\\\/cropped-ammon_appicon512.png\",\"contentUrl\":\"https:\\\/\\\/www.moa-soft.de\\\/wordpress\\\/wp-content\\\/uploads\\\/2018\\\/01\\\/cropped-ammon_appicon512.png\",\"width\":512,\"height\":512,\"caption\":\"AMMON Immobilienmakler Software\"},\"image\":{\"@id\":\"https:\\\/\\\/www.moa-soft.de\\\/wordpress\\\/#\\\/schema\\\/logo\\\/image\\\/\"},\"sameAs\":[\"https:\\\/\\\/www.facebook.com\\\/immobilienmaklersoftware\"]}]}<\/script>\n<!-- \/ Yoast SEO plugin. -->","yoast_head_json":{"title":"A wie ALLES. Au\u00dfer gew\u00f6hnlich... die Immobiliensoftware AMMON - AMMON | Immobilienmaklersoftware","robots":{"index":"index","follow":"follow","max-snippet":"max-snippet:-1","max-image-preview":"max-image-preview:large","max-video-preview":"max-video-preview:-1"},"canonical":"https:\/\/www.moa-soft.de\/wordpress\/ammon-software\/","og_locale":"de_DE","og_type":"article","og_title":"A wie ALLES. Au\u00dfer gew\u00f6hnlich... die Immobiliensoftware AMMON - AMMON | Immobilienmaklersoftware","og_description":"UNSERE IMMOBILIENSOFTWARE Mit AMMON haben Sie eine vollst\u00e4ndige Immobiliensoftware f\u00fcr ALLES. AMMON ist eine leistungstarke Offline Immobilienmakler-Software, die mit allen MS Windows &#8211; Versionen zusammenarbeitet, einschlie\u00dflich Windows 10 und Office 2016. AMMON ist zudem auf Mac \/ OS X mit VMware oder Parallels ausf\u00fchrbar. AMMON kann VIEL mehr als jede Online-Software und f\u00f6rdert daher nicht Mehr Infos","og_url":"https:\/\/www.moa-soft.de\/wordpress\/ammon-software\/","og_site_name":"AMMON | Immobilienmaklersoftware","article_publisher":"https:\/\/www.facebook.com\/immobilienmaklersoftware","article_modified_time":"2021-02-09T22:20:22+00:00","twitter_card":"summary_large_image","twitter_misc":{"Gesch\u00e4tzte Lesezeit":"2\u00a0Minuten"},"schema":{"@context":"https:\/\/schema.org","@graph":[{"@type":"WebPage","@id":"https:\/\/www.moa-soft.de\/wordpress\/ammon-software\/","url":"https:\/\/www.moa-soft.de\/wordpress\/ammon-software\/","name":"A wie ALLES. Au\u00dfer gew\u00f6hnlich... die Immobiliensoftware AMMON - AMMON | Immobilienmaklersoftware","isPartOf":{"@id":"https:\/\/www.moa-soft.de\/wordpress\/#website"},"datePublished":"2017-11-02T21:16:19+00:00","dateModified":"2021-02-09T22:20:22+00:00","breadcrumb":{"@id":"https:\/\/www.moa-soft.de\/wordpress\/ammon-software\/#breadcrumb"},"inLanguage":"de","potentialAction":[{"@type":"ReadAction","target":["https:\/\/www.moa-soft.de\/wordpress\/ammon-software\/"]}]},{"@type":"BreadcrumbList","@id":"https:\/\/www.moa-soft.de\/wordpress\/ammon-software\/#breadcrumb","itemListElement":[{"@type":"ListItem","position":1,"name":"Startseite","item":"https:\/\/www.moa-soft.de\/wordpress\/"},{"@type":"ListItem","position":2,"name":"A wie ALLES. Au\u00dfer gew\u00f6hnlich&#8230; die Immobiliensoftware AMMON"}]},{"@type":"WebSite","@id":"https:\/\/www.moa-soft.de\/wordpress\/#website","url":"https:\/\/www.moa-soft.de\/wordpress\/","name":"AMMON | Immobilienmaklersoftware","description":"Immobilien- und Maklersoftware f\u00fcr Immobilienprofis","publisher":{"@id":"https:\/\/www.moa-soft.de\/wordpress\/#organization"},"potentialAction":[{"@type":"SearchAction","target":{"@type":"EntryPoint","urlTemplate":"https:\/\/www.moa-soft.de\/wordpress\/?s={search_term_string}"},"query-input":{"@type":"PropertyValueSpecification","valueRequired":true,"valueName":"search_term_string"}}],"inLanguage":"de"},{"@type":"Organization","@id":"https:\/\/www.moa-soft.de\/wordpress\/#organization","name":"AMMON Immobilienmakler Software","url":"https:\/\/www.moa-soft.de\/wordpress\/","logo":{"@type":"ImageObject","inLanguage":"de","@id":"https:\/\/www.moa-soft.de\/wordpress\/#\/schema\/logo\/image\/","url":"https:\/\/www.moa-soft.de\/wordpress\/wp-content\/uploads\/2018\/01\/cropped-ammon_appicon512.png","contentUrl":"https:\/\/www.moa-soft.de\/wordpress\/wp-content\/uploads\/2018\/01\/cropped-ammon_appicon512.png","width":512,"height":512,"caption":"AMMON Immobilienmakler Software"},"image":{"@id":"https:\/\/www.moa-soft.de\/wordpress\/#\/schema\/logo\/image\/"},"sameAs":["https:\/\/www.facebook.com\/immobilienmaklersoftware"]}]}},"_links":{"self":[{"href":"https:\/\/www.moa-soft.de\/wordpress\/wp-json\/wp\/v2\/pages\/1069","targetHints":{"allow":["GET"]}}],"collection":[{"href":"https:\/\/www.moa-soft.de\/wordpress\/wp-json\/wp\/v2\/pages"}],"about":[{"href":"https:\/\/www.moa-soft.de\/wordpress\/wp-json\/wp\/v2\/types\/page"}],"author":[{"embeddable":true,"href":"https:\/\/www.moa-soft.de\/wordpress\/wp-json\/wp\/v2\/users\/1"}],"replies":[{"embeddable":true,"href":"https:\/\/www.moa-soft.de\/wordpress\/wp-json\/wp\/v2\/comments?post=1069"}],"version-history":[{"count":65,"href":"https:\/\/www.moa-soft.de\/wordpress\/wp-json\/wp\/v2\/pages\/1069\/revisions"}],"predecessor-version":[{"id":3635,"href":"https:\/\/www.moa-soft.de\/wordpress\/wp-json\/wp\/v2\/pages\/1069\/revisions\/3635"}],"wp:attachment":[{"href":"https:\/\/www.moa-soft.de\/wordpress\/wp-json\/wp\/v2\/media?parent=1069"}],"curies":[{"name":"wp","href":"https:\/\/api.w.org\/{rel}","templated":true}]}}