{"id":1075,"date":"2017-11-02T22:22:04","date_gmt":"2017-11-02T21:22:04","guid":{"rendered":"http:\/\/www.moa-soft.de\/wordpress\/?page_id=1075"},"modified":"2021-02-09T23:32:38","modified_gmt":"2021-02-09T22:32:38","slug":"ammon-service","status":"publish","type":"page","link":"https:\/\/www.moa-soft.de\/wordpress\/ammon-software\/ammon-service\/","title":{"rendered":"Welchen Umfang hat unser Kundenservice?"},"content":{"rendered":"<h4><span style=\"color: #002395;\">KUNDENSERVICE<\/span><\/h4>\n<h4><span class=\"st\"><span style=\"color: #00b0ad;\"><span style=\"color: #002395;\">Mit unserer Unterst\u00fctzung<\/span> <\/span><\/span><\/h4>\n<h4><span class=\"st\"><span style=\"color: #00b0ad;\">.<span style=\"color: #002395;\">.. k\u00f6nnen Sie sicher sein, dass Ihre <em>A<\/em>MMON Immobiliensoftware immer die maximale Leistung erbringt. <\/span><\/span><\/span><span class=\"st\" style=\"color: #002395;\">Sie k\u00f6nnen das Potenzial Ihrer neuen und vorhandenen <em>A<\/em>MMON Immobiliensoftware optimal durch unseren vielf\u00e4ltigen Kundenservice aussch\u00f6pfen.<\/span><\/h4>\n<h4>\u00a0<span style=\"color: #000000;\">Art und der Umfang unseres Kundenservice:<\/span><\/h4>\n<p>&nbsp;<\/p>\n<h4><span style=\"color: #00b0ad;\">Support-Service<\/span><\/h4>\n<ul>\n<li>\n<h5>Kostenloser telefonischer Support<\/h5>\n<\/li>\n<li>\n<h5>Anfragen 24\/7 und kostenloser E-Mail-Support \u00fcber <a href=\"mailto:support@moa-soft.de\">support@moa-soft.de<\/a><\/h5>\n<\/li>\n<li>\n<h5>Kostenloser Support aus dem <em>A<\/em>MMON Programm heraus<\/h5>\n<\/li>\n<li>\n<h5>Schnelle Reaktionen und zuverl\u00e4ssige L\u00f6sungen mit R\u00fcckruf<\/h5>\n<\/li>\n<li>\n<h5>Vereinbaren von festen, planbaren Terminen inklusive<\/h5>\n<\/li>\n<li>\n<h5>Kostenlose Fernwartung<\/h5>\n<\/li>\n<li>\n<h5>Onlinehilfen, die st\u00e4ndig mit Neuheiten aktualisiert werden<\/h5>\n<\/li>\n<\/ul>\n<p>&nbsp;<\/p>\n<h4><span style=\"color: #000000;\">\u00a0<span style=\"color: #00b0ad;\">Technischer Service<\/span><\/span><\/h4>\n<ul>\n<li>\n<h5>Kostenlose technische Programmbetreuung<\/h5>\n<\/li>\n<li>\n<h5>Kostenloser Installationsservice<\/h5>\n<\/li>\n<li>\n<h5>Kostenlose Updates und Releases<\/h5>\n<\/li>\n<li>\n<h5>Kostenlose Einrichtung von Portalschnittstellen<\/h5>\n<\/li>\n<li>\n<h5>Kostenlose Einrichtung unserer individuellen Programmdefinitionen<\/h5>\n<\/li>\n<li>\n<h5>Hosting Ihres Terminal- bzw. Cloud-Servers<\/h5>\n<\/li>\n<li>\n<h5><em>A<\/em>MMON Maklerhomepage mit Immobilien-Modul<\/h5>\n<\/li>\n<\/ul>\n<p>&nbsp;<\/p>\n<h4><span style=\"color: #00b0ad;\">Unternehmensspezifischer Service<\/span><\/h4>\n<ul>\n<li>\n<h5>\u00dcbernahmen von Daten mit wichtigen Details aus bestehender Datenbank \/ Software \/ Tabellen<\/h5>\n<\/li>\n<li>\n<h5>Individuelle Gestaltung von Gesch\u00e4ftsvorlagen (Gesch\u00e4ftsbrief, HTML-Mails, Expos\u00e9s, Newsletter) mit Serienfunktion<\/h5>\n<\/li>\n<li>\n<h5>Integration von Automatisierungsfunktionen f\u00fcr MS Word, Publisher und PowerPoint<\/h5>\n<\/li>\n<li>\n<h5>Inhouse-Schulungen sowie externe Seminare<\/h5>\n<\/li>\n<li>\n<h5>Entwicklung von unternehmensspezifischen Zusatzmodulen<\/h5>\n<\/li>\n<li>\n<h5>Pers\u00f6nliche Prozessbegleitung<\/h5>\n<\/li>\n<\/ul>\n<p>&nbsp;<\/p>\n<h4><span style=\"color: #002395;\">Und dar\u00fcber hinaus?<br \/>\nAuch begleiten wir Sie gerne bei jedem Schritt zu Ihrer digitalen Transformation mit <em>A<\/em>MMON.<\/span><\/h4>\n","protected":false},"excerpt":{"rendered":"<p>KUNDENSERVICE Mit unserer Unterst\u00fctzung &#8230; k\u00f6nnen Sie sicher sein, dass Ihre AMMON Immobiliensoftware immer die maximale Leistung erbringt. Sie k\u00f6nnen das Potenzial Ihrer neuen und vorhandenen AMMON Immobiliensoftware optimal durch unseren vielf\u00e4ltigen Kundenservice aussch\u00f6pfen. \u00a0Art und der Umfang unseres Kundenservice: &nbsp; Support-Service Kostenloser telefonischer Support Anfragen 24\/7 und kostenloser E-Mail-Support \u00fcber support@moa-soft.de Kostenloser Support aus <span class=\"moretag\"><a href=\"https:\/\/www.moa-soft.de\/wordpress\/ammon-software\/ammon-service\/\" class=\"btn btn-sm btn-primary\">Mehr Infos<\/a><\/span><\/p>\n","protected":false},"author":1,"featured_media":0,"parent":1069,"menu_order":0,"comment_status":"closed","ping_status":"closed","template":"","meta":{"footnotes":""},"class_list":["post-1075","page","type-page","status-publish","hentry"],"yoast_head":"<!-- This site is optimized with the Yoast SEO plugin v27.5 - https:\/\/yoast.com\/product\/yoast-seo-wordpress\/ -->\n<title>Welchen Umfang hat unser Kundenservice? - AMMON | Immobilienmaklersoftware<\/title>\n<meta name=\"robots\" content=\"index, follow, max-snippet:-1, max-image-preview:large, max-video-preview:-1\" \/>\n<link rel=\"canonical\" href=\"https:\/\/www.moa-soft.de\/wordpress\/ammon-software\/ammon-service\/\" \/>\n<meta property=\"og:locale\" content=\"de_DE\" \/>\n<meta property=\"og:type\" content=\"article\" \/>\n<meta property=\"og:title\" content=\"Welchen Umfang hat unser Kundenservice? - AMMON | Immobilienmaklersoftware\" \/>\n<meta property=\"og:description\" content=\"KUNDENSERVICE Mit unserer Unterst\u00fctzung ... k\u00f6nnen Sie sicher sein, dass Ihre AMMON Immobiliensoftware immer die maximale Leistung erbringt. Sie k\u00f6nnen das Potenzial Ihrer neuen und vorhandenen AMMON Immobiliensoftware optimal durch unseren vielf\u00e4ltigen Kundenservice aussch\u00f6pfen. \u00a0Art und der Umfang unseres Kundenservice: &nbsp; Support-Service Kostenloser telefonischer Support Anfragen 24\/7 und kostenloser E-Mail-Support \u00fcber support@moa-soft.de Kostenloser Support aus Mehr Infos\" \/>\n<meta property=\"og:url\" content=\"https:\/\/www.moa-soft.de\/wordpress\/ammon-software\/ammon-service\/\" \/>\n<meta property=\"og:site_name\" content=\"AMMON | Immobilienmaklersoftware\" \/>\n<meta property=\"article:publisher\" content=\"https:\/\/www.facebook.com\/immobilienmaklersoftware\" \/>\n<meta property=\"article:modified_time\" content=\"2021-02-09T22:32:38+00:00\" \/>\n<meta name=\"twitter:card\" content=\"summary_large_image\" \/>\n<meta name=\"twitter:label1\" content=\"Gesch\u00e4tzte Lesezeit\" \/>\n\t<meta name=\"twitter:data1\" content=\"1\u00a0Minute\" \/>\n<script type=\"application\/ld+json\" class=\"yoast-schema-graph\">{\"@context\":\"https:\\\/\\\/schema.org\",\"@graph\":[{\"@type\":\"WebPage\",\"@id\":\"https:\\\/\\\/www.moa-soft.de\\\/wordpress\\\/ammon-software\\\/ammon-service\\\/\",\"url\":\"https:\\\/\\\/www.moa-soft.de\\\/wordpress\\\/ammon-software\\\/ammon-service\\\/\",\"name\":\"Welchen Umfang hat unser Kundenservice? - AMMON | Immobilienmaklersoftware\",\"isPartOf\":{\"@id\":\"https:\\\/\\\/www.moa-soft.de\\\/wordpress\\\/#website\"},\"datePublished\":\"2017-11-02T21:22:04+00:00\",\"dateModified\":\"2021-02-09T22:32:38+00:00\",\"breadcrumb\":{\"@id\":\"https:\\\/\\\/www.moa-soft.de\\\/wordpress\\\/ammon-software\\\/ammon-service\\\/#breadcrumb\"},\"inLanguage\":\"de\",\"potentialAction\":[{\"@type\":\"ReadAction\",\"target\":[\"https:\\\/\\\/www.moa-soft.de\\\/wordpress\\\/ammon-software\\\/ammon-service\\\/\"]}]},{\"@type\":\"BreadcrumbList\",\"@id\":\"https:\\\/\\\/www.moa-soft.de\\\/wordpress\\\/ammon-software\\\/ammon-service\\\/#breadcrumb\",\"itemListElement\":[{\"@type\":\"ListItem\",\"position\":1,\"name\":\"Startseite\",\"item\":\"https:\\\/\\\/www.moa-soft.de\\\/wordpress\\\/\"},{\"@type\":\"ListItem\",\"position\":2,\"name\":\"A wie ALLES. Au\u00dfer gew\u00f6hnlich&#8230; die Immobiliensoftware AMMON\",\"item\":\"https:\\\/\\\/www.moa-soft.de\\\/wordpress\\\/ammon-software\\\/\"},{\"@type\":\"ListItem\",\"position\":3,\"name\":\"Welchen Umfang hat unser Kundenservice?\"}]},{\"@type\":\"WebSite\",\"@id\":\"https:\\\/\\\/www.moa-soft.de\\\/wordpress\\\/#website\",\"url\":\"https:\\\/\\\/www.moa-soft.de\\\/wordpress\\\/\",\"name\":\"AMMON | Immobilienmaklersoftware\",\"description\":\"Immobilien- und Maklersoftware f\u00fcr Immobilienprofis\",\"publisher\":{\"@id\":\"https:\\\/\\\/www.moa-soft.de\\\/wordpress\\\/#organization\"},\"potentialAction\":[{\"@type\":\"SearchAction\",\"target\":{\"@type\":\"EntryPoint\",\"urlTemplate\":\"https:\\\/\\\/www.moa-soft.de\\\/wordpress\\\/?s={search_term_string}\"},\"query-input\":{\"@type\":\"PropertyValueSpecification\",\"valueRequired\":true,\"valueName\":\"search_term_string\"}}],\"inLanguage\":\"de\"},{\"@type\":\"Organization\",\"@id\":\"https:\\\/\\\/www.moa-soft.de\\\/wordpress\\\/#organization\",\"name\":\"AMMON Immobilienmakler Software\",\"url\":\"https:\\\/\\\/www.moa-soft.de\\\/wordpress\\\/\",\"logo\":{\"@type\":\"ImageObject\",\"inLanguage\":\"de\",\"@id\":\"https:\\\/\\\/www.moa-soft.de\\\/wordpress\\\/#\\\/schema\\\/logo\\\/image\\\/\",\"url\":\"https:\\\/\\\/www.moa-soft.de\\\/wordpress\\\/wp-content\\\/uploads\\\/2018\\\/01\\\/cropped-ammon_appicon512.png\",\"contentUrl\":\"https:\\\/\\\/www.moa-soft.de\\\/wordpress\\\/wp-content\\\/uploads\\\/2018\\\/01\\\/cropped-ammon_appicon512.png\",\"width\":512,\"height\":512,\"caption\":\"AMMON Immobilienmakler Software\"},\"image\":{\"@id\":\"https:\\\/\\\/www.moa-soft.de\\\/wordpress\\\/#\\\/schema\\\/logo\\\/image\\\/\"},\"sameAs\":[\"https:\\\/\\\/www.facebook.com\\\/immobilienmaklersoftware\"]}]}<\/script>\n<!-- \/ Yoast SEO plugin. -->","yoast_head_json":{"title":"Welchen Umfang hat unser Kundenservice? - AMMON | Immobilienmaklersoftware","robots":{"index":"index","follow":"follow","max-snippet":"max-snippet:-1","max-image-preview":"max-image-preview:large","max-video-preview":"max-video-preview:-1"},"canonical":"https:\/\/www.moa-soft.de\/wordpress\/ammon-software\/ammon-service\/","og_locale":"de_DE","og_type":"article","og_title":"Welchen Umfang hat unser Kundenservice? - AMMON | Immobilienmaklersoftware","og_description":"KUNDENSERVICE Mit unserer Unterst\u00fctzung ... k\u00f6nnen Sie sicher sein, dass Ihre AMMON Immobiliensoftware immer die maximale Leistung erbringt. Sie k\u00f6nnen das Potenzial Ihrer neuen und vorhandenen AMMON Immobiliensoftware optimal durch unseren vielf\u00e4ltigen Kundenservice aussch\u00f6pfen. \u00a0Art und der Umfang unseres Kundenservice: &nbsp; Support-Service Kostenloser telefonischer Support Anfragen 24\/7 und kostenloser E-Mail-Support \u00fcber support@moa-soft.de Kostenloser Support aus Mehr Infos","og_url":"https:\/\/www.moa-soft.de\/wordpress\/ammon-software\/ammon-service\/","og_site_name":"AMMON | Immobilienmaklersoftware","article_publisher":"https:\/\/www.facebook.com\/immobilienmaklersoftware","article_modified_time":"2021-02-09T22:32:38+00:00","twitter_card":"summary_large_image","twitter_misc":{"Gesch\u00e4tzte Lesezeit":"1\u00a0Minute"},"schema":{"@context":"https:\/\/schema.org","@graph":[{"@type":"WebPage","@id":"https:\/\/www.moa-soft.de\/wordpress\/ammon-software\/ammon-service\/","url":"https:\/\/www.moa-soft.de\/wordpress\/ammon-software\/ammon-service\/","name":"Welchen Umfang hat unser Kundenservice? - AMMON | Immobilienmaklersoftware","isPartOf":{"@id":"https:\/\/www.moa-soft.de\/wordpress\/#website"},"datePublished":"2017-11-02T21:22:04+00:00","dateModified":"2021-02-09T22:32:38+00:00","breadcrumb":{"@id":"https:\/\/www.moa-soft.de\/wordpress\/ammon-software\/ammon-service\/#breadcrumb"},"inLanguage":"de","potentialAction":[{"@type":"ReadAction","target":["https:\/\/www.moa-soft.de\/wordpress\/ammon-software\/ammon-service\/"]}]},{"@type":"BreadcrumbList","@id":"https:\/\/www.moa-soft.de\/wordpress\/ammon-software\/ammon-service\/#breadcrumb","itemListElement":[{"@type":"ListItem","position":1,"name":"Startseite","item":"https:\/\/www.moa-soft.de\/wordpress\/"},{"@type":"ListItem","position":2,"name":"A wie ALLES. Au\u00dfer gew\u00f6hnlich&#8230; die Immobiliensoftware AMMON","item":"https:\/\/www.moa-soft.de\/wordpress\/ammon-software\/"},{"@type":"ListItem","position":3,"name":"Welchen Umfang hat unser Kundenservice?"}]},{"@type":"WebSite","@id":"https:\/\/www.moa-soft.de\/wordpress\/#website","url":"https:\/\/www.moa-soft.de\/wordpress\/","name":"AMMON | Immobilienmaklersoftware","description":"Immobilien- und Maklersoftware f\u00fcr Immobilienprofis","publisher":{"@id":"https:\/\/www.moa-soft.de\/wordpress\/#organization"},"potentialAction":[{"@type":"SearchAction","target":{"@type":"EntryPoint","urlTemplate":"https:\/\/www.moa-soft.de\/wordpress\/?s={search_term_string}"},"query-input":{"@type":"PropertyValueSpecification","valueRequired":true,"valueName":"search_term_string"}}],"inLanguage":"de"},{"@type":"Organization","@id":"https:\/\/www.moa-soft.de\/wordpress\/#organization","name":"AMMON Immobilienmakler Software","url":"https:\/\/www.moa-soft.de\/wordpress\/","logo":{"@type":"ImageObject","inLanguage":"de","@id":"https:\/\/www.moa-soft.de\/wordpress\/#\/schema\/logo\/image\/","url":"https:\/\/www.moa-soft.de\/wordpress\/wp-content\/uploads\/2018\/01\/cropped-ammon_appicon512.png","contentUrl":"https:\/\/www.moa-soft.de\/wordpress\/wp-content\/uploads\/2018\/01\/cropped-ammon_appicon512.png","width":512,"height":512,"caption":"AMMON Immobilienmakler Software"},"image":{"@id":"https:\/\/www.moa-soft.de\/wordpress\/#\/schema\/logo\/image\/"},"sameAs":["https:\/\/www.facebook.com\/immobilienmaklersoftware"]}]}},"_links":{"self":[{"href":"https:\/\/www.moa-soft.de\/wordpress\/wp-json\/wp\/v2\/pages\/1075","targetHints":{"allow":["GET"]}}],"collection":[{"href":"https:\/\/www.moa-soft.de\/wordpress\/wp-json\/wp\/v2\/pages"}],"about":[{"href":"https:\/\/www.moa-soft.de\/wordpress\/wp-json\/wp\/v2\/types\/page"}],"author":[{"embeddable":true,"href":"https:\/\/www.moa-soft.de\/wordpress\/wp-json\/wp\/v2\/users\/1"}],"replies":[{"embeddable":true,"href":"https:\/\/www.moa-soft.de\/wordpress\/wp-json\/wp\/v2\/comments?post=1075"}],"version-history":[{"count":108,"href":"https:\/\/www.moa-soft.de\/wordpress\/wp-json\/wp\/v2\/pages\/1075\/revisions"}],"predecessor-version":[{"id":3630,"href":"https:\/\/www.moa-soft.de\/wordpress\/wp-json\/wp\/v2\/pages\/1075\/revisions\/3630"}],"up":[{"embeddable":true,"href":"https:\/\/www.moa-soft.de\/wordpress\/wp-json\/wp\/v2\/pages\/1069"}],"wp:attachment":[{"href":"https:\/\/www.moa-soft.de\/wordpress\/wp-json\/wp\/v2\/media?parent=1075"}],"curies":[{"name":"wp","href":"https:\/\/api.w.org\/{rel}","templated":true}]}}