{"id":1080,"date":"2017-11-02T22:24:35","date_gmt":"2017-11-02T21:24:35","guid":{"rendered":"http:\/\/www.moa-soft.de\/wordpress\/?page_id=1080"},"modified":"2021-09-19T16:01:50","modified_gmt":"2021-09-19T14:01:50","slug":"ammon-software-systemvoraussetzung","status":"publish","type":"page","link":"https:\/\/www.moa-soft.de\/wordpress\/ammon-software\/ammon-software-systemvoraussetzung\/","title":{"rendered":"Systemvoraussetzungen"},"content":{"rendered":"<div class=\"content-box\">\n<h4><span style=\"color: #002395;\">SYSTEMVORAUSSETZUNGEN<\/span><\/h4>\n<h4><i>A<\/i>MMON ist eine leistungstarke Offline Immobilienmakler-Software, die mit allen MS Windows \u2013 Versionen zusammenarbeitet, einschlie\u00dflich Windows 11 und Office 2019 \/ 365. <i>A<\/i>MMON ist zudem auf Mac \/ OS X mit VMware oder Parallels ausf\u00fchrbar.<\/h4>\n<h4><span style=\"color: #002395;\">Die intelligente L\u00f6sung f\u00fcr jede Gr\u00f6\u00dfenordnung.<\/span><\/h4>\n<h4>Nachhaltigkeit geh\u00f6rt zu unseren Unternehmensgrunds\u00e4tzen. Dazu geh\u00f6rt die langfristige Ausrichtung unseres unternehmerischen Handelns und der schonende Umgang mit Ressourcen. Wenn wir unsere Technologie nachhaltig gestalten, sind wir zukunftsf\u00e4hig und sichern auch die Chancen der folgenden Generationen.<\/h4>\n<h4><i>A<\/i>MMON basiert auf der f\u00fchrenden SQL-Technologie f\u00fcr Datenbanksysteme mit einer ressourcen-schonenden und effektiven L\u00f6sung f\u00fcr alle Anwenderbereiche. Es sind keine Startinvestitionen in Hardware erforderlich. Die Sicherheit und st\u00e4ndige Erreichbarkeit der Daten wird durch ein kundenfreundliches Vor-Ort-System beim Anwender gew\u00e4hrleistet. Selbstverst\u00e4ndlich k\u00f6nnen Sie <em>A<\/em>MMON auch Online oder als Cloud-L\u00f6sung nutzen. Zudem k\u00f6nnen Sie unterwegs mit <i>A<\/i>MMON auf mobilen Endger\u00e4ten arbeiten.<\/h4>\n<h4><span style=\"color: #002395;\">Ganzheitlich perfekt integriert.<\/span><\/h4>\n<h4>Als neutraler Anbieter unterst\u00fctzen wir die automatische \u00dcbertragung von Immobilienver\u00f6ffentlichungen zu allen deutschen Immobilienportalen und zur Ihrer eigenen Homepage. Hinzu kommen weitere <i>A<\/i>MMON Schnittstellen, wie beispielsweise zu Marktdaten-Anbieter, 360\u00b0-Rundg\u00e4ngen, Immobilienb\u00f6rsen und zu Bautr\u00e4ger- und Hausverwalter-Software. F\u00fcr eine ganzheitliche L\u00f6sung integriert <i>A<\/i>MMON zudem Kommunikationsinstrumente g\u00e4ngiger Office-Produkte und Telefondienstleistungen.<\/h4>\n<div class=\"content-box\">\n<h5>Die Systemvoraussetzungen f\u00fcr die Immobilienmaklersoftware von <em>A<\/em>MMON sind:<\/h5>\n<ul>\n<li>\n<h5>Arbeitsplatz mit Windows ab Version XP (Windows 11, 10, 8, Vista) oder Windows Terminalserver<\/h5>\n<\/li>\n<li>\n<h5>Server: Windows Plattform (peer2peer, Terminalserver, Windows Server 2003-2019), thinstuff, VMWare, hyper-V, Linux, qnap oder synology<\/h5>\n<\/li>\n<li>\n<h5>Microsoft Word und Outlook ab Version 2000 (2007-2019 auch 365) oder<\/h5>\n<\/li>\n<li>\n<h5>MAC mit VMWare fusion, Parallels oder Bootcamp<\/h5>\n<\/li>\n<\/ul>\n<h5>Um alle M\u00f6glichkeiten von <i>A<\/i>MMON nutzen zu k\u00f6nnen, empfehlen wir au\u00dferdem:<\/h5>\n<ul>\n<li>\n<h5>eine eigene Homepage<\/h5>\n<\/li>\n<li>\n<h5>Zugang zu Portalen wie z.B. ImmobilienScout24, Immowelt\/Immonet, ebay-Kleinanzeigen<\/h5>\n<\/li>\n<li>\n<h5>Smartphone mit iOS (iPhone)<\/h5>\n<\/li>\n<li>\n<h5>Telefon mit TAPI-Treiber<\/h5>\n<\/li>\n<li>\n<h5>\u00a0Bildbearbeitungsprogramm (z.B. Photoshop, GIMP, etc.)<\/h5>\n<\/li>\n<\/ul>\n<\/div>\n<\/div>\n","protected":false},"excerpt":{"rendered":"<p>SYSTEMVORAUSSETZUNGEN AMMON ist eine leistungstarke Offline Immobilienmakler-Software, die mit allen MS Windows \u2013 Versionen zusammenarbeitet, einschlie\u00dflich Windows 11 und Office 2019 \/ 365. AMMON ist zudem auf Mac \/ OS X mit VMware oder Parallels ausf\u00fchrbar. Die intelligente L\u00f6sung f\u00fcr jede Gr\u00f6\u00dfenordnung. Nachhaltigkeit geh\u00f6rt zu unseren Unternehmensgrunds\u00e4tzen. Dazu geh\u00f6rt die langfristige Ausrichtung unseres unternehmerischen Handelns <span class=\"moretag\"><a href=\"https:\/\/www.moa-soft.de\/wordpress\/ammon-software\/ammon-software-systemvoraussetzung\/\" class=\"btn btn-sm btn-primary\">Mehr Infos<\/a><\/span><\/p>\n","protected":false},"author":1,"featured_media":0,"parent":1069,"menu_order":0,"comment_status":"closed","ping_status":"closed","template":"","meta":{"footnotes":""},"class_list":["post-1080","page","type-page","status-publish","hentry"],"yoast_head":"<!-- This site is optimized with the Yoast SEO plugin v27.5 - https:\/\/yoast.com\/product\/yoast-seo-wordpress\/ -->\n<title>Systemvoraussetzungen - AMMON | Immobilienmaklersoftware<\/title>\n<meta name=\"robots\" content=\"index, follow, max-snippet:-1, max-image-preview:large, max-video-preview:-1\" \/>\n<link rel=\"canonical\" href=\"https:\/\/www.moa-soft.de\/wordpress\/ammon-software\/ammon-software-systemvoraussetzung\/\" \/>\n<meta property=\"og:locale\" content=\"de_DE\" \/>\n<meta property=\"og:type\" content=\"article\" \/>\n<meta property=\"og:title\" content=\"Systemvoraussetzungen - AMMON | Immobilienmaklersoftware\" \/>\n<meta property=\"og:description\" content=\"SYSTEMVORAUSSETZUNGEN AMMON ist eine leistungstarke Offline Immobilienmakler-Software, die mit allen MS Windows \u2013 Versionen zusammenarbeitet, einschlie\u00dflich Windows 11 und Office 2019 \/ 365. AMMON ist zudem auf Mac \/ OS X mit VMware oder Parallels ausf\u00fchrbar. Die intelligente L\u00f6sung f\u00fcr jede Gr\u00f6\u00dfenordnung. Nachhaltigkeit geh\u00f6rt zu unseren Unternehmensgrunds\u00e4tzen. Dazu geh\u00f6rt die langfristige Ausrichtung unseres unternehmerischen Handelns Mehr Infos\" \/>\n<meta property=\"og:url\" content=\"https:\/\/www.moa-soft.de\/wordpress\/ammon-software\/ammon-software-systemvoraussetzung\/\" \/>\n<meta property=\"og:site_name\" content=\"AMMON | Immobilienmaklersoftware\" \/>\n<meta property=\"article:publisher\" content=\"https:\/\/www.facebook.com\/immobilienmaklersoftware\" \/>\n<meta property=\"article:modified_time\" content=\"2021-09-19T14:01:50+00:00\" \/>\n<meta name=\"twitter:card\" content=\"summary_large_image\" \/>\n<meta name=\"twitter:label1\" content=\"Gesch\u00e4tzte Lesezeit\" \/>\n\t<meta name=\"twitter:data1\" content=\"2\u00a0Minuten\" \/>\n<script type=\"application\/ld+json\" class=\"yoast-schema-graph\">{\"@context\":\"https:\\\/\\\/schema.org\",\"@graph\":[{\"@type\":\"WebPage\",\"@id\":\"https:\\\/\\\/www.moa-soft.de\\\/wordpress\\\/ammon-software\\\/ammon-software-systemvoraussetzung\\\/\",\"url\":\"https:\\\/\\\/www.moa-soft.de\\\/wordpress\\\/ammon-software\\\/ammon-software-systemvoraussetzung\\\/\",\"name\":\"Systemvoraussetzungen - AMMON | Immobilienmaklersoftware\",\"isPartOf\":{\"@id\":\"https:\\\/\\\/www.moa-soft.de\\\/wordpress\\\/#website\"},\"datePublished\":\"2017-11-02T21:24:35+00:00\",\"dateModified\":\"2021-09-19T14:01:50+00:00\",\"breadcrumb\":{\"@id\":\"https:\\\/\\\/www.moa-soft.de\\\/wordpress\\\/ammon-software\\\/ammon-software-systemvoraussetzung\\\/#breadcrumb\"},\"inLanguage\":\"de\",\"potentialAction\":[{\"@type\":\"ReadAction\",\"target\":[\"https:\\\/\\\/www.moa-soft.de\\\/wordpress\\\/ammon-software\\\/ammon-software-systemvoraussetzung\\\/\"]}]},{\"@type\":\"BreadcrumbList\",\"@id\":\"https:\\\/\\\/www.moa-soft.de\\\/wordpress\\\/ammon-software\\\/ammon-software-systemvoraussetzung\\\/#breadcrumb\",\"itemListElement\":[{\"@type\":\"ListItem\",\"position\":1,\"name\":\"Startseite\",\"item\":\"https:\\\/\\\/www.moa-soft.de\\\/wordpress\\\/\"},{\"@type\":\"ListItem\",\"position\":2,\"name\":\"A wie ALLES. Au\u00dfer gew\u00f6hnlich&#8230; die Immobiliensoftware AMMON\",\"item\":\"https:\\\/\\\/www.moa-soft.de\\\/wordpress\\\/ammon-software\\\/\"},{\"@type\":\"ListItem\",\"position\":3,\"name\":\"Systemvoraussetzungen\"}]},{\"@type\":\"WebSite\",\"@id\":\"https:\\\/\\\/www.moa-soft.de\\\/wordpress\\\/#website\",\"url\":\"https:\\\/\\\/www.moa-soft.de\\\/wordpress\\\/\",\"name\":\"AMMON | Immobilienmaklersoftware\",\"description\":\"Immobilien- und Maklersoftware f\u00fcr Immobilienprofis\",\"publisher\":{\"@id\":\"https:\\\/\\\/www.moa-soft.de\\\/wordpress\\\/#organization\"},\"potentialAction\":[{\"@type\":\"SearchAction\",\"target\":{\"@type\":\"EntryPoint\",\"urlTemplate\":\"https:\\\/\\\/www.moa-soft.de\\\/wordpress\\\/?s={search_term_string}\"},\"query-input\":{\"@type\":\"PropertyValueSpecification\",\"valueRequired\":true,\"valueName\":\"search_term_string\"}}],\"inLanguage\":\"de\"},{\"@type\":\"Organization\",\"@id\":\"https:\\\/\\\/www.moa-soft.de\\\/wordpress\\\/#organization\",\"name\":\"AMMON Immobilienmakler Software\",\"url\":\"https:\\\/\\\/www.moa-soft.de\\\/wordpress\\\/\",\"logo\":{\"@type\":\"ImageObject\",\"inLanguage\":\"de\",\"@id\":\"https:\\\/\\\/www.moa-soft.de\\\/wordpress\\\/#\\\/schema\\\/logo\\\/image\\\/\",\"url\":\"https:\\\/\\\/www.moa-soft.de\\\/wordpress\\\/wp-content\\\/uploads\\\/2018\\\/01\\\/cropped-ammon_appicon512.png\",\"contentUrl\":\"https:\\\/\\\/www.moa-soft.de\\\/wordpress\\\/wp-content\\\/uploads\\\/2018\\\/01\\\/cropped-ammon_appicon512.png\",\"width\":512,\"height\":512,\"caption\":\"AMMON Immobilienmakler Software\"},\"image\":{\"@id\":\"https:\\\/\\\/www.moa-soft.de\\\/wordpress\\\/#\\\/schema\\\/logo\\\/image\\\/\"},\"sameAs\":[\"https:\\\/\\\/www.facebook.com\\\/immobilienmaklersoftware\"]}]}<\/script>\n<!-- \/ Yoast SEO plugin. -->","yoast_head_json":{"title":"Systemvoraussetzungen - AMMON | Immobilienmaklersoftware","robots":{"index":"index","follow":"follow","max-snippet":"max-snippet:-1","max-image-preview":"max-image-preview:large","max-video-preview":"max-video-preview:-1"},"canonical":"https:\/\/www.moa-soft.de\/wordpress\/ammon-software\/ammon-software-systemvoraussetzung\/","og_locale":"de_DE","og_type":"article","og_title":"Systemvoraussetzungen - AMMON | Immobilienmaklersoftware","og_description":"SYSTEMVORAUSSETZUNGEN AMMON ist eine leistungstarke Offline Immobilienmakler-Software, die mit allen MS Windows \u2013 Versionen zusammenarbeitet, einschlie\u00dflich Windows 11 und Office 2019 \/ 365. AMMON ist zudem auf Mac \/ OS X mit VMware oder Parallels ausf\u00fchrbar. Die intelligente L\u00f6sung f\u00fcr jede Gr\u00f6\u00dfenordnung. Nachhaltigkeit geh\u00f6rt zu unseren Unternehmensgrunds\u00e4tzen. Dazu geh\u00f6rt die langfristige Ausrichtung unseres unternehmerischen Handelns Mehr Infos","og_url":"https:\/\/www.moa-soft.de\/wordpress\/ammon-software\/ammon-software-systemvoraussetzung\/","og_site_name":"AMMON | Immobilienmaklersoftware","article_publisher":"https:\/\/www.facebook.com\/immobilienmaklersoftware","article_modified_time":"2021-09-19T14:01:50+00:00","twitter_card":"summary_large_image","twitter_misc":{"Gesch\u00e4tzte Lesezeit":"2\u00a0Minuten"},"schema":{"@context":"https:\/\/schema.org","@graph":[{"@type":"WebPage","@id":"https:\/\/www.moa-soft.de\/wordpress\/ammon-software\/ammon-software-systemvoraussetzung\/","url":"https:\/\/www.moa-soft.de\/wordpress\/ammon-software\/ammon-software-systemvoraussetzung\/","name":"Systemvoraussetzungen - AMMON | Immobilienmaklersoftware","isPartOf":{"@id":"https:\/\/www.moa-soft.de\/wordpress\/#website"},"datePublished":"2017-11-02T21:24:35+00:00","dateModified":"2021-09-19T14:01:50+00:00","breadcrumb":{"@id":"https:\/\/www.moa-soft.de\/wordpress\/ammon-software\/ammon-software-systemvoraussetzung\/#breadcrumb"},"inLanguage":"de","potentialAction":[{"@type":"ReadAction","target":["https:\/\/www.moa-soft.de\/wordpress\/ammon-software\/ammon-software-systemvoraussetzung\/"]}]},{"@type":"BreadcrumbList","@id":"https:\/\/www.moa-soft.de\/wordpress\/ammon-software\/ammon-software-systemvoraussetzung\/#breadcrumb","itemListElement":[{"@type":"ListItem","position":1,"name":"Startseite","item":"https:\/\/www.moa-soft.de\/wordpress\/"},{"@type":"ListItem","position":2,"name":"A wie ALLES. Au\u00dfer gew\u00f6hnlich&#8230; die Immobiliensoftware AMMON","item":"https:\/\/www.moa-soft.de\/wordpress\/ammon-software\/"},{"@type":"ListItem","position":3,"name":"Systemvoraussetzungen"}]},{"@type":"WebSite","@id":"https:\/\/www.moa-soft.de\/wordpress\/#website","url":"https:\/\/www.moa-soft.de\/wordpress\/","name":"AMMON | Immobilienmaklersoftware","description":"Immobilien- und Maklersoftware f\u00fcr Immobilienprofis","publisher":{"@id":"https:\/\/www.moa-soft.de\/wordpress\/#organization"},"potentialAction":[{"@type":"SearchAction","target":{"@type":"EntryPoint","urlTemplate":"https:\/\/www.moa-soft.de\/wordpress\/?s={search_term_string}"},"query-input":{"@type":"PropertyValueSpecification","valueRequired":true,"valueName":"search_term_string"}}],"inLanguage":"de"},{"@type":"Organization","@id":"https:\/\/www.moa-soft.de\/wordpress\/#organization","name":"AMMON Immobilienmakler Software","url":"https:\/\/www.moa-soft.de\/wordpress\/","logo":{"@type":"ImageObject","inLanguage":"de","@id":"https:\/\/www.moa-soft.de\/wordpress\/#\/schema\/logo\/image\/","url":"https:\/\/www.moa-soft.de\/wordpress\/wp-content\/uploads\/2018\/01\/cropped-ammon_appicon512.png","contentUrl":"https:\/\/www.moa-soft.de\/wordpress\/wp-content\/uploads\/2018\/01\/cropped-ammon_appicon512.png","width":512,"height":512,"caption":"AMMON Immobilienmakler Software"},"image":{"@id":"https:\/\/www.moa-soft.de\/wordpress\/#\/schema\/logo\/image\/"},"sameAs":["https:\/\/www.facebook.com\/immobilienmaklersoftware"]}]}},"_links":{"self":[{"href":"https:\/\/www.moa-soft.de\/wordpress\/wp-json\/wp\/v2\/pages\/1080","targetHints":{"allow":["GET"]}}],"collection":[{"href":"https:\/\/www.moa-soft.de\/wordpress\/wp-json\/wp\/v2\/pages"}],"about":[{"href":"https:\/\/www.moa-soft.de\/wordpress\/wp-json\/wp\/v2\/types\/page"}],"author":[{"embeddable":true,"href":"https:\/\/www.moa-soft.de\/wordpress\/wp-json\/wp\/v2\/users\/1"}],"replies":[{"embeddable":true,"href":"https:\/\/www.moa-soft.de\/wordpress\/wp-json\/wp\/v2\/comments?post=1080"}],"version-history":[{"count":40,"href":"https:\/\/www.moa-soft.de\/wordpress\/wp-json\/wp\/v2\/pages\/1080\/revisions"}],"predecessor-version":[{"id":4423,"href":"https:\/\/www.moa-soft.de\/wordpress\/wp-json\/wp\/v2\/pages\/1080\/revisions\/4423"}],"up":[{"embeddable":true,"href":"https:\/\/www.moa-soft.de\/wordpress\/wp-json\/wp\/v2\/pages\/1069"}],"wp:attachment":[{"href":"https:\/\/www.moa-soft.de\/wordpress\/wp-json\/wp\/v2\/media?parent=1080"}],"curies":[{"name":"wp","href":"https:\/\/api.w.org\/{rel}","templated":true}]}}