{"id":1082,"date":"2017-11-02T22:25:29","date_gmt":"2017-11-02T21:25:29","guid":{"rendered":"http:\/\/www.moa-soft.de\/wordpress\/?page_id=1082"},"modified":"2021-02-09T23:31:42","modified_gmt":"2021-02-09T22:31:42","slug":"ammon-software-zielgruppe","status":"publish","type":"page","link":"https:\/\/www.moa-soft.de\/wordpress\/ammon-software\/ammon-software-zielgruppe\/","title":{"rendered":"F\u00fcr wen ist unsere Immobilien- und Maklersoftware interessant?"},"content":{"rendered":"<div class=\"content-box\">\n<h4><span style=\"color: #002395;\">ZIELGRUPPEN<\/span><\/h4>\n<h4><span style=\"color: #002395;\">Mit <em>A<\/em>MMON haben unterschiedliche Mitarbeitende immer die richtigen Informationen und Werkzeuge f\u00fcr einen perfekten Gesch\u00e4ftsabschluss zur Hand \u2013 im B\u00fcro und im Au\u00dfendienst ebenso wie im Internet.\u00a0<\/span><\/h4>\n<h4>Unsere Software zur Vermittlung und Vermarktung von Wohn- und Gewerbeimmobilien wird in unterschiedlichen Berufsgruppen innerhalb der Immobilienbranche eingesetzt.<\/h4>\n<h4><span style=\"color: #00b0ad;\">\u00dcberall schnell handeln k\u00f6nnen:<\/span><\/h4>\n<h4>F\u00fcr Immobilienmakler und Immobilienagenturen mit dem Anwenderschwerpunkten Marketing, Immobilienvertrieb und Immobilieneinkauf.<\/h4>\n<h4><span style=\"color: #00b0ad;\">Abteilungen effektiv vernetzen:<\/span><\/h4>\n<h4>F\u00fcr Bautr\u00e4ger mit den Anwenderschwerpunkten Marketing, Immobilienvertrieb und Projektmanagement.<\/h4>\n<h4><span style=\"color: #00b0ad;\">Nachhaltige Abschl\u00fcsse erzielen:<\/span><\/h4>\n<h4>F\u00fcr die Zwangsversteigerung mit den Anwenderschwerpunkten Marketing, Immobilienvertrieb, Nachweisf\u00fchrung und Immobilieneinkauf.<\/h4>\n<h4><span style=\"color: #00b0ad;\">Alles klar dokumentiert:<\/span><\/h4>\n<h4>F\u00fcr Hausverwaltungen bzw. Immobilienverwaltungen mit den Anwenderschwerpunkten Dokumentmanagement, Nachweisf\u00fchrung und Immobilienvertrieb.<\/h4>\n<h4>F\u00fcr die Zwangsverwaltung mit den Anwenderschwerpunkten Dokumentmanagement und Immobilienvertrieb.<\/h4>\n<\/div>\n","protected":false},"excerpt":{"rendered":"<p>ZIELGRUPPEN Mit AMMON haben unterschiedliche Mitarbeitende immer die richtigen Informationen und Werkzeuge f\u00fcr einen perfekten Gesch\u00e4ftsabschluss zur Hand \u2013 im B\u00fcro und im Au\u00dfendienst ebenso wie im Internet.\u00a0 Unsere Software zur Vermittlung und Vermarktung von Wohn- und Gewerbeimmobilien wird in unterschiedlichen Berufsgruppen innerhalb der Immobilienbranche eingesetzt. \u00dcberall schnell handeln k\u00f6nnen: F\u00fcr Immobilienmakler und Immobilienagenturen mit <span class=\"moretag\"><a href=\"https:\/\/www.moa-soft.de\/wordpress\/ammon-software\/ammon-software-zielgruppe\/\" class=\"btn btn-sm btn-primary\">Mehr Infos<\/a><\/span><\/p>\n","protected":false},"author":1,"featured_media":0,"parent":1069,"menu_order":0,"comment_status":"closed","ping_status":"closed","template":"","meta":{"footnotes":""},"class_list":["post-1082","page","type-page","status-publish","hentry"],"yoast_head":"<!-- This site is optimized with the Yoast SEO plugin v27.4 - https:\/\/yoast.com\/product\/yoast-seo-wordpress\/ -->\n<title>F\u00fcr wen ist unsere Immobilien- und Maklersoftware interessant? - AMMON | Immobilienmaklersoftware<\/title>\n<meta name=\"robots\" content=\"index, follow, max-snippet:-1, max-image-preview:large, max-video-preview:-1\" \/>\n<link rel=\"canonical\" href=\"https:\/\/www.moa-soft.de\/wordpress\/ammon-software\/ammon-software-zielgruppe\/\" \/>\n<meta property=\"og:locale\" content=\"de_DE\" \/>\n<meta property=\"og:type\" content=\"article\" \/>\n<meta property=\"og:title\" content=\"F\u00fcr wen ist unsere Immobilien- und Maklersoftware interessant? - AMMON | Immobilienmaklersoftware\" \/>\n<meta property=\"og:description\" content=\"ZIELGRUPPEN Mit AMMON haben unterschiedliche Mitarbeitende immer die richtigen Informationen und Werkzeuge f\u00fcr einen perfekten Gesch\u00e4ftsabschluss zur Hand \u2013 im B\u00fcro und im Au\u00dfendienst ebenso wie im Internet.\u00a0 Unsere Software zur Vermittlung und Vermarktung von Wohn- und Gewerbeimmobilien wird in unterschiedlichen Berufsgruppen innerhalb der Immobilienbranche eingesetzt. \u00dcberall schnell handeln k\u00f6nnen: F\u00fcr Immobilienmakler und Immobilienagenturen mit Mehr Infos\" \/>\n<meta property=\"og:url\" content=\"https:\/\/www.moa-soft.de\/wordpress\/ammon-software\/ammon-software-zielgruppe\/\" \/>\n<meta property=\"og:site_name\" content=\"AMMON | Immobilienmaklersoftware\" \/>\n<meta property=\"article:publisher\" content=\"https:\/\/www.facebook.com\/immobilienmaklersoftware\" \/>\n<meta property=\"article:modified_time\" content=\"2021-02-09T22:31:42+00:00\" \/>\n<meta name=\"twitter:card\" content=\"summary_large_image\" \/>\n<meta name=\"twitter:label1\" content=\"Gesch\u00e4tzte Lesezeit\" \/>\n\t<meta name=\"twitter:data1\" content=\"1\u00a0Minute\" \/>\n<script type=\"application\/ld+json\" class=\"yoast-schema-graph\">{\"@context\":\"https:\\\/\\\/schema.org\",\"@graph\":[{\"@type\":\"WebPage\",\"@id\":\"https:\\\/\\\/www.moa-soft.de\\\/wordpress\\\/ammon-software\\\/ammon-software-zielgruppe\\\/\",\"url\":\"https:\\\/\\\/www.moa-soft.de\\\/wordpress\\\/ammon-software\\\/ammon-software-zielgruppe\\\/\",\"name\":\"F\u00fcr wen ist unsere Immobilien- und Maklersoftware interessant? - AMMON | Immobilienmaklersoftware\",\"isPartOf\":{\"@id\":\"https:\\\/\\\/www.moa-soft.de\\\/wordpress\\\/#website\"},\"datePublished\":\"2017-11-02T21:25:29+00:00\",\"dateModified\":\"2021-02-09T22:31:42+00:00\",\"breadcrumb\":{\"@id\":\"https:\\\/\\\/www.moa-soft.de\\\/wordpress\\\/ammon-software\\\/ammon-software-zielgruppe\\\/#breadcrumb\"},\"inLanguage\":\"de\",\"potentialAction\":[{\"@type\":\"ReadAction\",\"target\":[\"https:\\\/\\\/www.moa-soft.de\\\/wordpress\\\/ammon-software\\\/ammon-software-zielgruppe\\\/\"]}]},{\"@type\":\"BreadcrumbList\",\"@id\":\"https:\\\/\\\/www.moa-soft.de\\\/wordpress\\\/ammon-software\\\/ammon-software-zielgruppe\\\/#breadcrumb\",\"itemListElement\":[{\"@type\":\"ListItem\",\"position\":1,\"name\":\"Startseite\",\"item\":\"https:\\\/\\\/www.moa-soft.de\\\/wordpress\\\/\"},{\"@type\":\"ListItem\",\"position\":2,\"name\":\"A wie ALLES. Au\u00dfer gew\u00f6hnlich&#8230; die Immobiliensoftware AMMON\",\"item\":\"https:\\\/\\\/www.moa-soft.de\\\/wordpress\\\/ammon-software\\\/\"},{\"@type\":\"ListItem\",\"position\":3,\"name\":\"F\u00fcr wen ist unsere Immobilien- und Maklersoftware interessant?\"}]},{\"@type\":\"WebSite\",\"@id\":\"https:\\\/\\\/www.moa-soft.de\\\/wordpress\\\/#website\",\"url\":\"https:\\\/\\\/www.moa-soft.de\\\/wordpress\\\/\",\"name\":\"AMMON | Immobilienmaklersoftware\",\"description\":\"Immobilien- und Maklersoftware f\u00fcr Immobilienprofis\",\"publisher\":{\"@id\":\"https:\\\/\\\/www.moa-soft.de\\\/wordpress\\\/#organization\"},\"potentialAction\":[{\"@type\":\"SearchAction\",\"target\":{\"@type\":\"EntryPoint\",\"urlTemplate\":\"https:\\\/\\\/www.moa-soft.de\\\/wordpress\\\/?s={search_term_string}\"},\"query-input\":{\"@type\":\"PropertyValueSpecification\",\"valueRequired\":true,\"valueName\":\"search_term_string\"}}],\"inLanguage\":\"de\"},{\"@type\":\"Organization\",\"@id\":\"https:\\\/\\\/www.moa-soft.de\\\/wordpress\\\/#organization\",\"name\":\"AMMON Immobilienmakler Software\",\"url\":\"https:\\\/\\\/www.moa-soft.de\\\/wordpress\\\/\",\"logo\":{\"@type\":\"ImageObject\",\"inLanguage\":\"de\",\"@id\":\"https:\\\/\\\/www.moa-soft.de\\\/wordpress\\\/#\\\/schema\\\/logo\\\/image\\\/\",\"url\":\"https:\\\/\\\/www.moa-soft.de\\\/wordpress\\\/wp-content\\\/uploads\\\/2018\\\/01\\\/cropped-ammon_appicon512.png\",\"contentUrl\":\"https:\\\/\\\/www.moa-soft.de\\\/wordpress\\\/wp-content\\\/uploads\\\/2018\\\/01\\\/cropped-ammon_appicon512.png\",\"width\":512,\"height\":512,\"caption\":\"AMMON Immobilienmakler Software\"},\"image\":{\"@id\":\"https:\\\/\\\/www.moa-soft.de\\\/wordpress\\\/#\\\/schema\\\/logo\\\/image\\\/\"},\"sameAs\":[\"https:\\\/\\\/www.facebook.com\\\/immobilienmaklersoftware\"]}]}<\/script>\n<!-- \/ Yoast SEO plugin. -->","yoast_head_json":{"title":"F\u00fcr wen ist unsere Immobilien- und Maklersoftware interessant? - AMMON | Immobilienmaklersoftware","robots":{"index":"index","follow":"follow","max-snippet":"max-snippet:-1","max-image-preview":"max-image-preview:large","max-video-preview":"max-video-preview:-1"},"canonical":"https:\/\/www.moa-soft.de\/wordpress\/ammon-software\/ammon-software-zielgruppe\/","og_locale":"de_DE","og_type":"article","og_title":"F\u00fcr wen ist unsere Immobilien- und Maklersoftware interessant? - AMMON | Immobilienmaklersoftware","og_description":"ZIELGRUPPEN Mit AMMON haben unterschiedliche Mitarbeitende immer die richtigen Informationen und Werkzeuge f\u00fcr einen perfekten Gesch\u00e4ftsabschluss zur Hand \u2013 im B\u00fcro und im Au\u00dfendienst ebenso wie im Internet.\u00a0 Unsere Software zur Vermittlung und Vermarktung von Wohn- und Gewerbeimmobilien wird in unterschiedlichen Berufsgruppen innerhalb der Immobilienbranche eingesetzt. \u00dcberall schnell handeln k\u00f6nnen: F\u00fcr Immobilienmakler und Immobilienagenturen mit Mehr Infos","og_url":"https:\/\/www.moa-soft.de\/wordpress\/ammon-software\/ammon-software-zielgruppe\/","og_site_name":"AMMON | Immobilienmaklersoftware","article_publisher":"https:\/\/www.facebook.com\/immobilienmaklersoftware","article_modified_time":"2021-02-09T22:31:42+00:00","twitter_card":"summary_large_image","twitter_misc":{"Gesch\u00e4tzte Lesezeit":"1\u00a0Minute"},"schema":{"@context":"https:\/\/schema.org","@graph":[{"@type":"WebPage","@id":"https:\/\/www.moa-soft.de\/wordpress\/ammon-software\/ammon-software-zielgruppe\/","url":"https:\/\/www.moa-soft.de\/wordpress\/ammon-software\/ammon-software-zielgruppe\/","name":"F\u00fcr wen ist unsere Immobilien- und Maklersoftware interessant? - AMMON | Immobilienmaklersoftware","isPartOf":{"@id":"https:\/\/www.moa-soft.de\/wordpress\/#website"},"datePublished":"2017-11-02T21:25:29+00:00","dateModified":"2021-02-09T22:31:42+00:00","breadcrumb":{"@id":"https:\/\/www.moa-soft.de\/wordpress\/ammon-software\/ammon-software-zielgruppe\/#breadcrumb"},"inLanguage":"de","potentialAction":[{"@type":"ReadAction","target":["https:\/\/www.moa-soft.de\/wordpress\/ammon-software\/ammon-software-zielgruppe\/"]}]},{"@type":"BreadcrumbList","@id":"https:\/\/www.moa-soft.de\/wordpress\/ammon-software\/ammon-software-zielgruppe\/#breadcrumb","itemListElement":[{"@type":"ListItem","position":1,"name":"Startseite","item":"https:\/\/www.moa-soft.de\/wordpress\/"},{"@type":"ListItem","position":2,"name":"A wie ALLES. Au\u00dfer gew\u00f6hnlich&#8230; die Immobiliensoftware AMMON","item":"https:\/\/www.moa-soft.de\/wordpress\/ammon-software\/"},{"@type":"ListItem","position":3,"name":"F\u00fcr wen ist unsere Immobilien- und Maklersoftware interessant?"}]},{"@type":"WebSite","@id":"https:\/\/www.moa-soft.de\/wordpress\/#website","url":"https:\/\/www.moa-soft.de\/wordpress\/","name":"AMMON | Immobilienmaklersoftware","description":"Immobilien- und Maklersoftware f\u00fcr Immobilienprofis","publisher":{"@id":"https:\/\/www.moa-soft.de\/wordpress\/#organization"},"potentialAction":[{"@type":"SearchAction","target":{"@type":"EntryPoint","urlTemplate":"https:\/\/www.moa-soft.de\/wordpress\/?s={search_term_string}"},"query-input":{"@type":"PropertyValueSpecification","valueRequired":true,"valueName":"search_term_string"}}],"inLanguage":"de"},{"@type":"Organization","@id":"https:\/\/www.moa-soft.de\/wordpress\/#organization","name":"AMMON Immobilienmakler Software","url":"https:\/\/www.moa-soft.de\/wordpress\/","logo":{"@type":"ImageObject","inLanguage":"de","@id":"https:\/\/www.moa-soft.de\/wordpress\/#\/schema\/logo\/image\/","url":"https:\/\/www.moa-soft.de\/wordpress\/wp-content\/uploads\/2018\/01\/cropped-ammon_appicon512.png","contentUrl":"https:\/\/www.moa-soft.de\/wordpress\/wp-content\/uploads\/2018\/01\/cropped-ammon_appicon512.png","width":512,"height":512,"caption":"AMMON Immobilienmakler Software"},"image":{"@id":"https:\/\/www.moa-soft.de\/wordpress\/#\/schema\/logo\/image\/"},"sameAs":["https:\/\/www.facebook.com\/immobilienmaklersoftware"]}]}},"_links":{"self":[{"href":"https:\/\/www.moa-soft.de\/wordpress\/wp-json\/wp\/v2\/pages\/1082","targetHints":{"allow":["GET"]}}],"collection":[{"href":"https:\/\/www.moa-soft.de\/wordpress\/wp-json\/wp\/v2\/pages"}],"about":[{"href":"https:\/\/www.moa-soft.de\/wordpress\/wp-json\/wp\/v2\/types\/page"}],"author":[{"embeddable":true,"href":"https:\/\/www.moa-soft.de\/wordpress\/wp-json\/wp\/v2\/users\/1"}],"replies":[{"embeddable":true,"href":"https:\/\/www.moa-soft.de\/wordpress\/wp-json\/wp\/v2\/comments?post=1082"}],"version-history":[{"count":22,"href":"https:\/\/www.moa-soft.de\/wordpress\/wp-json\/wp\/v2\/pages\/1082\/revisions"}],"predecessor-version":[{"id":3493,"href":"https:\/\/www.moa-soft.de\/wordpress\/wp-json\/wp\/v2\/pages\/1082\/revisions\/3493"}],"up":[{"embeddable":true,"href":"https:\/\/www.moa-soft.de\/wordpress\/wp-json\/wp\/v2\/pages\/1069"}],"wp:attachment":[{"href":"https:\/\/www.moa-soft.de\/wordpress\/wp-json\/wp\/v2\/media?parent=1082"}],"curies":[{"name":"wp","href":"https:\/\/api.w.org\/{rel}","templated":true}]}}