{"id":1088,"date":"2017-11-02T22:30:48","date_gmt":"2017-11-02T21:30:48","guid":{"rendered":"http:\/\/www.moa-soft.de\/wordpress\/?page_id=1088"},"modified":"2018-06-06T12:01:43","modified_gmt":"2018-06-06T10:01:43","slug":"ammon-impressum-2","status":"publish","type":"page","link":"https:\/\/www.moa-soft.de\/wordpress\/ammon-impressum-2\/","title":{"rendered":"Impressum"},"content":{"rendered":"<h4><strong>Information \u00fcber Herausgeber<br \/>\n<\/strong><\/h4>\n<h4>Die Webseite <a href=\"http:\/\/www.moa-soft.de\">www.moa-soft.de<\/a> wird betrieben von dem Anbieter Maik O. AMMON.<\/h4>\n<h4><em>A<\/em>MMON IMMOBILIENMAKLER-SOFTWARE\u00ae<br \/>\nDienstanbieter: Maik O. Ammon<\/h4>\n<h4>Oehder Weg 26<br \/>\n58332 Schwelm<br \/>\nDeutschland<\/h4>\n<h4>Telefon: +49 2336. 914 071<br \/>\nTelefax:\u00a0 +49 2336. 914 072<\/h4>\n<h4>E-Mail: <span style=\"color: #000000;\"><a href=\"mailto:info@moa-soft.de\">info@moa-soft.de<\/a><br \/>\n<\/span><span style=\"color: #000000;\">Web: <\/span><a href=\"https:\/\/www.moa-soft.de\">www.moa-soft.de<\/a><\/h4>\n<h4>Umsatzsteuer-Identifikationsnummer: DE 155 841 985<\/h4>\n<\/h4>\n<p>&nbsp;<\/p>\n<h4>\n<h4><strong>Rechtliche Hinweise mit Haftungsausschluss<br \/>\n<\/strong><\/h4>\n<h5>Das Internetangebot des Anbieters Maik O. AMMON richtet sich ausschlie\u00dflich an Gewerbetreibende.<\/h5>\n<h5><strong>Haftung f\u00fcr Inhalte<\/strong><br \/>\nDie Inhalte der Seiten des Anbieters Maik O. AMMON wurden mit gr\u00f6\u00dfter Sorgfalt erstellt. F\u00fcr die Richtigkeit, Vollst\u00e4ndigkeit und Aktualit\u00e4t der Inhalte kann der Anbieter Maik O. AMMON jedoch keine Gew\u00e4hr \u00fcbernehmen. Der Anbieter Maik O. AMMON ist nicht verantwortlich f\u00fcr die Inhalte externer Internetseiten. Als Diensteanbieter ist Maik O. AMMON gem\u00e4\u00df \u00a7 7 Abs.1 TMG f\u00fcr eigene Inhalte auf diesen Seiten nach den allgemeinen Gesetzen verantwortlich. Nach \u00a7\u00a7 8 bis 10 TMG ist Maik O. AMMON als Diensteanbieter jedoch nicht verpflichtet, \u00fcbermittelte oder gespeicherte fremde Informationen zu \u00fcberwachen oder nach Umst\u00e4nden zu forschen, die auf eine rechtswidrige T\u00e4tigkeit hinweisen. Verpflichtungen zur Entfernung oder Sperrung der Nutzung von Informationen nach den allgemeinen Gesetzen bleiben hiervon unber\u00fchrt. Eine diesbez\u00fcgliche Haftung ist jedoch erst ab dem Zeitpunkt der Kenntnis einer konkreten Rechtsverletzung m\u00f6glich. Bei Bekanntwerden von entsprechenden Rechtsverletzungen wird der Anbieter Maik O. AMMON diese Inhalte umgehend entfernen.<\/h5>\n<h5><strong>Haftung f\u00fcr Verweise und Links<\/strong><br \/>\nDie Website des Anbieters Maik O. AMMON kann direkte oder indirekte Verweise oder Links auf Webseiten Dritter enthalten, auf deren Inhalte der Anbieter Maik O. AMMON keinen Einfluss hat. Deshalb kann der Anbieter Maik O. AMMON f\u00fcr diese fremden Inhalte auch keine Gew\u00e4hr \u00fcbernehmen. F\u00fcr die Inhalte der verlinkten Seiten ist stets der jeweilige Anbieter oder Betreiber der Seiten verantwortlich. Die verlinkten Seiten wurden auf m\u00f6gliche Rechtsverst\u00f6\u00dfe \u00fcberpr\u00fcft. Rechtswidrige Inhalte waren zum Zeitpunkt der Verlinkung nicht erkennbar. Eine permanente inhaltliche Kontrolle der verlinkten Seiten ist jedoch ohne konkrete Anhaltspunkte einer Rechtsverletzung nicht zumutbar. Bei Bekanntwerden von Rechtverletzungen wird der Anbieter Maik O. AMMON derartige Links umgehend entfernen.<\/h5>\n<h5><strong>Urheberrecht und Markenschutz<\/strong><br \/>\nDie durch die Seitenbetreiber erstellten Inhalte und Werke auf diesen Seiten (z.B. Texte, Bilder, Audio-Dateien, Demoversion) \u00a0sowie ihrer Anordnung, Darstellung und Gestaltung unterliegen dem deutschen Urheberrecht. Die Vervielf\u00e4ltigung, Bearbeitung, Verbreitung und jede Art der Verwertung au\u00dferhalb der Grenzen des Urheberrechtes bed\u00fcrfen der schriftlichen Zustimmung des jeweiligen Autors bzw. Erstellers. Downloads und Kopien dieser Seite sind nur f\u00fcr den privaten, nicht kommerziellen Gebrauch gestattet. Das Copyright f\u00fcr ver\u00f6ffentlichte, vom Anbieter Maik O. AMMON selbst erstellten Inhalten bleibt allein beim Anbieter Maik O. AMMON. Das Ver\u00f6ffentlichen von kompletten Seiten mit unver\u00e4nderten Inhalten dieses Internetauftritts sowie deren Einbindung in ein anderes Internet-Angebot ist nur mit schriftlicher Genehmigung des Anbieters Maik O. AMMON gestattet. Eine Vervielf\u00e4ltigung oder Verwendung von Demoversionen, Grafiken, Tondokumente, Videosequenzen und Texten in anderen elektronischen oder gedruckten Publikationen ist ohne vorherige ausdr\u00fcckliche Zustimmung durch den Anbieter Maik O. AMMON nicht gestattet. Soweit die Inhalte auf dieser Seite nicht vom Betreiber erstellt wurden, werden die Urheberrechte Dritter beachtet. Alle innerhalb des Internetangebotes genannten und ggf. durch Dritte gesch\u00fctzten Marken- und Warenzeichen unterliegen uneingeschr\u00e4nkt den Bestimmungen des jeweils g\u00fcltigen Kennzeichenrechts und den Besitzrechten der jeweiligen eingetragenen Eigent\u00fcmer. Sollten Sie trotzdem auf eine Urheberrechtsverletzung aufmerksam werden, bittet der Anbieter Maik O. AMMON um einen entsprechenden Hinweis. Bei Bekanntwerden von Rechtsverletzungen wird der Anbieter Maik O. AMMON derartige Inhalte umgehend entfernen.<\/h5>\n<h5><strong>Datenschutz<\/strong><br \/>\nDer Datenschutz ergibt sich nach Ma\u00dfgabe unserer Datenschutzerkl\u00e4rung <a href=\"https:\/\/www.moa-soft.de\/wordpress\/?page_id=2340\">hier<\/a> und kann durch Folgen des Links eingesehen werden.<\/h5>\n<h5><strong>Widerspruch gegen Werbe-Mails<\/strong><br \/>\nDer Nutzung von im Rahmen der Impressumspflicht ver\u00f6ffentlichten Kontaktdaten zur \u00dcbersendung von nicht ausdr\u00fccklich angeforderter Werbung und Informationsmaterialien wird hiermit widersprochen. Die Betreiber der Seiten behalten sich ausdr\u00fccklich rechtliche Schritte im Falle der unverlangten Zusendung von Werbeinformationen, etwa durch Spam-E-Mails, vor.<\/h5>\n<h5><strong>Bildernachweis<\/strong><br \/>\nF\u00fcr diese Website sind Fotos und Illustrationen der folgenden Rechteinhaber verwendet worden: \u00a9 AMMON, \u00a9 Adobe Stock<\/h5>\n<h5><strong>Salvatorische Klausel<\/strong><br \/>\nDer vorliegende Haftungsausschluss ist Teil unseres Onlineangebotes und bezieht sich auf alle bereitgestellten Inhalte und Informationen. Sollten einzelne Bestimmungen fehlen, ganz oder teilweise unwirksam sein oder der geltenden Rechtslage nicht mehr entsprechen, so ber\u00fchrt dies die G\u00fcltigkeit der \u00fcbrigen Bestimmungen nicht. Vielmehr tritt an die Stelle von unwirksamen oder fehlenden Bestimmungen dasjenige, was dem gewollten Zweck am n\u00e4chsten kommt.<\/h5>\n<h5><strong>\u00a9 Maik O. AMMON 2018. Irrt\u00fcmer und \u00c4nderungen vorbehalten.<\/strong><\/h5>\n","protected":false},"excerpt":{"rendered":"<p>Information \u00fcber Herausgeber Die Webseite www.moa-soft.de wird betrieben von dem Anbieter Maik O. AMMON. AMMON IMMOBILIENMAKLER-SOFTWARE\u00ae Dienstanbieter: Maik O. Ammon Oehder Weg 26 58332 Schwelm Deutschland Telefon: +49 2336. 914 071 Telefax:\u00a0 +49 2336. 914 072 E-Mail: info@moa-soft.de Web: www.moa-soft.de Umsatzsteuer-Identifikationsnummer: DE 155 841 985 &nbsp; Rechtliche Hinweise mit Haftungsausschluss Das Internetangebot des Anbieters Maik <span class=\"moretag\"><a href=\"https:\/\/www.moa-soft.de\/wordpress\/ammon-impressum-2\/\" class=\"btn btn-sm btn-primary\">Mehr Infos<\/a><\/span><\/p>\n","protected":false},"author":1,"featured_media":0,"parent":0,"menu_order":0,"comment_status":"closed","ping_status":"closed","template":"","meta":{"footnotes":""},"class_list":["post-1088","page","type-page","status-publish","hentry"],"yoast_head":"<!-- This site is optimized with the Yoast SEO plugin v27.5 - https:\/\/yoast.com\/product\/yoast-seo-wordpress\/ -->\n<title>Impressum - AMMON | Immobilienmaklersoftware<\/title>\n<meta name=\"robots\" content=\"index, follow, max-snippet:-1, max-image-preview:large, max-video-preview:-1\" \/>\n<link rel=\"canonical\" href=\"https:\/\/www.moa-soft.de\/wordpress\/ammon-impressum-2\/\" \/>\n<meta property=\"og:locale\" content=\"de_DE\" \/>\n<meta property=\"og:type\" content=\"article\" \/>\n<meta property=\"og:title\" content=\"Impressum - AMMON | Immobilienmaklersoftware\" \/>\n<meta property=\"og:description\" content=\"Information \u00fcber Herausgeber Die Webseite www.moa-soft.de wird betrieben von dem Anbieter Maik O. AMMON. AMMON IMMOBILIENMAKLER-SOFTWARE\u00ae Dienstanbieter: Maik O. Ammon Oehder Weg 26 58332 Schwelm Deutschland Telefon: +49 2336. 914 071 Telefax:\u00a0 +49 2336. 914 072 E-Mail: info@moa-soft.de Web: www.moa-soft.de Umsatzsteuer-Identifikationsnummer: DE 155 841 985 &nbsp; Rechtliche Hinweise mit Haftungsausschluss Das Internetangebot des Anbieters Maik Mehr Infos\" \/>\n<meta property=\"og:url\" content=\"https:\/\/www.moa-soft.de\/wordpress\/ammon-impressum-2\/\" \/>\n<meta property=\"og:site_name\" content=\"AMMON | Immobilienmaklersoftware\" \/>\n<meta property=\"article:publisher\" content=\"https:\/\/www.facebook.com\/immobilienmaklersoftware\" \/>\n<meta property=\"article:modified_time\" content=\"2018-06-06T10:01:43+00:00\" \/>\n<meta name=\"twitter:card\" content=\"summary_large_image\" \/>\n<meta name=\"twitter:label1\" content=\"Gesch\u00e4tzte Lesezeit\" \/>\n\t<meta name=\"twitter:data1\" content=\"4\u00a0Minuten\" \/>\n<script type=\"application\/ld+json\" class=\"yoast-schema-graph\">{\"@context\":\"https:\\\/\\\/schema.org\",\"@graph\":[{\"@type\":\"WebPage\",\"@id\":\"https:\\\/\\\/www.moa-soft.de\\\/wordpress\\\/ammon-impressum-2\\\/\",\"url\":\"https:\\\/\\\/www.moa-soft.de\\\/wordpress\\\/ammon-impressum-2\\\/\",\"name\":\"Impressum - AMMON | Immobilienmaklersoftware\",\"isPartOf\":{\"@id\":\"https:\\\/\\\/www.moa-soft.de\\\/wordpress\\\/#website\"},\"datePublished\":\"2017-11-02T21:30:48+00:00\",\"dateModified\":\"2018-06-06T10:01:43+00:00\",\"breadcrumb\":{\"@id\":\"https:\\\/\\\/www.moa-soft.de\\\/wordpress\\\/ammon-impressum-2\\\/#breadcrumb\"},\"inLanguage\":\"de\",\"potentialAction\":[{\"@type\":\"ReadAction\",\"target\":[\"https:\\\/\\\/www.moa-soft.de\\\/wordpress\\\/ammon-impressum-2\\\/\"]}]},{\"@type\":\"BreadcrumbList\",\"@id\":\"https:\\\/\\\/www.moa-soft.de\\\/wordpress\\\/ammon-impressum-2\\\/#breadcrumb\",\"itemListElement\":[{\"@type\":\"ListItem\",\"position\":1,\"name\":\"Startseite\",\"item\":\"https:\\\/\\\/www.moa-soft.de\\\/wordpress\\\/\"},{\"@type\":\"ListItem\",\"position\":2,\"name\":\"Impressum\"}]},{\"@type\":\"WebSite\",\"@id\":\"https:\\\/\\\/www.moa-soft.de\\\/wordpress\\\/#website\",\"url\":\"https:\\\/\\\/www.moa-soft.de\\\/wordpress\\\/\",\"name\":\"AMMON | Immobilienmaklersoftware\",\"description\":\"Immobilien- und Maklersoftware f\u00fcr Immobilienprofis\",\"publisher\":{\"@id\":\"https:\\\/\\\/www.moa-soft.de\\\/wordpress\\\/#organization\"},\"potentialAction\":[{\"@type\":\"SearchAction\",\"target\":{\"@type\":\"EntryPoint\",\"urlTemplate\":\"https:\\\/\\\/www.moa-soft.de\\\/wordpress\\\/?s={search_term_string}\"},\"query-input\":{\"@type\":\"PropertyValueSpecification\",\"valueRequired\":true,\"valueName\":\"search_term_string\"}}],\"inLanguage\":\"de\"},{\"@type\":\"Organization\",\"@id\":\"https:\\\/\\\/www.moa-soft.de\\\/wordpress\\\/#organization\",\"name\":\"AMMON Immobilienmakler Software\",\"url\":\"https:\\\/\\\/www.moa-soft.de\\\/wordpress\\\/\",\"logo\":{\"@type\":\"ImageObject\",\"inLanguage\":\"de\",\"@id\":\"https:\\\/\\\/www.moa-soft.de\\\/wordpress\\\/#\\\/schema\\\/logo\\\/image\\\/\",\"url\":\"https:\\\/\\\/www.moa-soft.de\\\/wordpress\\\/wp-content\\\/uploads\\\/2018\\\/01\\\/cropped-ammon_appicon512.png\",\"contentUrl\":\"https:\\\/\\\/www.moa-soft.de\\\/wordpress\\\/wp-content\\\/uploads\\\/2018\\\/01\\\/cropped-ammon_appicon512.png\",\"width\":512,\"height\":512,\"caption\":\"AMMON Immobilienmakler Software\"},\"image\":{\"@id\":\"https:\\\/\\\/www.moa-soft.de\\\/wordpress\\\/#\\\/schema\\\/logo\\\/image\\\/\"},\"sameAs\":[\"https:\\\/\\\/www.facebook.com\\\/immobilienmaklersoftware\"]}]}<\/script>\n<!-- \/ Yoast SEO plugin. -->","yoast_head_json":{"title":"Impressum - AMMON | Immobilienmaklersoftware","robots":{"index":"index","follow":"follow","max-snippet":"max-snippet:-1","max-image-preview":"max-image-preview:large","max-video-preview":"max-video-preview:-1"},"canonical":"https:\/\/www.moa-soft.de\/wordpress\/ammon-impressum-2\/","og_locale":"de_DE","og_type":"article","og_title":"Impressum - AMMON | Immobilienmaklersoftware","og_description":"Information \u00fcber Herausgeber Die Webseite www.moa-soft.de wird betrieben von dem Anbieter Maik O. AMMON. AMMON IMMOBILIENMAKLER-SOFTWARE\u00ae Dienstanbieter: Maik O. Ammon Oehder Weg 26 58332 Schwelm Deutschland Telefon: +49 2336. 914 071 Telefax:\u00a0 +49 2336. 914 072 E-Mail: info@moa-soft.de Web: www.moa-soft.de Umsatzsteuer-Identifikationsnummer: DE 155 841 985 &nbsp; Rechtliche Hinweise mit Haftungsausschluss Das Internetangebot des Anbieters Maik Mehr Infos","og_url":"https:\/\/www.moa-soft.de\/wordpress\/ammon-impressum-2\/","og_site_name":"AMMON | Immobilienmaklersoftware","article_publisher":"https:\/\/www.facebook.com\/immobilienmaklersoftware","article_modified_time":"2018-06-06T10:01:43+00:00","twitter_card":"summary_large_image","twitter_misc":{"Gesch\u00e4tzte Lesezeit":"4\u00a0Minuten"},"schema":{"@context":"https:\/\/schema.org","@graph":[{"@type":"WebPage","@id":"https:\/\/www.moa-soft.de\/wordpress\/ammon-impressum-2\/","url":"https:\/\/www.moa-soft.de\/wordpress\/ammon-impressum-2\/","name":"Impressum - AMMON | Immobilienmaklersoftware","isPartOf":{"@id":"https:\/\/www.moa-soft.de\/wordpress\/#website"},"datePublished":"2017-11-02T21:30:48+00:00","dateModified":"2018-06-06T10:01:43+00:00","breadcrumb":{"@id":"https:\/\/www.moa-soft.de\/wordpress\/ammon-impressum-2\/#breadcrumb"},"inLanguage":"de","potentialAction":[{"@type":"ReadAction","target":["https:\/\/www.moa-soft.de\/wordpress\/ammon-impressum-2\/"]}]},{"@type":"BreadcrumbList","@id":"https:\/\/www.moa-soft.de\/wordpress\/ammon-impressum-2\/#breadcrumb","itemListElement":[{"@type":"ListItem","position":1,"name":"Startseite","item":"https:\/\/www.moa-soft.de\/wordpress\/"},{"@type":"ListItem","position":2,"name":"Impressum"}]},{"@type":"WebSite","@id":"https:\/\/www.moa-soft.de\/wordpress\/#website","url":"https:\/\/www.moa-soft.de\/wordpress\/","name":"AMMON | Immobilienmaklersoftware","description":"Immobilien- und Maklersoftware f\u00fcr Immobilienprofis","publisher":{"@id":"https:\/\/www.moa-soft.de\/wordpress\/#organization"},"potentialAction":[{"@type":"SearchAction","target":{"@type":"EntryPoint","urlTemplate":"https:\/\/www.moa-soft.de\/wordpress\/?s={search_term_string}"},"query-input":{"@type":"PropertyValueSpecification","valueRequired":true,"valueName":"search_term_string"}}],"inLanguage":"de"},{"@type":"Organization","@id":"https:\/\/www.moa-soft.de\/wordpress\/#organization","name":"AMMON Immobilienmakler Software","url":"https:\/\/www.moa-soft.de\/wordpress\/","logo":{"@type":"ImageObject","inLanguage":"de","@id":"https:\/\/www.moa-soft.de\/wordpress\/#\/schema\/logo\/image\/","url":"https:\/\/www.moa-soft.de\/wordpress\/wp-content\/uploads\/2018\/01\/cropped-ammon_appicon512.png","contentUrl":"https:\/\/www.moa-soft.de\/wordpress\/wp-content\/uploads\/2018\/01\/cropped-ammon_appicon512.png","width":512,"height":512,"caption":"AMMON Immobilienmakler Software"},"image":{"@id":"https:\/\/www.moa-soft.de\/wordpress\/#\/schema\/logo\/image\/"},"sameAs":["https:\/\/www.facebook.com\/immobilienmaklersoftware"]}]}},"_links":{"self":[{"href":"https:\/\/www.moa-soft.de\/wordpress\/wp-json\/wp\/v2\/pages\/1088","targetHints":{"allow":["GET"]}}],"collection":[{"href":"https:\/\/www.moa-soft.de\/wordpress\/wp-json\/wp\/v2\/pages"}],"about":[{"href":"https:\/\/www.moa-soft.de\/wordpress\/wp-json\/wp\/v2\/types\/page"}],"author":[{"embeddable":true,"href":"https:\/\/www.moa-soft.de\/wordpress\/wp-json\/wp\/v2\/users\/1"}],"replies":[{"embeddable":true,"href":"https:\/\/www.moa-soft.de\/wordpress\/wp-json\/wp\/v2\/comments?post=1088"}],"version-history":[{"count":50,"href":"https:\/\/www.moa-soft.de\/wordpress\/wp-json\/wp\/v2\/pages\/1088\/revisions"}],"predecessor-version":[{"id":4056,"href":"https:\/\/www.moa-soft.de\/wordpress\/wp-json\/wp\/v2\/pages\/1088\/revisions\/4056"}],"wp:attachment":[{"href":"https:\/\/www.moa-soft.de\/wordpress\/wp-json\/wp\/v2\/media?parent=1088"}],"curies":[{"name":"wp","href":"https:\/\/api.w.org\/{rel}","templated":true}]}}