{"id":1093,"date":"2017-11-02T22:33:38","date_gmt":"2017-11-02T21:33:38","guid":{"rendered":"http:\/\/www.moa-soft.de\/wordpress\/?page_id=1093"},"modified":"2021-02-09T23:37:06","modified_gmt":"2021-02-09T22:37:06","slug":"ammon-referenzen","status":"publish","type":"page","link":"https:\/\/www.moa-soft.de\/wordpress\/ammon-referenzen\/","title":{"rendered":"Referenzen | Immobiliensoftware <i>A<\/i>MMON"},"content":{"rendered":"<h4><span style=\"color: #002395;\">REFERENZEN<\/span><\/h4>\r\n<h4><span style=\"color: #002395;\">Wissenswertes zu <i>A<\/i>MMON<\/span><\/h4>\r\n<h4>Heute vermieten wir nun mehr als 3.000 Lizenzen und unsere Anwenderzahl w\u00e4chst stetig und nachhaltig. Einige Immobilienmaklerb\u00fcros setzen <em>A<\/em>MMON schon seit 1992 erfolgreich ein.<\/h4>\r\n<h4>Laut <a class=\"text\" href=\"http:\/\/www.immobilien-profi.de\/\" target=\"_blank\" rel=\"noopener noreferrer\">IMMOBILIEN-PROFI<\/a> Umfrage 2004 w\u00fcrden 100% unserer Kunden sich wieder f\u00fcr uns entscheiden. Zu unseren Kunden geh\u00f6ren Einzelbetriebe, mittelst\u00e4ndische Fillialbetriebe und ganze Immobilienb\u00f6rsen.<\/h4>\r\n<h4>Im Laufe der Zeit ist der Funktionsumfang stetig mit den Anforderungen unserer Kunden, der gegebenen Marktsituation und der fortschreitenden Technik gewachsen. Dabei wurde nicht nur sehr viel Wert auf Funktionalit\u00e4t, sondern haupts\u00e4chlich auf Benutzerfreundlichkeit gelegt.<\/h4>\r\n<h4>An dieser Stelle m\u00f6chten wir uns bei all unseren Kunden bedanken, die tagt\u00e4glich mit unserem Produkt arbeiten und durch deren Verbesserungsvorschl\u00e4ge <em>A<\/em>MMON sich leistungsstark entwickelt hat. Auch zuk\u00fcnftig werden wir Ihnen eine aktuelle, moderne und insbesondere praktisch anwendbare Software bieten.<\/h4>\r\n<h4>Anl\u00e4sslich des Innovationspreises 2008 \u00fcberzeugte <em>A<\/em>MMON die Immobilienmaklersoftware die Jury durch seinen Nutzwert, Innovationsgehalt und seine Mittelstandseignung. Dadurch sicherte sich <em>A<\/em>MMON\u00a0 &#8211; Die Software f\u00fcr Immobilienmakler einen Platz in der engeren Auswahl unter mehr als 1.600 eingereichten Bewerbungen.<\/h4>\r\n","protected":false},"excerpt":{"rendered":"<p>REFERENZEN Wissenswertes zu AMMON Heute vermieten wir nun mehr als 3.000 Lizenzen und unsere Anwenderzahl w\u00e4chst stetig und nachhaltig. Einige Immobilienmaklerb\u00fcros setzen AMMON schon seit 1992 erfolgreich ein. Laut IMMOBILIEN-PROFI Umfrage 2004 w\u00fcrden 100% unserer Kunden sich wieder f\u00fcr uns entscheiden. Zu unseren Kunden geh\u00f6ren Einzelbetriebe, mittelst\u00e4ndische Fillialbetriebe und ganze Immobilienb\u00f6rsen. Im Laufe der Zeit <span class=\"moretag\"><a href=\"https:\/\/www.moa-soft.de\/wordpress\/ammon-referenzen\/\" class=\"btn btn-sm btn-primary\">Mehr Infos<\/a><\/span><\/p>\n","protected":false},"author":1,"featured_media":0,"parent":0,"menu_order":0,"comment_status":"closed","ping_status":"closed","template":"","meta":{"footnotes":""},"class_list":["post-1093","page","type-page","status-publish","hentry"],"yoast_head":"<!-- This site is optimized with the Yoast SEO plugin v27.5 - https:\/\/yoast.com\/product\/yoast-seo-wordpress\/ -->\n<title>Referenzen | Immobiliensoftware AMMON - AMMON | Immobilienmaklersoftware<\/title>\n<meta name=\"robots\" content=\"index, follow, max-snippet:-1, max-image-preview:large, max-video-preview:-1\" \/>\n<link rel=\"canonical\" href=\"https:\/\/www.moa-soft.de\/wordpress\/ammon-referenzen\/\" \/>\n<meta property=\"og:locale\" content=\"de_DE\" \/>\n<meta property=\"og:type\" content=\"article\" \/>\n<meta property=\"og:title\" content=\"Referenzen | Immobiliensoftware AMMON - AMMON | Immobilienmaklersoftware\" \/>\n<meta property=\"og:description\" content=\"REFERENZEN Wissenswertes zu AMMON Heute vermieten wir nun mehr als 3.000 Lizenzen und unsere Anwenderzahl w\u00e4chst stetig und nachhaltig. Einige Immobilienmaklerb\u00fcros setzen AMMON schon seit 1992 erfolgreich ein. Laut IMMOBILIEN-PROFI Umfrage 2004 w\u00fcrden 100% unserer Kunden sich wieder f\u00fcr uns entscheiden. Zu unseren Kunden geh\u00f6ren Einzelbetriebe, mittelst\u00e4ndische Fillialbetriebe und ganze Immobilienb\u00f6rsen. Im Laufe der Zeit Mehr Infos\" \/>\n<meta property=\"og:url\" content=\"https:\/\/www.moa-soft.de\/wordpress\/ammon-referenzen\/\" \/>\n<meta property=\"og:site_name\" content=\"AMMON | Immobilienmaklersoftware\" \/>\n<meta property=\"article:publisher\" content=\"https:\/\/www.facebook.com\/immobilienmaklersoftware\" \/>\n<meta property=\"article:modified_time\" content=\"2021-02-09T22:37:06+00:00\" \/>\n<meta name=\"twitter:card\" content=\"summary_large_image\" \/>\n<meta name=\"twitter:label1\" content=\"Gesch\u00e4tzte Lesezeit\" \/>\n\t<meta name=\"twitter:data1\" content=\"1\u00a0Minute\" \/>\n<script type=\"application\/ld+json\" class=\"yoast-schema-graph\">{\"@context\":\"https:\\\/\\\/schema.org\",\"@graph\":[{\"@type\":\"WebPage\",\"@id\":\"https:\\\/\\\/www.moa-soft.de\\\/wordpress\\\/ammon-referenzen\\\/\",\"url\":\"https:\\\/\\\/www.moa-soft.de\\\/wordpress\\\/ammon-referenzen\\\/\",\"name\":\"Referenzen | Immobiliensoftware AMMON - AMMON | Immobilienmaklersoftware\",\"isPartOf\":{\"@id\":\"https:\\\/\\\/www.moa-soft.de\\\/wordpress\\\/#website\"},\"datePublished\":\"2017-11-02T21:33:38+00:00\",\"dateModified\":\"2021-02-09T22:37:06+00:00\",\"breadcrumb\":{\"@id\":\"https:\\\/\\\/www.moa-soft.de\\\/wordpress\\\/ammon-referenzen\\\/#breadcrumb\"},\"inLanguage\":\"de\",\"potentialAction\":[{\"@type\":\"ReadAction\",\"target\":[\"https:\\\/\\\/www.moa-soft.de\\\/wordpress\\\/ammon-referenzen\\\/\"]}]},{\"@type\":\"BreadcrumbList\",\"@id\":\"https:\\\/\\\/www.moa-soft.de\\\/wordpress\\\/ammon-referenzen\\\/#breadcrumb\",\"itemListElement\":[{\"@type\":\"ListItem\",\"position\":1,\"name\":\"Startseite\",\"item\":\"https:\\\/\\\/www.moa-soft.de\\\/wordpress\\\/\"},{\"@type\":\"ListItem\",\"position\":2,\"name\":\"Referenzen | Immobiliensoftware AMMON\"}]},{\"@type\":\"WebSite\",\"@id\":\"https:\\\/\\\/www.moa-soft.de\\\/wordpress\\\/#website\",\"url\":\"https:\\\/\\\/www.moa-soft.de\\\/wordpress\\\/\",\"name\":\"AMMON | Immobilienmaklersoftware\",\"description\":\"Immobilien- und Maklersoftware f\u00fcr Immobilienprofis\",\"publisher\":{\"@id\":\"https:\\\/\\\/www.moa-soft.de\\\/wordpress\\\/#organization\"},\"potentialAction\":[{\"@type\":\"SearchAction\",\"target\":{\"@type\":\"EntryPoint\",\"urlTemplate\":\"https:\\\/\\\/www.moa-soft.de\\\/wordpress\\\/?s={search_term_string}\"},\"query-input\":{\"@type\":\"PropertyValueSpecification\",\"valueRequired\":true,\"valueName\":\"search_term_string\"}}],\"inLanguage\":\"de\"},{\"@type\":\"Organization\",\"@id\":\"https:\\\/\\\/www.moa-soft.de\\\/wordpress\\\/#organization\",\"name\":\"AMMON Immobilienmakler Software\",\"url\":\"https:\\\/\\\/www.moa-soft.de\\\/wordpress\\\/\",\"logo\":{\"@type\":\"ImageObject\",\"inLanguage\":\"de\",\"@id\":\"https:\\\/\\\/www.moa-soft.de\\\/wordpress\\\/#\\\/schema\\\/logo\\\/image\\\/\",\"url\":\"https:\\\/\\\/www.moa-soft.de\\\/wordpress\\\/wp-content\\\/uploads\\\/2018\\\/01\\\/cropped-ammon_appicon512.png\",\"contentUrl\":\"https:\\\/\\\/www.moa-soft.de\\\/wordpress\\\/wp-content\\\/uploads\\\/2018\\\/01\\\/cropped-ammon_appicon512.png\",\"width\":512,\"height\":512,\"caption\":\"AMMON Immobilienmakler Software\"},\"image\":{\"@id\":\"https:\\\/\\\/www.moa-soft.de\\\/wordpress\\\/#\\\/schema\\\/logo\\\/image\\\/\"},\"sameAs\":[\"https:\\\/\\\/www.facebook.com\\\/immobilienmaklersoftware\"]}]}<\/script>\n<!-- \/ Yoast SEO plugin. -->","yoast_head_json":{"title":"Referenzen | Immobiliensoftware AMMON - AMMON | Immobilienmaklersoftware","robots":{"index":"index","follow":"follow","max-snippet":"max-snippet:-1","max-image-preview":"max-image-preview:large","max-video-preview":"max-video-preview:-1"},"canonical":"https:\/\/www.moa-soft.de\/wordpress\/ammon-referenzen\/","og_locale":"de_DE","og_type":"article","og_title":"Referenzen | Immobiliensoftware AMMON - AMMON | Immobilienmaklersoftware","og_description":"REFERENZEN Wissenswertes zu AMMON Heute vermieten wir nun mehr als 3.000 Lizenzen und unsere Anwenderzahl w\u00e4chst stetig und nachhaltig. Einige Immobilienmaklerb\u00fcros setzen AMMON schon seit 1992 erfolgreich ein. Laut IMMOBILIEN-PROFI Umfrage 2004 w\u00fcrden 100% unserer Kunden sich wieder f\u00fcr uns entscheiden. Zu unseren Kunden geh\u00f6ren Einzelbetriebe, mittelst\u00e4ndische Fillialbetriebe und ganze Immobilienb\u00f6rsen. Im Laufe der Zeit Mehr Infos","og_url":"https:\/\/www.moa-soft.de\/wordpress\/ammon-referenzen\/","og_site_name":"AMMON | Immobilienmaklersoftware","article_publisher":"https:\/\/www.facebook.com\/immobilienmaklersoftware","article_modified_time":"2021-02-09T22:37:06+00:00","twitter_card":"summary_large_image","twitter_misc":{"Gesch\u00e4tzte Lesezeit":"1\u00a0Minute"},"schema":{"@context":"https:\/\/schema.org","@graph":[{"@type":"WebPage","@id":"https:\/\/www.moa-soft.de\/wordpress\/ammon-referenzen\/","url":"https:\/\/www.moa-soft.de\/wordpress\/ammon-referenzen\/","name":"Referenzen | Immobiliensoftware AMMON - AMMON | Immobilienmaklersoftware","isPartOf":{"@id":"https:\/\/www.moa-soft.de\/wordpress\/#website"},"datePublished":"2017-11-02T21:33:38+00:00","dateModified":"2021-02-09T22:37:06+00:00","breadcrumb":{"@id":"https:\/\/www.moa-soft.de\/wordpress\/ammon-referenzen\/#breadcrumb"},"inLanguage":"de","potentialAction":[{"@type":"ReadAction","target":["https:\/\/www.moa-soft.de\/wordpress\/ammon-referenzen\/"]}]},{"@type":"BreadcrumbList","@id":"https:\/\/www.moa-soft.de\/wordpress\/ammon-referenzen\/#breadcrumb","itemListElement":[{"@type":"ListItem","position":1,"name":"Startseite","item":"https:\/\/www.moa-soft.de\/wordpress\/"},{"@type":"ListItem","position":2,"name":"Referenzen | Immobiliensoftware AMMON"}]},{"@type":"WebSite","@id":"https:\/\/www.moa-soft.de\/wordpress\/#website","url":"https:\/\/www.moa-soft.de\/wordpress\/","name":"AMMON | Immobilienmaklersoftware","description":"Immobilien- und Maklersoftware f\u00fcr Immobilienprofis","publisher":{"@id":"https:\/\/www.moa-soft.de\/wordpress\/#organization"},"potentialAction":[{"@type":"SearchAction","target":{"@type":"EntryPoint","urlTemplate":"https:\/\/www.moa-soft.de\/wordpress\/?s={search_term_string}"},"query-input":{"@type":"PropertyValueSpecification","valueRequired":true,"valueName":"search_term_string"}}],"inLanguage":"de"},{"@type":"Organization","@id":"https:\/\/www.moa-soft.de\/wordpress\/#organization","name":"AMMON Immobilienmakler Software","url":"https:\/\/www.moa-soft.de\/wordpress\/","logo":{"@type":"ImageObject","inLanguage":"de","@id":"https:\/\/www.moa-soft.de\/wordpress\/#\/schema\/logo\/image\/","url":"https:\/\/www.moa-soft.de\/wordpress\/wp-content\/uploads\/2018\/01\/cropped-ammon_appicon512.png","contentUrl":"https:\/\/www.moa-soft.de\/wordpress\/wp-content\/uploads\/2018\/01\/cropped-ammon_appicon512.png","width":512,"height":512,"caption":"AMMON Immobilienmakler Software"},"image":{"@id":"https:\/\/www.moa-soft.de\/wordpress\/#\/schema\/logo\/image\/"},"sameAs":["https:\/\/www.facebook.com\/immobilienmaklersoftware"]}]}},"_links":{"self":[{"href":"https:\/\/www.moa-soft.de\/wordpress\/wp-json\/wp\/v2\/pages\/1093","targetHints":{"allow":["GET"]}}],"collection":[{"href":"https:\/\/www.moa-soft.de\/wordpress\/wp-json\/wp\/v2\/pages"}],"about":[{"href":"https:\/\/www.moa-soft.de\/wordpress\/wp-json\/wp\/v2\/types\/page"}],"author":[{"embeddable":true,"href":"https:\/\/www.moa-soft.de\/wordpress\/wp-json\/wp\/v2\/users\/1"}],"replies":[{"embeddable":true,"href":"https:\/\/www.moa-soft.de\/wordpress\/wp-json\/wp\/v2\/comments?post=1093"}],"version-history":[{"count":12,"href":"https:\/\/www.moa-soft.de\/wordpress\/wp-json\/wp\/v2\/pages\/1093\/revisions"}],"predecessor-version":[{"id":4356,"href":"https:\/\/www.moa-soft.de\/wordpress\/wp-json\/wp\/v2\/pages\/1093\/revisions\/4356"}],"wp:attachment":[{"href":"https:\/\/www.moa-soft.de\/wordpress\/wp-json\/wp\/v2\/media?parent=1093"}],"curies":[{"name":"wp","href":"https:\/\/api.w.org\/{rel}","templated":true}]}}