{"id":1097,"date":"2017-11-02T22:35:30","date_gmt":"2017-11-02T21:35:30","guid":{"rendered":"http:\/\/www.moa-soft.de\/wordpress\/?page_id=1097"},"modified":"2021-02-09T23:37:51","modified_gmt":"2021-02-09T22:37:51","slug":"ammon-kooperationen","status":"publish","type":"page","link":"https:\/\/www.moa-soft.de\/wordpress\/ammon-referenzen\/ammon-kooperationen\/","title":{"rendered":"Kooperationen f\u00fcr das Immobilien-CRM"},"content":{"rendered":"<h4><span style=\"color: #002395;\">KOOPERATIONEN F\u00dcR DAS IMMOBILIEN-CRM<br \/>\n<\/span><\/h4>\n<h4>Um Ihnen eine professionelle Immobiliensoftware und eine ganzheitliche Dienstleistung bieten zu k\u00f6nnen, kooperieren wir mit\u00a0verschiedenen Unternehmen aus der Immobilienbranche:<\/h4>\n<p>&nbsp;<\/p>\n<table width=\"60%\" cellspacing=\"5\" align=\"center\">\n<tbody>\n<tr>\n<td class=\"texthead\" align=\"center\"><a href=\"http:\/\/www.immobilienscout24.de\" target=\"_blank\" rel=\"noopener\"><img decoding=\"async\" src=\"https:\/\/www.moa-soft.de\/portale\/scout.gif\" \/><\/a><\/p>\n<hr \/>\n<\/td>\n<\/tr>\n<tr>\n<td class=\"texthead\" align=\"center\"><a href=\"http:\/\/www.ivd-sued.net\" target=\"_blank\" rel=\"noopener\"><img decoding=\"async\" src=\"https:\/\/www.moa-soft.de\/portale\/ivdsued.gif\" width=\"200\" \/><\/a><\/p>\n<hr \/>\n<\/td>\n<\/tr>\n<tr>\n<td class=\"texthead\" align=\"center\"><a href=\"http:\/\/www.immonet.de\" target=\"_blank\" rel=\"noopener\"><img decoding=\"async\" src=\"https:\/\/www.moa-soft.de\/portale\/immonet.gif\" \/><\/a><\/p>\n<hr \/>\n<\/td>\n<\/tr>\n<tr>\n<td class=\"texthead\" align=\"center\"><a href=\"http:\/\/www.immobilien.de\" target=\"_blank\" rel=\"noopener\"><img decoding=\"async\" src=\"https:\/\/www.moa-soft.de\/portale\/immobiliende.gif\" \/><\/a><\/p>\n<hr \/>\n<\/td>\n<\/tr>\n<tr>\n<td class=\"texthead\" align=\"center\"><a href=\"http:\/\/www.immowelt.de\" target=\"_blank\" rel=\"noopener\"><img decoding=\"async\" src=\"https:\/\/www.moa-soft.de\/portale\/immowelt.gif\" \/><\/a><\/p>\n<hr \/>\n<\/td>\n<\/tr>\n<tr>\n<td class=\"texthead\" align=\"center\"><a href=\"http:\/\/www.immoxxl.de\" target=\"_blank\" rel=\"noopener\"><img decoding=\"async\" src=\"https:\/\/www.moa-soft.de\/portale\/immoxxl.gif\" \/><\/a><\/p>\n<hr \/>\n<\/td>\n<\/tr>\n<tr>\n<td class=\"texthead\" align=\"center\"><a href=\"https:\/\/www.clever-immobilien.de\" target=\"_blank\" rel=\"noopener\"><img decoding=\"async\" src=\"https:\/\/www.moa-soft.de\/portale\/ci_logo.png\" width=\"250\" \/><\/a><\/p>\n<hr \/>\n<\/td>\n<\/tr>\n<tr>\n<td class=\"texthead\" align=\"center\"><a href=\"https:\/\/www.immobilienanzeigen24.com\" target=\"_blank\" rel=\"noopener\"><img decoding=\"async\" src=\"https:\/\/www.moa-soft.de\/portale\/immobilienanzeigen24.jpg\" \/><\/a><\/p>\n<hr \/>\n<\/td>\n<\/tr>\n<tr>\n<td class=\"texthead\" align=\"center\"><a href=\"http:\/\/www.immozentral.de\" target=\"_blank\" rel=\"noopener\"><img decoding=\"async\" src=\"https:\/\/www.moa-soft.de\/portale\/immozentral.gif\" \/><\/a><\/p>\n<hr \/>\n<\/td>\n<\/tr>\n<tr>\n<td class=\"texthead\" align=\"center\"><a href=\"http:\/\/www.hotimmo.de\" target=\"_blank\" rel=\"noopener\"><img decoding=\"async\" src=\"https:\/\/www.moa-soft.de\/portale\/hotimmo.gif\" \/><br \/>\n<img decoding=\"async\" src=\"\/portale\/hotimmo1.gif\" \/><\/a><\/p>\n<hr \/>\n<\/td>\n<\/tr>\n<tr>\n<td class=\"texthead\" align=\"center\"><a href=\"http:\/\/www.re-share.de\" target=\"_blank\" rel=\"noopener\"><img decoding=\"async\" src=\"https:\/\/www.moa-soft.de\/portale\/re-share.jpg\" width=\"250\" \/><\/a><\/p>\n<hr \/>\n<\/td>\n<\/tr>\n<tr>\n<td class=\"texthead\" align=\"center\"><a href=\"http:\/\/www.wohnen-in-mv.de\" target=\"_blank\" rel=\"noopener\"><img decoding=\"async\" src=\"https:\/\/www.moa-soft.de\/portale\/wohnen_in_mv.jpg\" width=\"250\" \/><\/a><\/p>\n<hr \/>\n<\/td>\n<\/tr>\n<tr>\n<td class=\"texthead\" align=\"center\"><a href=\"http:\/\/www.efondo.de\" target=\"_blank\" rel=\"noopener\"><img decoding=\"async\" src=\"https:\/\/www.moa-soft.de\/portale\/efondo.png\" width=\"250\" \/><\/a><\/p>\n<hr \/>\n<\/td>\n<\/tr>\n<tr>\n<td class=\"texthead\" align=\"center\"><a href=\"http:\/\/www.awalto.de\" target=\"_blank\" rel=\"noopener\"><img decoding=\"async\" src=\"https:\/\/www.moa-soft.de\/portale\/awalto.gif\" \/><\/a><\/p>\n<hr \/>\n<\/td>\n<\/tr>\n<tr>\n<td class=\"texthead\" align=\"center\"><a href=\"http:\/\/www.immopersuite.de\" target=\"_blank\" rel=\"noopener\"><img decoding=\"async\" src=\"https:\/\/www.moa-soft.de\/portale\/immopersuite.gif\" \/><\/a><\/p>\n<hr \/>\n<\/td>\n<\/tr>\n<tr>\n<td class=\"texthead\" align=\"center\"><a href=\"http:\/\/www.kalaydo.de\" target=\"_blank\" rel=\"noopener\"><img decoding=\"async\" src=\"https:\/\/www.moa-soft.de\/portale\/kalaydo.gif\" \/><\/a><\/p>\n<hr \/>\n<\/td>\n<\/tr>\n<tr>\n<td class=\"texthead\" align=\"center\"><a href=\"http:\/\/www.immobiliedirekt.de\" target=\"_blank\" rel=\"noopener\"><img decoding=\"async\" src=\"https:\/\/www.moa-soft.de\/portale\/direkt.gif\" \/><\/a><\/p>\n<hr \/>\n<\/td>\n<\/tr>\n<tr>\n<td class=\"texthead\" align=\"center\"><a href=\"http:\/\/www.immopool.de\" target=\"_blank\" rel=\"noopener\"><img decoding=\"async\" src=\"https:\/\/www.moa-soft.de\/portale\/immopool.gif\" \/><\/a><\/p>\n<hr \/>\n<\/td>\n<\/tr>\n<tr>\n<td class=\"texthead\" align=\"center\"><a href=\"http:\/\/www.immobilien-konkret.de\" target=\"_blank\" rel=\"noopener\"><img decoding=\"async\" src=\"https:\/\/www.moa-soft.de\/portale\/konkret.gif\" \/><\/a><\/p>\n<hr \/>\n<\/td>\n<\/tr>\n<tr>\n<td class=\"texthead\" align=\"center\"><a href=\"http:\/\/www.ion24.de\" target=\"_blank\" rel=\"noopener\"><img decoding=\"async\" src=\"https:\/\/www.moa-soft.de\/portale\/ion24.gif\" \/><\/a><\/p>\n<hr \/>\n<\/td>\n<\/tr>\n<tr>\n<td class=\"texthead\" align=\"center\"><a href=\"http:\/\/www.openimmo.de\" target=\"_blank\" rel=\"noopener\"><img decoding=\"async\" src=\"https:\/\/www.moa-soft.de\/portale\/openimmo.gif\" \/><\/a><\/p>\n<hr \/>\n<\/td>\n<\/tr>\n<tr>\n<td class=\"texthead\" align=\"center\"><a href=\"http:\/\/www.immobilien-koeln.de\" target=\"_blank\" rel=\"noopener\"><img decoding=\"async\" src=\"https:\/\/www.moa-soft.de\/portale\/koelnimmo.gif\" width=\"200\" \/><\/a><\/p>\n<hr \/>\n<\/td>\n<\/tr>\n<tr>\n<td class=\"texthead\" align=\"center\"><a href=\"http:\/\/immo.openindex.de\" target=\"_blank\" rel=\"noopener\"><img decoding=\"async\" src=\"https:\/\/www.moa-soft.de\/portale\/openindex.gif\" \/><\/a><\/p>\n<hr \/>\n<\/td>\n<\/tr>\n<tr>\n<td class=\"texthead\" align=\"center\"><a href=\"http:\/\/www.planethome.de\" target=\"_blank\" rel=\"noopener\"><img decoding=\"async\" src=\"https:\/\/www.moa-soft.de\/portale\/planet.gif\" \/><\/a><\/p>\n<hr \/>\n<\/td>\n<\/tr>\n<tr>\n<td class=\"texthead\" align=\"center\"><a href=\"http:\/\/www.immo-professional.de\" target=\"_blank\" rel=\"noopener\"><img decoding=\"async\" src=\"https:\/\/www.moa-soft.de\/portale\/prof.gif\" \/><\/a><\/p>\n<hr \/>\n<\/td>\n<\/tr>\n<tr>\n<td class=\"texthead\" align=\"center\"><a href=\"http:\/\/www.wib24.de\" target=\"_blank\" rel=\"noopener\"><img decoding=\"async\" src=\"https:\/\/www.moa-soft.de\/portale\/wib24.gif\" \/><\/a><\/p>\n<hr \/>\n<\/td>\n<\/tr>\n<tr>\n<td class=\"texthead\" align=\"center\"><a href=\"http:\/\/www.immotime24.de\" target=\"_blank\" rel=\"noopener\"><img decoding=\"async\" src=\"https:\/\/www.moa-soft.de\/portale\/immotime24.jpg\" \/><\/a><\/p>\n<hr \/>\n<\/td>\n<\/tr>\n<tr>\n<td class=\"texthead\" align=\"center\"><a href=\"http:\/\/www.screenwork.de\" target=\"_blank\" rel=\"noopener\"><img decoding=\"async\" src=\"https:\/\/www.moa-soft.de\/portale\/screenwork.gif\" \/><\/a><\/p>\n<hr \/>\n<\/td>\n<\/tr>\n<tr>\n<td class=\"texthead\" align=\"center\"><a href=\"http:\/\/www.deutsche-immobilienboerse.de\" target=\"_blank\" rel=\"noopener\"><img decoding=\"async\" src=\"https:\/\/www.moa-soft.de\/portale\/dib.gif\" \/><\/a><\/p>\n<hr \/>\n<\/td>\n<\/tr>\n<tr>\n<td class=\"texthead\" align=\"center\"><a href=\"http:\/\/www.wohnung-jetzt.de\" target=\"_blank\" rel=\"noopener\"><img decoding=\"async\" src=\"https:\/\/www.moa-soft.de\/portale\/wjde.jpg\" \/><\/a><\/p>\n<hr \/>\n<\/td>\n<\/tr>\n<tr>\n<td class=\"texthead\" align=\"center\"><a href=\"http:\/\/www.my-next-home.de\" target=\"_blank\" rel=\"noopener\"><img decoding=\"async\" src=\"https:\/\/www.moa-soft.de\/portale\/mnh.gif\" \/><\/a><\/p>\n<hr \/>\n<\/td>\n<\/tr>\n<tr>\n<td class=\"texthead\" align=\"center\"><a href=\"http:\/\/www.1a-immobilienmarkt.de\" target=\"_blank\" rel=\"noopener\"><img decoding=\"async\" src=\"https:\/\/www.moa-soft.de\/portale\/1aimmo.gif\" \/><\/a><\/p>\n<hr \/>\n<\/td>\n<\/tr>\n<tr>\n<td class=\"texthead\" align=\"center\"><a href=\"http:\/\/www.gewerbeimmobilen24.de\" target=\"_blank\" rel=\"noopener\"><img decoding=\"async\" src=\"https:\/\/www.moa-soft.de\/portale\/gi24.gif\" \/><\/a><\/p>\n<hr \/>\n<\/td>\n<\/tr>\n<tr>\n<td class=\"texthead\" align=\"center\"><a href=\"http:\/\/www.immopro24.com\" target=\"_blank\" rel=\"noopener\"><img decoding=\"async\" src=\"https:\/\/www.moa-soft.de\/portale\/immopro24.gif\" \/><\/a><\/p>\n<hr \/>\n<\/td>\n<\/tr>\n<tr>\n<td class=\"texthead\" align=\"center\"><a href=\"http:\/\/www.mietplatz.eu\" target=\"_blank\" rel=\"noopener\"><img decoding=\"async\" src=\"https:\/\/www.moa-soft.de\/portale\/mietplatz.jpg\" \/><\/a><\/p>\n<hr \/>\n<\/td>\n<\/tr>\n<tr>\n<td class=\"texthead\" align=\"center\"><a href=\"http:\/\/www.myimmoworld.de\" target=\"_blank\" rel=\"noopener\"><img decoding=\"async\" src=\"https:\/\/www.moa-soft.de\/portale\/myimmoworld.png\" \/><\/a><\/p>\n<hr \/>\n<\/td>\n<\/tr>\n<tr>\n<td class=\"texthead\" align=\"center\"><a href=\"http:\/\/www.freeimmo.de\" target=\"_blank\" rel=\"noopener\"><img decoding=\"async\" src=\"https:\/\/www.moa-soft.de\/portale\/freeimmo.gif\" width=\"250\" \/><\/a><\/p>\n<hr \/>\n<\/td>\n<\/tr>\n<tr>\n<td class=\"texthead\" align=\"center\"><a href=\"http:\/\/www.immoannonce24.de\" target=\"_blank\" rel=\"noopener\"><img decoding=\"async\" src=\"https:\/\/www.moa-soft.de\/portale\/annonce24.gif\" \/><\/a><\/p>\n<hr \/>\n<\/td>\n<\/tr>\n<tr>\n<td class=\"texthead\" align=\"center\"><a href=\"http:\/\/www.newhome.de\" target=\"_blank\" rel=\"noopener\"><img decoding=\"async\" src=\"https:\/\/www.moa-soft.de\/portale\/newhome.gif\" width=\"200\" \/><\/a><\/p>\n<hr \/>\n<\/td>\n<\/tr>\n<tr>\n<td class=\"texthead\" align=\"center\"><a href=\"http:\/\/www.rp-online.de\" target=\"_blank\" rel=\"noopener\"><img decoding=\"async\" src=\"https:\/\/www.moa-soft.de\/portale\/rponline.gif\" \/><\/a><\/p>\n<hr \/>\n<\/td>\n<\/tr>\n<tr>\n<td class=\"texthead\" align=\"center\"><a href=\"http:\/\/www.sz-online.de\" target=\"_blank\" rel=\"noopener\"><img decoding=\"async\" src=\"https:\/\/www.moa-soft.de\/portale\/sz.gif\" \/><\/a><\/p>\n<hr \/>\n<\/td>\n<\/tr>\n<tr>\n<td class=\"texthead\" align=\"center\"><a href=\"http:\/\/www.0800-immofux.com\" target=\"_blank\" rel=\"noopener\"><img decoding=\"async\" src=\"https:\/\/www.moa-soft.de\/portale\/immofuxx.gif\" \/><\/a><\/p>\n<hr \/>\n<\/td>\n<\/tr>\n<tr>\n<td class=\"texthead\" align=\"center\"><img decoding=\"async\" src=\"https:\/\/www.moa-soft.de\/portale\/bib.gif\" \/><\/p>\n<hr \/>\n<\/td>\n<\/tr>\n<tr>\n<td class=\"texthead\" align=\"center\"><img decoding=\"async\" src=\"https:\/\/www.moa-soft.de\/portale\/dib24.gif\" \/><\/p>\n<hr \/>\n<\/td>\n<\/tr>\n<tr>\n<td class=\"texthead\" align=\"center\"><img decoding=\"async\" src=\"https:\/\/www.moa-soft.de\/portale\/iwb.gif\" \/><\/p>\n<hr \/>\n<\/td>\n<\/tr>\n<tr>\n<td class=\"texthead\" align=\"center\"><img decoding=\"async\" src=\"https:\/\/www.moa-soft.de\/portale\/lib.gif\" \/><\/p>\n<hr \/>\n<\/td>\n<\/tr>\n<tr>\n<td class=\"texthead\" align=\"center\"><img decoding=\"async\" src=\"https:\/\/www.moa-soft.de\/portale\/kib.gif\" \/><\/p>\n<hr \/>\n<\/td>\n<\/tr>\n<tr>\n<td class=\"texthead\" style=\"text-align: center;\">\n<h4>und viele weitere mehr.<\/h4>\n<\/td>\n<\/tr>\n<\/tbody>\n<\/table>\n","protected":false},"excerpt":{"rendered":"<p>KOOPERATIONEN F\u00dcR DAS IMMOBILIEN-CRM Um Ihnen eine professionelle Immobiliensoftware und eine ganzheitliche Dienstleistung bieten zu k\u00f6nnen, kooperieren wir mit\u00a0verschiedenen Unternehmen aus der Immobilienbranche: &nbsp; und viele weitere mehr.<\/p>\n","protected":false},"author":1,"featured_media":0,"parent":1093,"menu_order":0,"comment_status":"closed","ping_status":"closed","template":"","meta":{"footnotes":""},"class_list":["post-1097","page","type-page","status-publish","hentry"],"yoast_head":"<!-- This site is optimized with the Yoast SEO plugin v27.4 - https:\/\/yoast.com\/product\/yoast-seo-wordpress\/ -->\n<title>Kooperationen f\u00fcr das Immobilien-CRM - AMMON | Immobilienmaklersoftware<\/title>\n<meta name=\"robots\" content=\"index, follow, max-snippet:-1, max-image-preview:large, max-video-preview:-1\" \/>\n<link rel=\"canonical\" href=\"https:\/\/www.moa-soft.de\/wordpress\/ammon-referenzen\/ammon-kooperationen\/\" \/>\n<meta property=\"og:locale\" content=\"de_DE\" \/>\n<meta property=\"og:type\" content=\"article\" \/>\n<meta property=\"og:title\" content=\"Kooperationen f\u00fcr das Immobilien-CRM - AMMON | Immobilienmaklersoftware\" \/>\n<meta property=\"og:description\" content=\"KOOPERATIONEN F\u00dcR DAS IMMOBILIEN-CRM Um Ihnen eine professionelle Immobiliensoftware und eine ganzheitliche Dienstleistung bieten zu k\u00f6nnen, kooperieren wir mit\u00a0verschiedenen Unternehmen aus der Immobilienbranche: &nbsp; und viele weitere mehr.\" \/>\n<meta property=\"og:url\" content=\"https:\/\/www.moa-soft.de\/wordpress\/ammon-referenzen\/ammon-kooperationen\/\" \/>\n<meta property=\"og:site_name\" content=\"AMMON | Immobilienmaklersoftware\" \/>\n<meta property=\"article:publisher\" content=\"https:\/\/www.facebook.com\/immobilienmaklersoftware\" \/>\n<meta property=\"article:modified_time\" content=\"2021-02-09T22:37:51+00:00\" \/>\n<meta property=\"og:image\" content=\"https:\/\/www.moa-soft.de\/portale\/scout.gif\" \/>\n<meta name=\"twitter:card\" content=\"summary_large_image\" \/>\n<script type=\"application\/ld+json\" class=\"yoast-schema-graph\">{\"@context\":\"https:\\\/\\\/schema.org\",\"@graph\":[{\"@type\":\"WebPage\",\"@id\":\"https:\\\/\\\/www.moa-soft.de\\\/wordpress\\\/ammon-referenzen\\\/ammon-kooperationen\\\/\",\"url\":\"https:\\\/\\\/www.moa-soft.de\\\/wordpress\\\/ammon-referenzen\\\/ammon-kooperationen\\\/\",\"name\":\"Kooperationen f\u00fcr das Immobilien-CRM - AMMON | Immobilienmaklersoftware\",\"isPartOf\":{\"@id\":\"https:\\\/\\\/www.moa-soft.de\\\/wordpress\\\/#website\"},\"primaryImageOfPage\":{\"@id\":\"https:\\\/\\\/www.moa-soft.de\\\/wordpress\\\/ammon-referenzen\\\/ammon-kooperationen\\\/#primaryimage\"},\"image\":{\"@id\":\"https:\\\/\\\/www.moa-soft.de\\\/wordpress\\\/ammon-referenzen\\\/ammon-kooperationen\\\/#primaryimage\"},\"thumbnailUrl\":\"https:\\\/\\\/www.moa-soft.de\\\/portale\\\/scout.gif\",\"datePublished\":\"2017-11-02T21:35:30+00:00\",\"dateModified\":\"2021-02-09T22:37:51+00:00\",\"breadcrumb\":{\"@id\":\"https:\\\/\\\/www.moa-soft.de\\\/wordpress\\\/ammon-referenzen\\\/ammon-kooperationen\\\/#breadcrumb\"},\"inLanguage\":\"de\",\"potentialAction\":[{\"@type\":\"ReadAction\",\"target\":[\"https:\\\/\\\/www.moa-soft.de\\\/wordpress\\\/ammon-referenzen\\\/ammon-kooperationen\\\/\"]}]},{\"@type\":\"ImageObject\",\"inLanguage\":\"de\",\"@id\":\"https:\\\/\\\/www.moa-soft.de\\\/wordpress\\\/ammon-referenzen\\\/ammon-kooperationen\\\/#primaryimage\",\"url\":\"https:\\\/\\\/www.moa-soft.de\\\/portale\\\/scout.gif\",\"contentUrl\":\"https:\\\/\\\/www.moa-soft.de\\\/portale\\\/scout.gif\"},{\"@type\":\"BreadcrumbList\",\"@id\":\"https:\\\/\\\/www.moa-soft.de\\\/wordpress\\\/ammon-referenzen\\\/ammon-kooperationen\\\/#breadcrumb\",\"itemListElement\":[{\"@type\":\"ListItem\",\"position\":1,\"name\":\"Startseite\",\"item\":\"https:\\\/\\\/www.moa-soft.de\\\/wordpress\\\/\"},{\"@type\":\"ListItem\",\"position\":2,\"name\":\"Referenzen | Immobiliensoftware AMMON\",\"item\":\"https:\\\/\\\/www.moa-soft.de\\\/wordpress\\\/ammon-referenzen\\\/\"},{\"@type\":\"ListItem\",\"position\":3,\"name\":\"Kooperationen f\u00fcr das Immobilien-CRM\"}]},{\"@type\":\"WebSite\",\"@id\":\"https:\\\/\\\/www.moa-soft.de\\\/wordpress\\\/#website\",\"url\":\"https:\\\/\\\/www.moa-soft.de\\\/wordpress\\\/\",\"name\":\"AMMON | Immobilienmaklersoftware\",\"description\":\"Immobilien- und Maklersoftware f\u00fcr Immobilienprofis\",\"publisher\":{\"@id\":\"https:\\\/\\\/www.moa-soft.de\\\/wordpress\\\/#organization\"},\"potentialAction\":[{\"@type\":\"SearchAction\",\"target\":{\"@type\":\"EntryPoint\",\"urlTemplate\":\"https:\\\/\\\/www.moa-soft.de\\\/wordpress\\\/?s={search_term_string}\"},\"query-input\":{\"@type\":\"PropertyValueSpecification\",\"valueRequired\":true,\"valueName\":\"search_term_string\"}}],\"inLanguage\":\"de\"},{\"@type\":\"Organization\",\"@id\":\"https:\\\/\\\/www.moa-soft.de\\\/wordpress\\\/#organization\",\"name\":\"AMMON Immobilienmakler Software\",\"url\":\"https:\\\/\\\/www.moa-soft.de\\\/wordpress\\\/\",\"logo\":{\"@type\":\"ImageObject\",\"inLanguage\":\"de\",\"@id\":\"https:\\\/\\\/www.moa-soft.de\\\/wordpress\\\/#\\\/schema\\\/logo\\\/image\\\/\",\"url\":\"https:\\\/\\\/www.moa-soft.de\\\/wordpress\\\/wp-content\\\/uploads\\\/2018\\\/01\\\/cropped-ammon_appicon512.png\",\"contentUrl\":\"https:\\\/\\\/www.moa-soft.de\\\/wordpress\\\/wp-content\\\/uploads\\\/2018\\\/01\\\/cropped-ammon_appicon512.png\",\"width\":512,\"height\":512,\"caption\":\"AMMON Immobilienmakler Software\"},\"image\":{\"@id\":\"https:\\\/\\\/www.moa-soft.de\\\/wordpress\\\/#\\\/schema\\\/logo\\\/image\\\/\"},\"sameAs\":[\"https:\\\/\\\/www.facebook.com\\\/immobilienmaklersoftware\"]}]}<\/script>\n<!-- \/ Yoast SEO plugin. -->","yoast_head_json":{"title":"Kooperationen f\u00fcr das Immobilien-CRM - AMMON | Immobilienmaklersoftware","robots":{"index":"index","follow":"follow","max-snippet":"max-snippet:-1","max-image-preview":"max-image-preview:large","max-video-preview":"max-video-preview:-1"},"canonical":"https:\/\/www.moa-soft.de\/wordpress\/ammon-referenzen\/ammon-kooperationen\/","og_locale":"de_DE","og_type":"article","og_title":"Kooperationen f\u00fcr das Immobilien-CRM - AMMON | Immobilienmaklersoftware","og_description":"KOOPERATIONEN F\u00dcR DAS IMMOBILIEN-CRM Um Ihnen eine professionelle Immobiliensoftware und eine ganzheitliche Dienstleistung bieten zu k\u00f6nnen, kooperieren wir mit\u00a0verschiedenen Unternehmen aus der Immobilienbranche: &nbsp; und viele weitere mehr.","og_url":"https:\/\/www.moa-soft.de\/wordpress\/ammon-referenzen\/ammon-kooperationen\/","og_site_name":"AMMON | Immobilienmaklersoftware","article_publisher":"https:\/\/www.facebook.com\/immobilienmaklersoftware","article_modified_time":"2021-02-09T22:37:51+00:00","og_image":[{"url":"https:\/\/www.moa-soft.de\/portale\/scout.gif","type":"","width":"","height":""}],"twitter_card":"summary_large_image","schema":{"@context":"https:\/\/schema.org","@graph":[{"@type":"WebPage","@id":"https:\/\/www.moa-soft.de\/wordpress\/ammon-referenzen\/ammon-kooperationen\/","url":"https:\/\/www.moa-soft.de\/wordpress\/ammon-referenzen\/ammon-kooperationen\/","name":"Kooperationen f\u00fcr das Immobilien-CRM - AMMON | Immobilienmaklersoftware","isPartOf":{"@id":"https:\/\/www.moa-soft.de\/wordpress\/#website"},"primaryImageOfPage":{"@id":"https:\/\/www.moa-soft.de\/wordpress\/ammon-referenzen\/ammon-kooperationen\/#primaryimage"},"image":{"@id":"https:\/\/www.moa-soft.de\/wordpress\/ammon-referenzen\/ammon-kooperationen\/#primaryimage"},"thumbnailUrl":"https:\/\/www.moa-soft.de\/portale\/scout.gif","datePublished":"2017-11-02T21:35:30+00:00","dateModified":"2021-02-09T22:37:51+00:00","breadcrumb":{"@id":"https:\/\/www.moa-soft.de\/wordpress\/ammon-referenzen\/ammon-kooperationen\/#breadcrumb"},"inLanguage":"de","potentialAction":[{"@type":"ReadAction","target":["https:\/\/www.moa-soft.de\/wordpress\/ammon-referenzen\/ammon-kooperationen\/"]}]},{"@type":"ImageObject","inLanguage":"de","@id":"https:\/\/www.moa-soft.de\/wordpress\/ammon-referenzen\/ammon-kooperationen\/#primaryimage","url":"https:\/\/www.moa-soft.de\/portale\/scout.gif","contentUrl":"https:\/\/www.moa-soft.de\/portale\/scout.gif"},{"@type":"BreadcrumbList","@id":"https:\/\/www.moa-soft.de\/wordpress\/ammon-referenzen\/ammon-kooperationen\/#breadcrumb","itemListElement":[{"@type":"ListItem","position":1,"name":"Startseite","item":"https:\/\/www.moa-soft.de\/wordpress\/"},{"@type":"ListItem","position":2,"name":"Referenzen | Immobiliensoftware AMMON","item":"https:\/\/www.moa-soft.de\/wordpress\/ammon-referenzen\/"},{"@type":"ListItem","position":3,"name":"Kooperationen f\u00fcr das Immobilien-CRM"}]},{"@type":"WebSite","@id":"https:\/\/www.moa-soft.de\/wordpress\/#website","url":"https:\/\/www.moa-soft.de\/wordpress\/","name":"AMMON | Immobilienmaklersoftware","description":"Immobilien- und Maklersoftware f\u00fcr Immobilienprofis","publisher":{"@id":"https:\/\/www.moa-soft.de\/wordpress\/#organization"},"potentialAction":[{"@type":"SearchAction","target":{"@type":"EntryPoint","urlTemplate":"https:\/\/www.moa-soft.de\/wordpress\/?s={search_term_string}"},"query-input":{"@type":"PropertyValueSpecification","valueRequired":true,"valueName":"search_term_string"}}],"inLanguage":"de"},{"@type":"Organization","@id":"https:\/\/www.moa-soft.de\/wordpress\/#organization","name":"AMMON Immobilienmakler Software","url":"https:\/\/www.moa-soft.de\/wordpress\/","logo":{"@type":"ImageObject","inLanguage":"de","@id":"https:\/\/www.moa-soft.de\/wordpress\/#\/schema\/logo\/image\/","url":"https:\/\/www.moa-soft.de\/wordpress\/wp-content\/uploads\/2018\/01\/cropped-ammon_appicon512.png","contentUrl":"https:\/\/www.moa-soft.de\/wordpress\/wp-content\/uploads\/2018\/01\/cropped-ammon_appicon512.png","width":512,"height":512,"caption":"AMMON Immobilienmakler Software"},"image":{"@id":"https:\/\/www.moa-soft.de\/wordpress\/#\/schema\/logo\/image\/"},"sameAs":["https:\/\/www.facebook.com\/immobilienmaklersoftware"]}]}},"_links":{"self":[{"href":"https:\/\/www.moa-soft.de\/wordpress\/wp-json\/wp\/v2\/pages\/1097","targetHints":{"allow":["GET"]}}],"collection":[{"href":"https:\/\/www.moa-soft.de\/wordpress\/wp-json\/wp\/v2\/pages"}],"about":[{"href":"https:\/\/www.moa-soft.de\/wordpress\/wp-json\/wp\/v2\/types\/page"}],"author":[{"embeddable":true,"href":"https:\/\/www.moa-soft.de\/wordpress\/wp-json\/wp\/v2\/users\/1"}],"replies":[{"embeddable":true,"href":"https:\/\/www.moa-soft.de\/wordpress\/wp-json\/wp\/v2\/comments?post=1097"}],"version-history":[{"count":15,"href":"https:\/\/www.moa-soft.de\/wordpress\/wp-json\/wp\/v2\/pages\/1097\/revisions"}],"predecessor-version":[{"id":4368,"href":"https:\/\/www.moa-soft.de\/wordpress\/wp-json\/wp\/v2\/pages\/1097\/revisions\/4368"}],"up":[{"embeddable":true,"href":"https:\/\/www.moa-soft.de\/wordpress\/wp-json\/wp\/v2\/pages\/1093"}],"wp:attachment":[{"href":"https:\/\/www.moa-soft.de\/wordpress\/wp-json\/wp\/v2\/media?parent=1097"}],"curies":[{"name":"wp","href":"https:\/\/api.w.org\/{rel}","templated":true}]}}