{"id":1103,"date":"2017-11-02T22:38:01","date_gmt":"2017-11-02T21:38:01","guid":{"rendered":"http:\/\/www.moa-soft.de\/wordpress\/?page_id=1103"},"modified":"2021-02-09T23:36:03","modified_gmt":"2021-02-09T22:36:03","slug":"ammon-kontakt-vertrieb","status":"publish","type":"page","link":"https:\/\/www.moa-soft.de\/wordpress\/ammon-kontakt\/ammon-kontakt-vertrieb\/","title":{"rendered":"Wann d\u00fcrfen wir Ihnen <i>A<\/i>MMON pers\u00f6nlich vorstellen?"},"content":{"rendered":"<h4><span style=\"color: #002395;\">VERTRIEB<\/span><\/h4>\n<h4><span style=\"color: #002395;\">Das <em>A<\/em>MMON Programm. Sie kennen es. Und auch nicht.<\/span><\/h4>\n<h4>Mit Sicherheit k\u00f6nnen wir Sie \u00fcberraschen&#8230;<\/h4>\n<h4>Sie haben weitere Fragen zur <em>A<\/em>MMON Software? Wir zeigen Ihnen gerne pers\u00f6nlich die f\u00fcr Sie relevanten Details. Sie m\u00f6chten eine Pr\u00e4sentation vor Ort in Ihrem B\u00fcro vereinbaren? Gerne kommen wir zu Ihnen und freuen uns, Sie kennen zu lernen.<\/h4>\n<h4>Oder m\u00f6chten Sie heute bzw. f\u00fcr einen sp\u00e4teren Zeitpunkt eine oder mehrere Lizenzen der <em>A<\/em>MMON Maklersoftware bestellen?<\/h4>\n<h4>Wir freuen uns auf Ihre Kontaktaufnahme!<\/h4>\n<h4>Unseren Vertrieb erreichen Sie unter der Telefonnummer <a href=\"tel:023364448997\">02336 444 8 997<\/a>.<\/h4>\n<h4>Oder senden Sie uns eine E-Mail an <span style=\"color: #333333;\"><a style=\"color: #333333;\" href=\"mailto:vertrieb@moa-soft.de\">vertrieb@moa-soft.de <\/a><\/span>und wir melden uns umgehend bei Ihnen.<\/h4>\n","protected":false},"excerpt":{"rendered":"<p>VERTRIEB Das AMMON Programm. Sie kennen es. Und auch nicht. Mit Sicherheit k\u00f6nnen wir Sie \u00fcberraschen&#8230; Sie haben weitere Fragen zur AMMON Software? Wir zeigen Ihnen gerne pers\u00f6nlich die f\u00fcr Sie relevanten Details. Sie m\u00f6chten eine Pr\u00e4sentation vor Ort in Ihrem B\u00fcro vereinbaren? Gerne kommen wir zu Ihnen und freuen uns, Sie kennen zu lernen. <span class=\"moretag\"><a href=\"https:\/\/www.moa-soft.de\/wordpress\/ammon-kontakt\/ammon-kontakt-vertrieb\/\" class=\"btn btn-sm btn-primary\">Mehr Infos<\/a><\/span><\/p>\n","protected":false},"author":1,"featured_media":0,"parent":1246,"menu_order":0,"comment_status":"closed","ping_status":"closed","template":"","meta":{"footnotes":""},"class_list":["post-1103","page","type-page","status-publish","hentry"],"yoast_head":"<!-- This site is optimized with the Yoast SEO plugin v27.5 - https:\/\/yoast.com\/product\/yoast-seo-wordpress\/ -->\n<title>Wann d\u00fcrfen wir Ihnen AMMON pers\u00f6nlich vorstellen? - AMMON | Immobilienmaklersoftware<\/title>\n<meta name=\"robots\" content=\"index, follow, max-snippet:-1, max-image-preview:large, max-video-preview:-1\" \/>\n<link rel=\"canonical\" href=\"https:\/\/www.moa-soft.de\/wordpress\/ammon-kontakt\/ammon-kontakt-vertrieb\/\" \/>\n<meta property=\"og:locale\" content=\"de_DE\" \/>\n<meta property=\"og:type\" content=\"article\" \/>\n<meta property=\"og:title\" content=\"Wann d\u00fcrfen wir Ihnen AMMON pers\u00f6nlich vorstellen? - AMMON | Immobilienmaklersoftware\" \/>\n<meta property=\"og:description\" content=\"VERTRIEB Das AMMON Programm. Sie kennen es. Und auch nicht. Mit Sicherheit k\u00f6nnen wir Sie \u00fcberraschen&#8230; Sie haben weitere Fragen zur AMMON Software? Wir zeigen Ihnen gerne pers\u00f6nlich die f\u00fcr Sie relevanten Details. Sie m\u00f6chten eine Pr\u00e4sentation vor Ort in Ihrem B\u00fcro vereinbaren? Gerne kommen wir zu Ihnen und freuen uns, Sie kennen zu lernen. Mehr Infos\" \/>\n<meta property=\"og:url\" content=\"https:\/\/www.moa-soft.de\/wordpress\/ammon-kontakt\/ammon-kontakt-vertrieb\/\" \/>\n<meta property=\"og:site_name\" content=\"AMMON | Immobilienmaklersoftware\" \/>\n<meta property=\"article:publisher\" content=\"https:\/\/www.facebook.com\/immobilienmaklersoftware\" \/>\n<meta property=\"article:modified_time\" content=\"2021-02-09T22:36:03+00:00\" \/>\n<meta name=\"twitter:card\" content=\"summary_large_image\" \/>\n<meta name=\"twitter:label1\" content=\"Gesch\u00e4tzte Lesezeit\" \/>\n\t<meta name=\"twitter:data1\" content=\"1\u00a0Minute\" \/>\n<script type=\"application\/ld+json\" class=\"yoast-schema-graph\">{\"@context\":\"https:\\\/\\\/schema.org\",\"@graph\":[{\"@type\":\"WebPage\",\"@id\":\"https:\\\/\\\/www.moa-soft.de\\\/wordpress\\\/ammon-kontakt\\\/ammon-kontakt-vertrieb\\\/\",\"url\":\"https:\\\/\\\/www.moa-soft.de\\\/wordpress\\\/ammon-kontakt\\\/ammon-kontakt-vertrieb\\\/\",\"name\":\"Wann d\u00fcrfen wir Ihnen AMMON pers\u00f6nlich vorstellen? - AMMON | Immobilienmaklersoftware\",\"isPartOf\":{\"@id\":\"https:\\\/\\\/www.moa-soft.de\\\/wordpress\\\/#website\"},\"datePublished\":\"2017-11-02T21:38:01+00:00\",\"dateModified\":\"2021-02-09T22:36:03+00:00\",\"breadcrumb\":{\"@id\":\"https:\\\/\\\/www.moa-soft.de\\\/wordpress\\\/ammon-kontakt\\\/ammon-kontakt-vertrieb\\\/#breadcrumb\"},\"inLanguage\":\"de\",\"potentialAction\":[{\"@type\":\"ReadAction\",\"target\":[\"https:\\\/\\\/www.moa-soft.de\\\/wordpress\\\/ammon-kontakt\\\/ammon-kontakt-vertrieb\\\/\"]}]},{\"@type\":\"BreadcrumbList\",\"@id\":\"https:\\\/\\\/www.moa-soft.de\\\/wordpress\\\/ammon-kontakt\\\/ammon-kontakt-vertrieb\\\/#breadcrumb\",\"itemListElement\":[{\"@type\":\"ListItem\",\"position\":1,\"name\":\"Startseite\",\"item\":\"https:\\\/\\\/www.moa-soft.de\\\/wordpress\\\/\"},{\"@type\":\"ListItem\",\"position\":2,\"name\":\"Was beinhaltet unser Anwenderservice?\",\"item\":\"https:\\\/\\\/www.moa-soft.de\\\/wordpress\\\/ammon-kontakt\\\/\"},{\"@type\":\"ListItem\",\"position\":3,\"name\":\"Wann d\u00fcrfen wir Ihnen AMMON pers\u00f6nlich vorstellen?\"}]},{\"@type\":\"WebSite\",\"@id\":\"https:\\\/\\\/www.moa-soft.de\\\/wordpress\\\/#website\",\"url\":\"https:\\\/\\\/www.moa-soft.de\\\/wordpress\\\/\",\"name\":\"AMMON | Immobilienmaklersoftware\",\"description\":\"Immobilien- und Maklersoftware f\u00fcr Immobilienprofis\",\"publisher\":{\"@id\":\"https:\\\/\\\/www.moa-soft.de\\\/wordpress\\\/#organization\"},\"potentialAction\":[{\"@type\":\"SearchAction\",\"target\":{\"@type\":\"EntryPoint\",\"urlTemplate\":\"https:\\\/\\\/www.moa-soft.de\\\/wordpress\\\/?s={search_term_string}\"},\"query-input\":{\"@type\":\"PropertyValueSpecification\",\"valueRequired\":true,\"valueName\":\"search_term_string\"}}],\"inLanguage\":\"de\"},{\"@type\":\"Organization\",\"@id\":\"https:\\\/\\\/www.moa-soft.de\\\/wordpress\\\/#organization\",\"name\":\"AMMON Immobilienmakler Software\",\"url\":\"https:\\\/\\\/www.moa-soft.de\\\/wordpress\\\/\",\"logo\":{\"@type\":\"ImageObject\",\"inLanguage\":\"de\",\"@id\":\"https:\\\/\\\/www.moa-soft.de\\\/wordpress\\\/#\\\/schema\\\/logo\\\/image\\\/\",\"url\":\"https:\\\/\\\/www.moa-soft.de\\\/wordpress\\\/wp-content\\\/uploads\\\/2018\\\/01\\\/cropped-ammon_appicon512.png\",\"contentUrl\":\"https:\\\/\\\/www.moa-soft.de\\\/wordpress\\\/wp-content\\\/uploads\\\/2018\\\/01\\\/cropped-ammon_appicon512.png\",\"width\":512,\"height\":512,\"caption\":\"AMMON Immobilienmakler Software\"},\"image\":{\"@id\":\"https:\\\/\\\/www.moa-soft.de\\\/wordpress\\\/#\\\/schema\\\/logo\\\/image\\\/\"},\"sameAs\":[\"https:\\\/\\\/www.facebook.com\\\/immobilienmaklersoftware\"]}]}<\/script>\n<!-- \/ Yoast SEO plugin. -->","yoast_head_json":{"title":"Wann d\u00fcrfen wir Ihnen AMMON pers\u00f6nlich vorstellen? - AMMON | Immobilienmaklersoftware","robots":{"index":"index","follow":"follow","max-snippet":"max-snippet:-1","max-image-preview":"max-image-preview:large","max-video-preview":"max-video-preview:-1"},"canonical":"https:\/\/www.moa-soft.de\/wordpress\/ammon-kontakt\/ammon-kontakt-vertrieb\/","og_locale":"de_DE","og_type":"article","og_title":"Wann d\u00fcrfen wir Ihnen AMMON pers\u00f6nlich vorstellen? - AMMON | Immobilienmaklersoftware","og_description":"VERTRIEB Das AMMON Programm. Sie kennen es. Und auch nicht. Mit Sicherheit k\u00f6nnen wir Sie \u00fcberraschen&#8230; Sie haben weitere Fragen zur AMMON Software? Wir zeigen Ihnen gerne pers\u00f6nlich die f\u00fcr Sie relevanten Details. Sie m\u00f6chten eine Pr\u00e4sentation vor Ort in Ihrem B\u00fcro vereinbaren? Gerne kommen wir zu Ihnen und freuen uns, Sie kennen zu lernen. Mehr Infos","og_url":"https:\/\/www.moa-soft.de\/wordpress\/ammon-kontakt\/ammon-kontakt-vertrieb\/","og_site_name":"AMMON | Immobilienmaklersoftware","article_publisher":"https:\/\/www.facebook.com\/immobilienmaklersoftware","article_modified_time":"2021-02-09T22:36:03+00:00","twitter_card":"summary_large_image","twitter_misc":{"Gesch\u00e4tzte Lesezeit":"1\u00a0Minute"},"schema":{"@context":"https:\/\/schema.org","@graph":[{"@type":"WebPage","@id":"https:\/\/www.moa-soft.de\/wordpress\/ammon-kontakt\/ammon-kontakt-vertrieb\/","url":"https:\/\/www.moa-soft.de\/wordpress\/ammon-kontakt\/ammon-kontakt-vertrieb\/","name":"Wann d\u00fcrfen wir Ihnen AMMON pers\u00f6nlich vorstellen? - AMMON | Immobilienmaklersoftware","isPartOf":{"@id":"https:\/\/www.moa-soft.de\/wordpress\/#website"},"datePublished":"2017-11-02T21:38:01+00:00","dateModified":"2021-02-09T22:36:03+00:00","breadcrumb":{"@id":"https:\/\/www.moa-soft.de\/wordpress\/ammon-kontakt\/ammon-kontakt-vertrieb\/#breadcrumb"},"inLanguage":"de","potentialAction":[{"@type":"ReadAction","target":["https:\/\/www.moa-soft.de\/wordpress\/ammon-kontakt\/ammon-kontakt-vertrieb\/"]}]},{"@type":"BreadcrumbList","@id":"https:\/\/www.moa-soft.de\/wordpress\/ammon-kontakt\/ammon-kontakt-vertrieb\/#breadcrumb","itemListElement":[{"@type":"ListItem","position":1,"name":"Startseite","item":"https:\/\/www.moa-soft.de\/wordpress\/"},{"@type":"ListItem","position":2,"name":"Was beinhaltet unser Anwenderservice?","item":"https:\/\/www.moa-soft.de\/wordpress\/ammon-kontakt\/"},{"@type":"ListItem","position":3,"name":"Wann d\u00fcrfen wir Ihnen AMMON pers\u00f6nlich vorstellen?"}]},{"@type":"WebSite","@id":"https:\/\/www.moa-soft.de\/wordpress\/#website","url":"https:\/\/www.moa-soft.de\/wordpress\/","name":"AMMON | Immobilienmaklersoftware","description":"Immobilien- und Maklersoftware f\u00fcr Immobilienprofis","publisher":{"@id":"https:\/\/www.moa-soft.de\/wordpress\/#organization"},"potentialAction":[{"@type":"SearchAction","target":{"@type":"EntryPoint","urlTemplate":"https:\/\/www.moa-soft.de\/wordpress\/?s={search_term_string}"},"query-input":{"@type":"PropertyValueSpecification","valueRequired":true,"valueName":"search_term_string"}}],"inLanguage":"de"},{"@type":"Organization","@id":"https:\/\/www.moa-soft.de\/wordpress\/#organization","name":"AMMON Immobilienmakler Software","url":"https:\/\/www.moa-soft.de\/wordpress\/","logo":{"@type":"ImageObject","inLanguage":"de","@id":"https:\/\/www.moa-soft.de\/wordpress\/#\/schema\/logo\/image\/","url":"https:\/\/www.moa-soft.de\/wordpress\/wp-content\/uploads\/2018\/01\/cropped-ammon_appicon512.png","contentUrl":"https:\/\/www.moa-soft.de\/wordpress\/wp-content\/uploads\/2018\/01\/cropped-ammon_appicon512.png","width":512,"height":512,"caption":"AMMON Immobilienmakler Software"},"image":{"@id":"https:\/\/www.moa-soft.de\/wordpress\/#\/schema\/logo\/image\/"},"sameAs":["https:\/\/www.facebook.com\/immobilienmaklersoftware"]}]}},"_links":{"self":[{"href":"https:\/\/www.moa-soft.de\/wordpress\/wp-json\/wp\/v2\/pages\/1103","targetHints":{"allow":["GET"]}}],"collection":[{"href":"https:\/\/www.moa-soft.de\/wordpress\/wp-json\/wp\/v2\/pages"}],"about":[{"href":"https:\/\/www.moa-soft.de\/wordpress\/wp-json\/wp\/v2\/types\/page"}],"author":[{"embeddable":true,"href":"https:\/\/www.moa-soft.de\/wordpress\/wp-json\/wp\/v2\/users\/1"}],"replies":[{"embeddable":true,"href":"https:\/\/www.moa-soft.de\/wordpress\/wp-json\/wp\/v2\/comments?post=1103"}],"version-history":[{"count":28,"href":"https:\/\/www.moa-soft.de\/wordpress\/wp-json\/wp\/v2\/pages\/1103\/revisions"}],"predecessor-version":[{"id":3731,"href":"https:\/\/www.moa-soft.de\/wordpress\/wp-json\/wp\/v2\/pages\/1103\/revisions\/3731"}],"up":[{"embeddable":true,"href":"https:\/\/www.moa-soft.de\/wordpress\/wp-json\/wp\/v2\/pages\/1246"}],"wp:attachment":[{"href":"https:\/\/www.moa-soft.de\/wordpress\/wp-json\/wp\/v2\/media?parent=1103"}],"curies":[{"name":"wp","href":"https:\/\/api.w.org\/{rel}","templated":true}]}}