{"id":1107,"date":"2017-11-02T22:39:57","date_gmt":"2017-11-02T21:39:57","guid":{"rendered":"http:\/\/www.moa-soft.de\/wordpress\/?page_id=1107"},"modified":"2024-11-28T12:23:49","modified_gmt":"2024-11-28T11:23:49","slug":"ammon-kontakt-fernzugriff","status":"publish","type":"page","link":"https:\/\/www.moa-soft.de\/wordpress\/ammon-kontakt\/ammon-kontakt-fernzugriff\/","title":{"rendered":"Fernwartung"},"content":{"rendered":"<h4><span style=\"color: #002395;\">Wir finden: Der direkte Weg ist der Beste.<\/span><\/h4>\n<h4>Wenn Sie unsere Hilfe brauchen, sind wir f\u00fcr Sie da!<\/h4>\n<h4>Und das unkompliziert. Wir k\u00f6nnen Ihr Anliegen auf direktem Wege \u00fcber Fernzugriff beantworten, der im Service inklusive ist.<\/h4>\n<h4>Starten Sie bitte das folgende Programm f\u00fcr den Fernzugriff auf Ihren Arbeitsplatz:<\/h4>\n<ul>\n<li>\n<h4><a class=\"text\" href=\"https:\/\/www.ammon-update.de\/pcvisit.exe\"><span style=\"color: #00b0ad;\">pcvisit.exe PC-VISIT f\u00fcr Windows (10 MB)<\/span><\/a><\/h4>\n<\/li>\n<li>\n<h4><a class=\"text\" href=\"https:\/\/www.ammon-update.de\/pcvisit.dmg\"><span style=\"color: #00b0ad;\">pcvisit.dmg PC-VISIT f\u00fcr Apple\/OS-X (50 MB)<\/span><\/a><\/h4>\n<\/li>\n<\/ul>\n<h4>Diese Version der Fernzugriffsanwendung installiert sich nicht und beeinhaltet nach dem Schlie\u00dfen der Anwendung, keinen weiteren Zugriff auf Ihren Arbeitsplatz.<\/h4>\n<h4>Sollte bereits ein PC-VISIT auf Ihrem Rechner installiert sein, so schlie\u00dfen Sie diesen bitte oder teilen Sie uns dessen ID und Kennwort mit.<\/h4>\n","protected":false},"excerpt":{"rendered":"<p>Wir finden: Der direkte Weg ist der Beste. Wenn Sie unsere Hilfe brauchen, sind wir f\u00fcr Sie da! Und das unkompliziert. Wir k\u00f6nnen Ihr Anliegen auf direktem Wege \u00fcber Fernzugriff beantworten, der im Service inklusive ist. Starten Sie bitte das folgende Programm f\u00fcr den Fernzugriff auf Ihren Arbeitsplatz: pcvisit.exe PC-VISIT f\u00fcr Windows (10 MB) pcvisit.dmg <span class=\"moretag\"><a href=\"https:\/\/www.moa-soft.de\/wordpress\/ammon-kontakt\/ammon-kontakt-fernzugriff\/\" class=\"btn btn-sm btn-primary\">Mehr Infos<\/a><\/span><\/p>\n","protected":false},"author":1,"featured_media":0,"parent":1246,"menu_order":0,"comment_status":"closed","ping_status":"closed","template":"","meta":{"footnotes":""},"class_list":["post-1107","page","type-page","status-publish","hentry"],"yoast_head":"<!-- This site is optimized with the Yoast SEO plugin v27.5 - https:\/\/yoast.com\/product\/yoast-seo-wordpress\/ -->\n<title>Fernwartung - AMMON | Immobilienmaklersoftware<\/title>\n<meta name=\"robots\" content=\"index, follow, max-snippet:-1, max-image-preview:large, max-video-preview:-1\" \/>\n<link rel=\"canonical\" href=\"https:\/\/www.moa-soft.de\/wordpress\/ammon-kontakt\/ammon-kontakt-fernzugriff\/\" \/>\n<meta property=\"og:locale\" content=\"de_DE\" \/>\n<meta property=\"og:type\" content=\"article\" \/>\n<meta property=\"og:title\" content=\"Fernwartung - AMMON | Immobilienmaklersoftware\" \/>\n<meta property=\"og:description\" content=\"Wir finden: Der direkte Weg ist der Beste. Wenn Sie unsere Hilfe brauchen, sind wir f\u00fcr Sie da! Und das unkompliziert. Wir k\u00f6nnen Ihr Anliegen auf direktem Wege \u00fcber Fernzugriff beantworten, der im Service inklusive ist. Starten Sie bitte das folgende Programm f\u00fcr den Fernzugriff auf Ihren Arbeitsplatz: pcvisit.exe PC-VISIT f\u00fcr Windows (10 MB) pcvisit.dmg Mehr Infos\" \/>\n<meta property=\"og:url\" content=\"https:\/\/www.moa-soft.de\/wordpress\/ammon-kontakt\/ammon-kontakt-fernzugriff\/\" \/>\n<meta property=\"og:site_name\" content=\"AMMON | Immobilienmaklersoftware\" \/>\n<meta property=\"article:publisher\" content=\"https:\/\/www.facebook.com\/immobilienmaklersoftware\" \/>\n<meta property=\"article:modified_time\" content=\"2024-11-28T11:23:49+00:00\" \/>\n<meta name=\"twitter:card\" content=\"summary_large_image\" \/>\n<meta name=\"twitter:label1\" content=\"Gesch\u00e4tzte Lesezeit\" \/>\n\t<meta name=\"twitter:data1\" content=\"1\u00a0Minute\" \/>\n<script type=\"application\/ld+json\" class=\"yoast-schema-graph\">{\"@context\":\"https:\\\/\\\/schema.org\",\"@graph\":[{\"@type\":\"WebPage\",\"@id\":\"https:\\\/\\\/www.moa-soft.de\\\/wordpress\\\/ammon-kontakt\\\/ammon-kontakt-fernzugriff\\\/\",\"url\":\"https:\\\/\\\/www.moa-soft.de\\\/wordpress\\\/ammon-kontakt\\\/ammon-kontakt-fernzugriff\\\/\",\"name\":\"Fernwartung - AMMON | Immobilienmaklersoftware\",\"isPartOf\":{\"@id\":\"https:\\\/\\\/www.moa-soft.de\\\/wordpress\\\/#website\"},\"datePublished\":\"2017-11-02T21:39:57+00:00\",\"dateModified\":\"2024-11-28T11:23:49+00:00\",\"breadcrumb\":{\"@id\":\"https:\\\/\\\/www.moa-soft.de\\\/wordpress\\\/ammon-kontakt\\\/ammon-kontakt-fernzugriff\\\/#breadcrumb\"},\"inLanguage\":\"de\",\"potentialAction\":[{\"@type\":\"ReadAction\",\"target\":[\"https:\\\/\\\/www.moa-soft.de\\\/wordpress\\\/ammon-kontakt\\\/ammon-kontakt-fernzugriff\\\/\"]}]},{\"@type\":\"BreadcrumbList\",\"@id\":\"https:\\\/\\\/www.moa-soft.de\\\/wordpress\\\/ammon-kontakt\\\/ammon-kontakt-fernzugriff\\\/#breadcrumb\",\"itemListElement\":[{\"@type\":\"ListItem\",\"position\":1,\"name\":\"Startseite\",\"item\":\"https:\\\/\\\/www.moa-soft.de\\\/wordpress\\\/\"},{\"@type\":\"ListItem\",\"position\":2,\"name\":\"Was beinhaltet unser Anwenderservice?\",\"item\":\"https:\\\/\\\/www.moa-soft.de\\\/wordpress\\\/ammon-kontakt\\\/\"},{\"@type\":\"ListItem\",\"position\":3,\"name\":\"Fernwartung\"}]},{\"@type\":\"WebSite\",\"@id\":\"https:\\\/\\\/www.moa-soft.de\\\/wordpress\\\/#website\",\"url\":\"https:\\\/\\\/www.moa-soft.de\\\/wordpress\\\/\",\"name\":\"AMMON | Immobilienmaklersoftware\",\"description\":\"Immobilien- und Maklersoftware f\u00fcr Immobilienprofis\",\"publisher\":{\"@id\":\"https:\\\/\\\/www.moa-soft.de\\\/wordpress\\\/#organization\"},\"potentialAction\":[{\"@type\":\"SearchAction\",\"target\":{\"@type\":\"EntryPoint\",\"urlTemplate\":\"https:\\\/\\\/www.moa-soft.de\\\/wordpress\\\/?s={search_term_string}\"},\"query-input\":{\"@type\":\"PropertyValueSpecification\",\"valueRequired\":true,\"valueName\":\"search_term_string\"}}],\"inLanguage\":\"de\"},{\"@type\":\"Organization\",\"@id\":\"https:\\\/\\\/www.moa-soft.de\\\/wordpress\\\/#organization\",\"name\":\"AMMON Immobilienmakler Software\",\"url\":\"https:\\\/\\\/www.moa-soft.de\\\/wordpress\\\/\",\"logo\":{\"@type\":\"ImageObject\",\"inLanguage\":\"de\",\"@id\":\"https:\\\/\\\/www.moa-soft.de\\\/wordpress\\\/#\\\/schema\\\/logo\\\/image\\\/\",\"url\":\"https:\\\/\\\/www.moa-soft.de\\\/wordpress\\\/wp-content\\\/uploads\\\/2018\\\/01\\\/cropped-ammon_appicon512.png\",\"contentUrl\":\"https:\\\/\\\/www.moa-soft.de\\\/wordpress\\\/wp-content\\\/uploads\\\/2018\\\/01\\\/cropped-ammon_appicon512.png\",\"width\":512,\"height\":512,\"caption\":\"AMMON Immobilienmakler Software\"},\"image\":{\"@id\":\"https:\\\/\\\/www.moa-soft.de\\\/wordpress\\\/#\\\/schema\\\/logo\\\/image\\\/\"},\"sameAs\":[\"https:\\\/\\\/www.facebook.com\\\/immobilienmaklersoftware\"]}]}<\/script>\n<!-- \/ Yoast SEO plugin. -->","yoast_head_json":{"title":"Fernwartung - AMMON | Immobilienmaklersoftware","robots":{"index":"index","follow":"follow","max-snippet":"max-snippet:-1","max-image-preview":"max-image-preview:large","max-video-preview":"max-video-preview:-1"},"canonical":"https:\/\/www.moa-soft.de\/wordpress\/ammon-kontakt\/ammon-kontakt-fernzugriff\/","og_locale":"de_DE","og_type":"article","og_title":"Fernwartung - AMMON | Immobilienmaklersoftware","og_description":"Wir finden: Der direkte Weg ist der Beste. Wenn Sie unsere Hilfe brauchen, sind wir f\u00fcr Sie da! Und das unkompliziert. Wir k\u00f6nnen Ihr Anliegen auf direktem Wege \u00fcber Fernzugriff beantworten, der im Service inklusive ist. Starten Sie bitte das folgende Programm f\u00fcr den Fernzugriff auf Ihren Arbeitsplatz: pcvisit.exe PC-VISIT f\u00fcr Windows (10 MB) pcvisit.dmg Mehr Infos","og_url":"https:\/\/www.moa-soft.de\/wordpress\/ammon-kontakt\/ammon-kontakt-fernzugriff\/","og_site_name":"AMMON | Immobilienmaklersoftware","article_publisher":"https:\/\/www.facebook.com\/immobilienmaklersoftware","article_modified_time":"2024-11-28T11:23:49+00:00","twitter_card":"summary_large_image","twitter_misc":{"Gesch\u00e4tzte Lesezeit":"1\u00a0Minute"},"schema":{"@context":"https:\/\/schema.org","@graph":[{"@type":"WebPage","@id":"https:\/\/www.moa-soft.de\/wordpress\/ammon-kontakt\/ammon-kontakt-fernzugriff\/","url":"https:\/\/www.moa-soft.de\/wordpress\/ammon-kontakt\/ammon-kontakt-fernzugriff\/","name":"Fernwartung - AMMON | Immobilienmaklersoftware","isPartOf":{"@id":"https:\/\/www.moa-soft.de\/wordpress\/#website"},"datePublished":"2017-11-02T21:39:57+00:00","dateModified":"2024-11-28T11:23:49+00:00","breadcrumb":{"@id":"https:\/\/www.moa-soft.de\/wordpress\/ammon-kontakt\/ammon-kontakt-fernzugriff\/#breadcrumb"},"inLanguage":"de","potentialAction":[{"@type":"ReadAction","target":["https:\/\/www.moa-soft.de\/wordpress\/ammon-kontakt\/ammon-kontakt-fernzugriff\/"]}]},{"@type":"BreadcrumbList","@id":"https:\/\/www.moa-soft.de\/wordpress\/ammon-kontakt\/ammon-kontakt-fernzugriff\/#breadcrumb","itemListElement":[{"@type":"ListItem","position":1,"name":"Startseite","item":"https:\/\/www.moa-soft.de\/wordpress\/"},{"@type":"ListItem","position":2,"name":"Was beinhaltet unser Anwenderservice?","item":"https:\/\/www.moa-soft.de\/wordpress\/ammon-kontakt\/"},{"@type":"ListItem","position":3,"name":"Fernwartung"}]},{"@type":"WebSite","@id":"https:\/\/www.moa-soft.de\/wordpress\/#website","url":"https:\/\/www.moa-soft.de\/wordpress\/","name":"AMMON | Immobilienmaklersoftware","description":"Immobilien- und Maklersoftware f\u00fcr Immobilienprofis","publisher":{"@id":"https:\/\/www.moa-soft.de\/wordpress\/#organization"},"potentialAction":[{"@type":"SearchAction","target":{"@type":"EntryPoint","urlTemplate":"https:\/\/www.moa-soft.de\/wordpress\/?s={search_term_string}"},"query-input":{"@type":"PropertyValueSpecification","valueRequired":true,"valueName":"search_term_string"}}],"inLanguage":"de"},{"@type":"Organization","@id":"https:\/\/www.moa-soft.de\/wordpress\/#organization","name":"AMMON Immobilienmakler Software","url":"https:\/\/www.moa-soft.de\/wordpress\/","logo":{"@type":"ImageObject","inLanguage":"de","@id":"https:\/\/www.moa-soft.de\/wordpress\/#\/schema\/logo\/image\/","url":"https:\/\/www.moa-soft.de\/wordpress\/wp-content\/uploads\/2018\/01\/cropped-ammon_appicon512.png","contentUrl":"https:\/\/www.moa-soft.de\/wordpress\/wp-content\/uploads\/2018\/01\/cropped-ammon_appicon512.png","width":512,"height":512,"caption":"AMMON Immobilienmakler Software"},"image":{"@id":"https:\/\/www.moa-soft.de\/wordpress\/#\/schema\/logo\/image\/"},"sameAs":["https:\/\/www.facebook.com\/immobilienmaklersoftware"]}]}},"_links":{"self":[{"href":"https:\/\/www.moa-soft.de\/wordpress\/wp-json\/wp\/v2\/pages\/1107","targetHints":{"allow":["GET"]}}],"collection":[{"href":"https:\/\/www.moa-soft.de\/wordpress\/wp-json\/wp\/v2\/pages"}],"about":[{"href":"https:\/\/www.moa-soft.de\/wordpress\/wp-json\/wp\/v2\/types\/page"}],"author":[{"embeddable":true,"href":"https:\/\/www.moa-soft.de\/wordpress\/wp-json\/wp\/v2\/users\/1"}],"replies":[{"embeddable":true,"href":"https:\/\/www.moa-soft.de\/wordpress\/wp-json\/wp\/v2\/comments?post=1107"}],"version-history":[{"count":29,"href":"https:\/\/www.moa-soft.de\/wordpress\/wp-json\/wp\/v2\/pages\/1107\/revisions"}],"predecessor-version":[{"id":4639,"href":"https:\/\/www.moa-soft.de\/wordpress\/wp-json\/wp\/v2\/pages\/1107\/revisions\/4639"}],"up":[{"embeddable":true,"href":"https:\/\/www.moa-soft.de\/wordpress\/wp-json\/wp\/v2\/pages\/1246"}],"wp:attachment":[{"href":"https:\/\/www.moa-soft.de\/wordpress\/wp-json\/wp\/v2\/media?parent=1107"}],"curies":[{"name":"wp","href":"https:\/\/api.w.org\/{rel}","templated":true}]}}