{"id":1268,"date":"2017-12-20T23:57:51","date_gmt":"2017-12-20T22:57:51","guid":{"rendered":"http:\/\/www.moa-soft.de\/wordpress\/?page_id=1268"},"modified":"2024-01-15T12:42:54","modified_gmt":"2024-01-15T11:42:54","slug":"ammon-schulungen","status":"publish","type":"page","link":"https:\/\/www.moa-soft.de\/wordpress\/ammon-schulungen\/","title":{"rendered":"Warum die Schulungen f\u00fcr unsere Immobilien-Software-L\u00f6sung besonders sind?"},"content":{"rendered":"<h4><span style=\"color: #002395;\">SCHULUNGEN<\/span><\/h4>\n<h4><span style=\"color: #002395;\">Jeder lernt auf seine eigene Art und Weise. Wir unterst\u00fctzen das.<\/span><\/h4>\n<h4><em>A<\/em>MMON Schulungen sind gut durchdacht und organisiert. Unsere Schulungen finden ausschlie\u00dflich in Kleingruppen mit qualifizierten Mitarbeitenden statt. Wir arbeiten mit vielf\u00e4ltigen, modernen Methoden und k\u00f6nnen flexibel die Anforderungen der Gruppenteilnehmer ber\u00fccksichtigen. In entspannter Atmosph\u00e4re wird auf jeden Seminarteilnehmer individuell eingegangen. Daher erreicht jeder Teilnehmer der Gruppe sein pers\u00f6nliches Wissensziel. Zudem sichern wir die Nachhaltigkeit der neu vermittelten Lerninhalte und unterst\u00fctzen den Transfer in die Praxis.<\/h4>\n<h4>Was unsere Anwender zur\u00fcckmelden:<\/h4>\n<blockquote>\n<h4><span style=\"color: #00b0ad;\"><em>Das Seminar hat mit viel Freude gemacht und ich wei\u00df, ich habe mich f\u00fcr die richtige Maklersoftware und Firma dahinter entschieden. Keine l\u00e4stigen Tickets, kein zus\u00e4tzliches Geld bei Anpassungen, keine 08\/15-Hotline und es kommt immer ein R\u00fcckruf!\u00a0\u00a0\u00a0\u00a0\u00a0\u00a0\u00a0 <\/em><\/span><em>oder<\/em><span style=\"color: #00b0ad;\"><br \/>\n<\/span><\/h4>\n<h4><span style=\"color: #00b0ad;\"><em>Alles, was von Ihnen kommt, gef\u00e4llt mir sehr gut! Die Tipps f\u00fcr das Tagesgesch\u00e4ft waren das i-T\u00fcpfelchen. Weiter so!<\/em> <\/span><\/h4>\n<\/blockquote>\n<h4><span style=\"color: #00b0ad;\">Inhouse-Schulungen bei Ihnen<br \/>\n<\/span><\/h4>\n<h4>Unser Schwerpunkt liegt auf ma\u00dfgeschneiderten Inhouse-Schulungen bei Ihnen im B\u00fcro. Eine solche b\u00fcrospezifische Schulung bietet die M\u00f6glichkeit, Mitarbeitende Ihres B\u00fcros ohne (aufwendige) Reisekosten terminoptimiert, zeitlich konzentriert und zielgenau zu schulen. Ihr Vorteil: Sie bestimmen die Inhalte und die Programmpunkte. Teilen Sie uns einfach Ihren konkreten Bedarf und die Anzahl der Teilnehmer mit. Wir arbeiten f\u00fcr Sie einen individuellen Seminarablauf aus.<\/h4>\n<h4>Ihre Investition f\u00fcr Konzeption und Durchf\u00fchrung: 499,- \u20ac ganzt\u00e4gig und Reisekosten zzgl. 19% gesetzlicher MwSt..<\/h4>\n<h4><span style=\"color: #00b0ad;\">Externe Schulungen bundesweit<br \/>\n<\/span><\/h4>\n<h4>Dar\u00fcber hinaus bieten wir unseren Anwendern Kompakt-Seminare f\u00fcr Anf\u00e4nger bzw. Fortgeschrittene sowie Profi-Seminare f\u00fcr Keyuser und Experten an. Diese finden in der Regel monatlich an unterschiedlichen Standorten im ganzen Bundesgebiet mit einer guten Reise-Infrastruktur statt (z.B. K\u00f6ln, Wuppertal, Hamburg, N\u00fcrnberg). Beste Lernumgebung und Medientechnologie garantiert.<\/h4>\n<h4>Ihre Investition: 249,- \u20ac pro Teilnehmer ganzt\u00e4gig zzgl. 19% gesetzlicher MwSt. inklusive Mittagessen und Getr\u00e4nke.<\/h4>\n<h4>Mit den Schulungen von <em>A<\/em>MMON k\u00f6nnen Sie sicher sein, dass Sie Ihre Mitarbeitenden auf den gew\u00fcnschten Erfolgskurs bringen.<\/h4>\n<p>&nbsp;<\/p>\n","protected":false},"excerpt":{"rendered":"<p>SCHULUNGEN Jeder lernt auf seine eigene Art und Weise. Wir unterst\u00fctzen das. AMMON Schulungen sind gut durchdacht und organisiert. Unsere Schulungen finden ausschlie\u00dflich in Kleingruppen mit qualifizierten Mitarbeitenden statt. Wir arbeiten mit vielf\u00e4ltigen, modernen Methoden und k\u00f6nnen flexibel die Anforderungen der Gruppenteilnehmer ber\u00fccksichtigen. In entspannter Atmosph\u00e4re wird auf jeden Seminarteilnehmer individuell eingegangen. Daher erreicht jeder <span class=\"moretag\"><a href=\"https:\/\/www.moa-soft.de\/wordpress\/ammon-schulungen\/\" class=\"btn btn-sm btn-primary\">Mehr Infos<\/a><\/span><\/p>\n","protected":false},"author":1,"featured_media":0,"parent":0,"menu_order":0,"comment_status":"closed","ping_status":"closed","template":"","meta":{"footnotes":""},"class_list":["post-1268","page","type-page","status-publish","hentry"],"yoast_head":"<!-- This site is optimized with the Yoast SEO plugin v27.5 - https:\/\/yoast.com\/product\/yoast-seo-wordpress\/ -->\n<title>Warum die Schulungen f\u00fcr unsere Immobilien-Software-L\u00f6sung besonders sind? - AMMON | Immobilienmaklersoftware<\/title>\n<meta name=\"robots\" content=\"index, follow, max-snippet:-1, max-image-preview:large, max-video-preview:-1\" \/>\n<link rel=\"canonical\" href=\"https:\/\/www.moa-soft.de\/wordpress\/ammon-schulungen\/\" \/>\n<meta property=\"og:locale\" content=\"de_DE\" \/>\n<meta property=\"og:type\" content=\"article\" \/>\n<meta property=\"og:title\" content=\"Warum die Schulungen f\u00fcr unsere Immobilien-Software-L\u00f6sung besonders sind? - AMMON | Immobilienmaklersoftware\" \/>\n<meta property=\"og:description\" content=\"SCHULUNGEN Jeder lernt auf seine eigene Art und Weise. Wir unterst\u00fctzen das. AMMON Schulungen sind gut durchdacht und organisiert. Unsere Schulungen finden ausschlie\u00dflich in Kleingruppen mit qualifizierten Mitarbeitenden statt. Wir arbeiten mit vielf\u00e4ltigen, modernen Methoden und k\u00f6nnen flexibel die Anforderungen der Gruppenteilnehmer ber\u00fccksichtigen. In entspannter Atmosph\u00e4re wird auf jeden Seminarteilnehmer individuell eingegangen. Daher erreicht jeder Mehr Infos\" \/>\n<meta property=\"og:url\" content=\"https:\/\/www.moa-soft.de\/wordpress\/ammon-schulungen\/\" \/>\n<meta property=\"og:site_name\" content=\"AMMON | Immobilienmaklersoftware\" \/>\n<meta property=\"article:publisher\" content=\"https:\/\/www.facebook.com\/immobilienmaklersoftware\" \/>\n<meta property=\"article:modified_time\" content=\"2024-01-15T11:42:54+00:00\" \/>\n<meta name=\"twitter:card\" content=\"summary_large_image\" \/>\n<meta name=\"twitter:label1\" content=\"Gesch\u00e4tzte Lesezeit\" \/>\n\t<meta name=\"twitter:data1\" content=\"2\u00a0Minuten\" \/>\n<script type=\"application\/ld+json\" class=\"yoast-schema-graph\">{\"@context\":\"https:\\\/\\\/schema.org\",\"@graph\":[{\"@type\":\"WebPage\",\"@id\":\"https:\\\/\\\/www.moa-soft.de\\\/wordpress\\\/ammon-schulungen\\\/\",\"url\":\"https:\\\/\\\/www.moa-soft.de\\\/wordpress\\\/ammon-schulungen\\\/\",\"name\":\"Warum die Schulungen f\u00fcr unsere Immobilien-Software-L\u00f6sung besonders sind? - AMMON | Immobilienmaklersoftware\",\"isPartOf\":{\"@id\":\"https:\\\/\\\/www.moa-soft.de\\\/wordpress\\\/#website\"},\"datePublished\":\"2017-12-20T22:57:51+00:00\",\"dateModified\":\"2024-01-15T11:42:54+00:00\",\"breadcrumb\":{\"@id\":\"https:\\\/\\\/www.moa-soft.de\\\/wordpress\\\/ammon-schulungen\\\/#breadcrumb\"},\"inLanguage\":\"de\",\"potentialAction\":[{\"@type\":\"ReadAction\",\"target\":[\"https:\\\/\\\/www.moa-soft.de\\\/wordpress\\\/ammon-schulungen\\\/\"]}]},{\"@type\":\"BreadcrumbList\",\"@id\":\"https:\\\/\\\/www.moa-soft.de\\\/wordpress\\\/ammon-schulungen\\\/#breadcrumb\",\"itemListElement\":[{\"@type\":\"ListItem\",\"position\":1,\"name\":\"Startseite\",\"item\":\"https:\\\/\\\/www.moa-soft.de\\\/wordpress\\\/\"},{\"@type\":\"ListItem\",\"position\":2,\"name\":\"Warum die Schulungen f\u00fcr unsere Immobilien-Software-L\u00f6sung besonders sind?\"}]},{\"@type\":\"WebSite\",\"@id\":\"https:\\\/\\\/www.moa-soft.de\\\/wordpress\\\/#website\",\"url\":\"https:\\\/\\\/www.moa-soft.de\\\/wordpress\\\/\",\"name\":\"AMMON | Immobilienmaklersoftware\",\"description\":\"Immobilien- und Maklersoftware f\u00fcr Immobilienprofis\",\"publisher\":{\"@id\":\"https:\\\/\\\/www.moa-soft.de\\\/wordpress\\\/#organization\"},\"potentialAction\":[{\"@type\":\"SearchAction\",\"target\":{\"@type\":\"EntryPoint\",\"urlTemplate\":\"https:\\\/\\\/www.moa-soft.de\\\/wordpress\\\/?s={search_term_string}\"},\"query-input\":{\"@type\":\"PropertyValueSpecification\",\"valueRequired\":true,\"valueName\":\"search_term_string\"}}],\"inLanguage\":\"de\"},{\"@type\":\"Organization\",\"@id\":\"https:\\\/\\\/www.moa-soft.de\\\/wordpress\\\/#organization\",\"name\":\"AMMON Immobilienmakler Software\",\"url\":\"https:\\\/\\\/www.moa-soft.de\\\/wordpress\\\/\",\"logo\":{\"@type\":\"ImageObject\",\"inLanguage\":\"de\",\"@id\":\"https:\\\/\\\/www.moa-soft.de\\\/wordpress\\\/#\\\/schema\\\/logo\\\/image\\\/\",\"url\":\"https:\\\/\\\/www.moa-soft.de\\\/wordpress\\\/wp-content\\\/uploads\\\/2018\\\/01\\\/cropped-ammon_appicon512.png\",\"contentUrl\":\"https:\\\/\\\/www.moa-soft.de\\\/wordpress\\\/wp-content\\\/uploads\\\/2018\\\/01\\\/cropped-ammon_appicon512.png\",\"width\":512,\"height\":512,\"caption\":\"AMMON Immobilienmakler Software\"},\"image\":{\"@id\":\"https:\\\/\\\/www.moa-soft.de\\\/wordpress\\\/#\\\/schema\\\/logo\\\/image\\\/\"},\"sameAs\":[\"https:\\\/\\\/www.facebook.com\\\/immobilienmaklersoftware\"]}]}<\/script>\n<!-- \/ Yoast SEO plugin. -->","yoast_head_json":{"title":"Warum die Schulungen f\u00fcr unsere Immobilien-Software-L\u00f6sung besonders sind? - AMMON | Immobilienmaklersoftware","robots":{"index":"index","follow":"follow","max-snippet":"max-snippet:-1","max-image-preview":"max-image-preview:large","max-video-preview":"max-video-preview:-1"},"canonical":"https:\/\/www.moa-soft.de\/wordpress\/ammon-schulungen\/","og_locale":"de_DE","og_type":"article","og_title":"Warum die Schulungen f\u00fcr unsere Immobilien-Software-L\u00f6sung besonders sind? - AMMON | Immobilienmaklersoftware","og_description":"SCHULUNGEN Jeder lernt auf seine eigene Art und Weise. Wir unterst\u00fctzen das. AMMON Schulungen sind gut durchdacht und organisiert. Unsere Schulungen finden ausschlie\u00dflich in Kleingruppen mit qualifizierten Mitarbeitenden statt. Wir arbeiten mit vielf\u00e4ltigen, modernen Methoden und k\u00f6nnen flexibel die Anforderungen der Gruppenteilnehmer ber\u00fccksichtigen. In entspannter Atmosph\u00e4re wird auf jeden Seminarteilnehmer individuell eingegangen. Daher erreicht jeder Mehr Infos","og_url":"https:\/\/www.moa-soft.de\/wordpress\/ammon-schulungen\/","og_site_name":"AMMON | Immobilienmaklersoftware","article_publisher":"https:\/\/www.facebook.com\/immobilienmaklersoftware","article_modified_time":"2024-01-15T11:42:54+00:00","twitter_card":"summary_large_image","twitter_misc":{"Gesch\u00e4tzte Lesezeit":"2\u00a0Minuten"},"schema":{"@context":"https:\/\/schema.org","@graph":[{"@type":"WebPage","@id":"https:\/\/www.moa-soft.de\/wordpress\/ammon-schulungen\/","url":"https:\/\/www.moa-soft.de\/wordpress\/ammon-schulungen\/","name":"Warum die Schulungen f\u00fcr unsere Immobilien-Software-L\u00f6sung besonders sind? - AMMON | Immobilienmaklersoftware","isPartOf":{"@id":"https:\/\/www.moa-soft.de\/wordpress\/#website"},"datePublished":"2017-12-20T22:57:51+00:00","dateModified":"2024-01-15T11:42:54+00:00","breadcrumb":{"@id":"https:\/\/www.moa-soft.de\/wordpress\/ammon-schulungen\/#breadcrumb"},"inLanguage":"de","potentialAction":[{"@type":"ReadAction","target":["https:\/\/www.moa-soft.de\/wordpress\/ammon-schulungen\/"]}]},{"@type":"BreadcrumbList","@id":"https:\/\/www.moa-soft.de\/wordpress\/ammon-schulungen\/#breadcrumb","itemListElement":[{"@type":"ListItem","position":1,"name":"Startseite","item":"https:\/\/www.moa-soft.de\/wordpress\/"},{"@type":"ListItem","position":2,"name":"Warum die Schulungen f\u00fcr unsere Immobilien-Software-L\u00f6sung besonders sind?"}]},{"@type":"WebSite","@id":"https:\/\/www.moa-soft.de\/wordpress\/#website","url":"https:\/\/www.moa-soft.de\/wordpress\/","name":"AMMON | Immobilienmaklersoftware","description":"Immobilien- und Maklersoftware f\u00fcr Immobilienprofis","publisher":{"@id":"https:\/\/www.moa-soft.de\/wordpress\/#organization"},"potentialAction":[{"@type":"SearchAction","target":{"@type":"EntryPoint","urlTemplate":"https:\/\/www.moa-soft.de\/wordpress\/?s={search_term_string}"},"query-input":{"@type":"PropertyValueSpecification","valueRequired":true,"valueName":"search_term_string"}}],"inLanguage":"de"},{"@type":"Organization","@id":"https:\/\/www.moa-soft.de\/wordpress\/#organization","name":"AMMON Immobilienmakler Software","url":"https:\/\/www.moa-soft.de\/wordpress\/","logo":{"@type":"ImageObject","inLanguage":"de","@id":"https:\/\/www.moa-soft.de\/wordpress\/#\/schema\/logo\/image\/","url":"https:\/\/www.moa-soft.de\/wordpress\/wp-content\/uploads\/2018\/01\/cropped-ammon_appicon512.png","contentUrl":"https:\/\/www.moa-soft.de\/wordpress\/wp-content\/uploads\/2018\/01\/cropped-ammon_appicon512.png","width":512,"height":512,"caption":"AMMON Immobilienmakler Software"},"image":{"@id":"https:\/\/www.moa-soft.de\/wordpress\/#\/schema\/logo\/image\/"},"sameAs":["https:\/\/www.facebook.com\/immobilienmaklersoftware"]}]}},"_links":{"self":[{"href":"https:\/\/www.moa-soft.de\/wordpress\/wp-json\/wp\/v2\/pages\/1268","targetHints":{"allow":["GET"]}}],"collection":[{"href":"https:\/\/www.moa-soft.de\/wordpress\/wp-json\/wp\/v2\/pages"}],"about":[{"href":"https:\/\/www.moa-soft.de\/wordpress\/wp-json\/wp\/v2\/types\/page"}],"author":[{"embeddable":true,"href":"https:\/\/www.moa-soft.de\/wordpress\/wp-json\/wp\/v2\/users\/1"}],"replies":[{"embeddable":true,"href":"https:\/\/www.moa-soft.de\/wordpress\/wp-json\/wp\/v2\/comments?post=1268"}],"version-history":[{"count":86,"href":"https:\/\/www.moa-soft.de\/wordpress\/wp-json\/wp\/v2\/pages\/1268\/revisions"}],"predecessor-version":[{"id":4589,"href":"https:\/\/www.moa-soft.de\/wordpress\/wp-json\/wp\/v2\/pages\/1268\/revisions\/4589"}],"wp:attachment":[{"href":"https:\/\/www.moa-soft.de\/wordpress\/wp-json\/wp\/v2\/media?parent=1268"}],"curies":[{"name":"wp","href":"https:\/\/api.w.org\/{rel}","templated":true}]}}