{"id":1291,"date":"2017-12-21T00:43:28","date_gmt":"2017-12-20T23:43:28","guid":{"rendered":"http:\/\/www.moa-soft.de\/wordpress\/?page_id=1291"},"modified":"2021-02-09T23:35:21","modified_gmt":"2021-02-09T22:35:21","slug":"support","status":"publish","type":"page","link":"https:\/\/www.moa-soft.de\/wordpress\/ammon-kontakt\/support\/","title":{"rendered":"Wer begr\u00fc\u00dft Sie mit einem freundlichen L\u00e4cheln?"},"content":{"rendered":"<h4><span style=\"color: #002395;\">SUPPORT<\/span><\/h4>\n<h4><span style=\"color: #002395;\">Wir!\u00a0 Sch\u00f6n, von Ihnen zu h\u00f6ren oder zu lesen.<\/span><\/h4>\n<h4>Anwender von <em>A<\/em>MMON zu sein bedeutet, stets etwas mehr zu bekommen. An pers\u00f6nlicher Betreuung und Einsatz.<\/h4>\n<h4>Das gilt nicht nur f\u00fcr den pers\u00f6nlichen Kundenbetreuer, sondern auch f\u00fcr unseren telefonischen Support und unseren E-Mail-Support. Ebenso f\u00fcr unseren sofortigen Fernwartungsservice an Ihrem Arbeitsplatz. Auch planbare Terminvereinbarungen, auf Ihren Wunsch hin, geh\u00f6ren f\u00fcr uns selbstverst\u00e4ndlich dazu.<\/h4>\n<h4><span style=\"color: #00b0ad;\">Das Besondere:<\/span> <em>A<\/em>MMON bietet einen Supportumfang ohne Einschr\u00e4nkungen in der Art der Kommuniktion und ohne Limitierungen hinsichtlich des Zeitaufwandes oder der Benutzeranzahl. Und inklusive ohne Zusatzkosten.<\/h4>\n<h4>Gute Ideen, kurzfristige Erledigung und immer freundliche Menschen. Eine sorgf\u00e4ltige Bearbeitung rund um den gefragten Service. Das ist <em>A<\/em>MMON.<\/h4>\n<h4>Sie erreichen unsere Mitarbeitenden pers\u00f6nlich montags bis freitags von 09:00 bis 17:30 Uhr unter 02336 914 071. Zudem k\u00f6nnen Sie Anfragen direkt aus dem <em>A<\/em>MMON Programm mit einem Klick an uns richten. Automatisch wird dann eine Anfrage er\u00f6ffnet und Sie brauchen nur das Anliegen einzutragen. Der R\u00fcckruf durch uns ist garantiert. Und das kostenfrei f\u00fcr Sie.<\/h4>\n<h4>Und selbstverst\u00e4ndlich reagieren wir schnell auf Ihre E-Mail-Anfragen und sind auch in dringenden Notf\u00e4llen dar\u00fcber hinaus f\u00fcr Sie da.<\/h4>\n","protected":false},"excerpt":{"rendered":"<p>SUPPORT Wir!\u00a0 Sch\u00f6n, von Ihnen zu h\u00f6ren oder zu lesen. Anwender von AMMON zu sein bedeutet, stets etwas mehr zu bekommen. An pers\u00f6nlicher Betreuung und Einsatz. Das gilt nicht nur f\u00fcr den pers\u00f6nlichen Kundenbetreuer, sondern auch f\u00fcr unseren telefonischen Support und unseren E-Mail-Support. Ebenso f\u00fcr unseren sofortigen Fernwartungsservice an Ihrem Arbeitsplatz. Auch planbare Terminvereinbarungen, auf <span class=\"moretag\"><a href=\"https:\/\/www.moa-soft.de\/wordpress\/ammon-kontakt\/support\/\" class=\"btn btn-sm btn-primary\">Mehr Infos<\/a><\/span><\/p>\n","protected":false},"author":1,"featured_media":0,"parent":1246,"menu_order":0,"comment_status":"closed","ping_status":"closed","template":"","meta":{"footnotes":""},"class_list":["post-1291","page","type-page","status-publish","hentry"],"yoast_head":"<!-- This site is optimized with the Yoast SEO plugin v27.5 - https:\/\/yoast.com\/product\/yoast-seo-wordpress\/ -->\n<title>Wer begr\u00fc\u00dft Sie mit einem freundlichen L\u00e4cheln? - AMMON | Immobilienmaklersoftware<\/title>\n<meta name=\"robots\" content=\"index, follow, max-snippet:-1, max-image-preview:large, max-video-preview:-1\" \/>\n<link rel=\"canonical\" href=\"https:\/\/www.moa-soft.de\/wordpress\/ammon-kontakt\/support\/\" \/>\n<meta property=\"og:locale\" content=\"de_DE\" \/>\n<meta property=\"og:type\" content=\"article\" \/>\n<meta property=\"og:title\" content=\"Wer begr\u00fc\u00dft Sie mit einem freundlichen L\u00e4cheln? - AMMON | Immobilienmaklersoftware\" \/>\n<meta property=\"og:description\" content=\"SUPPORT Wir!\u00a0 Sch\u00f6n, von Ihnen zu h\u00f6ren oder zu lesen. Anwender von AMMON zu sein bedeutet, stets etwas mehr zu bekommen. An pers\u00f6nlicher Betreuung und Einsatz. Das gilt nicht nur f\u00fcr den pers\u00f6nlichen Kundenbetreuer, sondern auch f\u00fcr unseren telefonischen Support und unseren E-Mail-Support. Ebenso f\u00fcr unseren sofortigen Fernwartungsservice an Ihrem Arbeitsplatz. Auch planbare Terminvereinbarungen, auf Mehr Infos\" \/>\n<meta property=\"og:url\" content=\"https:\/\/www.moa-soft.de\/wordpress\/ammon-kontakt\/support\/\" \/>\n<meta property=\"og:site_name\" content=\"AMMON | Immobilienmaklersoftware\" \/>\n<meta property=\"article:publisher\" content=\"https:\/\/www.facebook.com\/immobilienmaklersoftware\" \/>\n<meta property=\"article:modified_time\" content=\"2021-02-09T22:35:21+00:00\" \/>\n<meta name=\"twitter:card\" content=\"summary_large_image\" \/>\n<meta name=\"twitter:label1\" content=\"Gesch\u00e4tzte Lesezeit\" \/>\n\t<meta name=\"twitter:data1\" content=\"1\u00a0Minute\" \/>\n<script type=\"application\/ld+json\" class=\"yoast-schema-graph\">{\"@context\":\"https:\\\/\\\/schema.org\",\"@graph\":[{\"@type\":\"WebPage\",\"@id\":\"https:\\\/\\\/www.moa-soft.de\\\/wordpress\\\/ammon-kontakt\\\/support\\\/\",\"url\":\"https:\\\/\\\/www.moa-soft.de\\\/wordpress\\\/ammon-kontakt\\\/support\\\/\",\"name\":\"Wer begr\u00fc\u00dft Sie mit einem freundlichen L\u00e4cheln? - AMMON | Immobilienmaklersoftware\",\"isPartOf\":{\"@id\":\"https:\\\/\\\/www.moa-soft.de\\\/wordpress\\\/#website\"},\"datePublished\":\"2017-12-20T23:43:28+00:00\",\"dateModified\":\"2021-02-09T22:35:21+00:00\",\"breadcrumb\":{\"@id\":\"https:\\\/\\\/www.moa-soft.de\\\/wordpress\\\/ammon-kontakt\\\/support\\\/#breadcrumb\"},\"inLanguage\":\"de\",\"potentialAction\":[{\"@type\":\"ReadAction\",\"target\":[\"https:\\\/\\\/www.moa-soft.de\\\/wordpress\\\/ammon-kontakt\\\/support\\\/\"]}]},{\"@type\":\"BreadcrumbList\",\"@id\":\"https:\\\/\\\/www.moa-soft.de\\\/wordpress\\\/ammon-kontakt\\\/support\\\/#breadcrumb\",\"itemListElement\":[{\"@type\":\"ListItem\",\"position\":1,\"name\":\"Startseite\",\"item\":\"https:\\\/\\\/www.moa-soft.de\\\/wordpress\\\/\"},{\"@type\":\"ListItem\",\"position\":2,\"name\":\"Was beinhaltet unser Anwenderservice?\",\"item\":\"https:\\\/\\\/www.moa-soft.de\\\/wordpress\\\/ammon-kontakt\\\/\"},{\"@type\":\"ListItem\",\"position\":3,\"name\":\"Wer begr\u00fc\u00dft Sie mit einem freundlichen L\u00e4cheln?\"}]},{\"@type\":\"WebSite\",\"@id\":\"https:\\\/\\\/www.moa-soft.de\\\/wordpress\\\/#website\",\"url\":\"https:\\\/\\\/www.moa-soft.de\\\/wordpress\\\/\",\"name\":\"AMMON | Immobilienmaklersoftware\",\"description\":\"Immobilien- und Maklersoftware f\u00fcr Immobilienprofis\",\"publisher\":{\"@id\":\"https:\\\/\\\/www.moa-soft.de\\\/wordpress\\\/#organization\"},\"potentialAction\":[{\"@type\":\"SearchAction\",\"target\":{\"@type\":\"EntryPoint\",\"urlTemplate\":\"https:\\\/\\\/www.moa-soft.de\\\/wordpress\\\/?s={search_term_string}\"},\"query-input\":{\"@type\":\"PropertyValueSpecification\",\"valueRequired\":true,\"valueName\":\"search_term_string\"}}],\"inLanguage\":\"de\"},{\"@type\":\"Organization\",\"@id\":\"https:\\\/\\\/www.moa-soft.de\\\/wordpress\\\/#organization\",\"name\":\"AMMON Immobilienmakler Software\",\"url\":\"https:\\\/\\\/www.moa-soft.de\\\/wordpress\\\/\",\"logo\":{\"@type\":\"ImageObject\",\"inLanguage\":\"de\",\"@id\":\"https:\\\/\\\/www.moa-soft.de\\\/wordpress\\\/#\\\/schema\\\/logo\\\/image\\\/\",\"url\":\"https:\\\/\\\/www.moa-soft.de\\\/wordpress\\\/wp-content\\\/uploads\\\/2018\\\/01\\\/cropped-ammon_appicon512.png\",\"contentUrl\":\"https:\\\/\\\/www.moa-soft.de\\\/wordpress\\\/wp-content\\\/uploads\\\/2018\\\/01\\\/cropped-ammon_appicon512.png\",\"width\":512,\"height\":512,\"caption\":\"AMMON Immobilienmakler Software\"},\"image\":{\"@id\":\"https:\\\/\\\/www.moa-soft.de\\\/wordpress\\\/#\\\/schema\\\/logo\\\/image\\\/\"},\"sameAs\":[\"https:\\\/\\\/www.facebook.com\\\/immobilienmaklersoftware\"]}]}<\/script>\n<!-- \/ Yoast SEO plugin. -->","yoast_head_json":{"title":"Wer begr\u00fc\u00dft Sie mit einem freundlichen L\u00e4cheln? - AMMON | Immobilienmaklersoftware","robots":{"index":"index","follow":"follow","max-snippet":"max-snippet:-1","max-image-preview":"max-image-preview:large","max-video-preview":"max-video-preview:-1"},"canonical":"https:\/\/www.moa-soft.de\/wordpress\/ammon-kontakt\/support\/","og_locale":"de_DE","og_type":"article","og_title":"Wer begr\u00fc\u00dft Sie mit einem freundlichen L\u00e4cheln? - AMMON | Immobilienmaklersoftware","og_description":"SUPPORT Wir!\u00a0 Sch\u00f6n, von Ihnen zu h\u00f6ren oder zu lesen. Anwender von AMMON zu sein bedeutet, stets etwas mehr zu bekommen. An pers\u00f6nlicher Betreuung und Einsatz. Das gilt nicht nur f\u00fcr den pers\u00f6nlichen Kundenbetreuer, sondern auch f\u00fcr unseren telefonischen Support und unseren E-Mail-Support. Ebenso f\u00fcr unseren sofortigen Fernwartungsservice an Ihrem Arbeitsplatz. Auch planbare Terminvereinbarungen, auf Mehr Infos","og_url":"https:\/\/www.moa-soft.de\/wordpress\/ammon-kontakt\/support\/","og_site_name":"AMMON | Immobilienmaklersoftware","article_publisher":"https:\/\/www.facebook.com\/immobilienmaklersoftware","article_modified_time":"2021-02-09T22:35:21+00:00","twitter_card":"summary_large_image","twitter_misc":{"Gesch\u00e4tzte Lesezeit":"1\u00a0Minute"},"schema":{"@context":"https:\/\/schema.org","@graph":[{"@type":"WebPage","@id":"https:\/\/www.moa-soft.de\/wordpress\/ammon-kontakt\/support\/","url":"https:\/\/www.moa-soft.de\/wordpress\/ammon-kontakt\/support\/","name":"Wer begr\u00fc\u00dft Sie mit einem freundlichen L\u00e4cheln? - AMMON | Immobilienmaklersoftware","isPartOf":{"@id":"https:\/\/www.moa-soft.de\/wordpress\/#website"},"datePublished":"2017-12-20T23:43:28+00:00","dateModified":"2021-02-09T22:35:21+00:00","breadcrumb":{"@id":"https:\/\/www.moa-soft.de\/wordpress\/ammon-kontakt\/support\/#breadcrumb"},"inLanguage":"de","potentialAction":[{"@type":"ReadAction","target":["https:\/\/www.moa-soft.de\/wordpress\/ammon-kontakt\/support\/"]}]},{"@type":"BreadcrumbList","@id":"https:\/\/www.moa-soft.de\/wordpress\/ammon-kontakt\/support\/#breadcrumb","itemListElement":[{"@type":"ListItem","position":1,"name":"Startseite","item":"https:\/\/www.moa-soft.de\/wordpress\/"},{"@type":"ListItem","position":2,"name":"Was beinhaltet unser Anwenderservice?","item":"https:\/\/www.moa-soft.de\/wordpress\/ammon-kontakt\/"},{"@type":"ListItem","position":3,"name":"Wer begr\u00fc\u00dft Sie mit einem freundlichen L\u00e4cheln?"}]},{"@type":"WebSite","@id":"https:\/\/www.moa-soft.de\/wordpress\/#website","url":"https:\/\/www.moa-soft.de\/wordpress\/","name":"AMMON | Immobilienmaklersoftware","description":"Immobilien- und Maklersoftware f\u00fcr Immobilienprofis","publisher":{"@id":"https:\/\/www.moa-soft.de\/wordpress\/#organization"},"potentialAction":[{"@type":"SearchAction","target":{"@type":"EntryPoint","urlTemplate":"https:\/\/www.moa-soft.de\/wordpress\/?s={search_term_string}"},"query-input":{"@type":"PropertyValueSpecification","valueRequired":true,"valueName":"search_term_string"}}],"inLanguage":"de"},{"@type":"Organization","@id":"https:\/\/www.moa-soft.de\/wordpress\/#organization","name":"AMMON Immobilienmakler Software","url":"https:\/\/www.moa-soft.de\/wordpress\/","logo":{"@type":"ImageObject","inLanguage":"de","@id":"https:\/\/www.moa-soft.de\/wordpress\/#\/schema\/logo\/image\/","url":"https:\/\/www.moa-soft.de\/wordpress\/wp-content\/uploads\/2018\/01\/cropped-ammon_appicon512.png","contentUrl":"https:\/\/www.moa-soft.de\/wordpress\/wp-content\/uploads\/2018\/01\/cropped-ammon_appicon512.png","width":512,"height":512,"caption":"AMMON Immobilienmakler Software"},"image":{"@id":"https:\/\/www.moa-soft.de\/wordpress\/#\/schema\/logo\/image\/"},"sameAs":["https:\/\/www.facebook.com\/immobilienmaklersoftware"]}]}},"_links":{"self":[{"href":"https:\/\/www.moa-soft.de\/wordpress\/wp-json\/wp\/v2\/pages\/1291","targetHints":{"allow":["GET"]}}],"collection":[{"href":"https:\/\/www.moa-soft.de\/wordpress\/wp-json\/wp\/v2\/pages"}],"about":[{"href":"https:\/\/www.moa-soft.de\/wordpress\/wp-json\/wp\/v2\/types\/page"}],"author":[{"embeddable":true,"href":"https:\/\/www.moa-soft.de\/wordpress\/wp-json\/wp\/v2\/users\/1"}],"replies":[{"embeddable":true,"href":"https:\/\/www.moa-soft.de\/wordpress\/wp-json\/wp\/v2\/comments?post=1291"}],"version-history":[{"count":35,"href":"https:\/\/www.moa-soft.de\/wordpress\/wp-json\/wp\/v2\/pages\/1291\/revisions"}],"predecessor-version":[{"id":3937,"href":"https:\/\/www.moa-soft.de\/wordpress\/wp-json\/wp\/v2\/pages\/1291\/revisions\/3937"}],"up":[{"embeddable":true,"href":"https:\/\/www.moa-soft.de\/wordpress\/wp-json\/wp\/v2\/pages\/1246"}],"wp:attachment":[{"href":"https:\/\/www.moa-soft.de\/wordpress\/wp-json\/wp\/v2\/media?parent=1291"}],"curies":[{"name":"wp","href":"https:\/\/api.w.org\/{rel}","templated":true}]}}