{"id":1373,"date":"2017-12-22T07:57:35","date_gmt":"2017-12-22T06:57:35","guid":{"rendered":"http:\/\/www.moa-soft.de\/wordpress\/?page_id=1373"},"modified":"2021-02-09T23:33:51","modified_gmt":"2021-02-09T22:33:51","slug":"app","status":"publish","type":"page","link":"https:\/\/www.moa-soft.de\/wordpress\/ammon-software\/app\/","title":{"rendered":"Mit der <i>A<\/i>MMON App erfolgreich Makeln"},"content":{"rendered":"<h4><span style=\"color: #002395;\">APP<\/span><\/h4>\n<h4><span style=\"color: #002395;\">Auf das Wesentliche unterwegs zeitsparend konzentriert:<\/span><\/h4>\n<h4>Die <em>A<\/em>MMON App l\u00e4sst Sie unterwegs nicht nur Ihre Immobilien mit Bildern pr\u00e4sentieren und Ihre B\u00fcroorganisation steuern. Sie k\u00f6nnen auch neue Immobilien und Personenkontakte mit Suchprofil sofort erfassen.<\/h4>\n<h4>Mit der <em>A<\/em>MMON App f\u00fcr das iPhone und iPad erf\u00fcllen wir den Anspruch, den bestm\u00f6glichen Akquise- und Vertriebsservice unserer Anwender noch besser mobil zu gew\u00e4hrleisten.<\/h4>\n<h4><span style=\"color: #00b0ad;\">Ihre Vorteile:<\/span><\/h4>\n<ul>\n<li>\n<h4>Einfaches und flexibles Arbeiten \u2013 immer und \u00fcberall<\/h4>\n<\/li>\n<li>\n<h4>Jederzeit Zugriff auf Ihren Personendaten- und Immobiliendatenbestand \u2013 auch ohne Internetverbindung<\/h4>\n<\/li>\n<li>\n<h4>Pr\u00e4sentation Ihrer Immobilien bei Kundenterminen mit Bildergalerie und Kartenansicht<\/h4>\n<\/li>\n<li>\n<h4>Direkte Kontaktaufnahme zu Personen \u2013 Telefonieren, E-Mail-Versand und Web<\/h4>\n<\/li>\n<li>\n<h4>Zeitsparende Erfassung von neuen Immobilien und Personenkontakten mit Suchprofil<\/h4>\n<\/li>\n<li>\n<h4>\u00dcbersichtliche Listenfunktionen und schnelles Auffinden von Datens\u00e4tzen<\/h4>\n<\/li>\n<li>\n<h4>Moderner und professioneller Auftritt gegen\u00fcber Interessenten und Auftraggebern<\/h4>\n<\/li>\n<\/ul>\n<h4>Sie k\u00f6nnen die <em>A<\/em>MMON App bequem \u00fcber Ihren PC via iTunes downloaden oder direkt \u00fcber Ihr iPhone bzw. Ihr iPad im App Store beziehen. Der Abgleich von neu eingegebenen Daten erfolgt schnell im B\u00fcro \u00fcber das <em>A<\/em>MMON Synchronisationsmodul. Die Nutzung der <em>A<\/em>MMON App und die Nutzung des Synchronisationsmoduls sind im Preis f\u00fcr die <em>A<\/em>MMON Programmlizenz bereits eingeschlossen. Es fallen nach dem Download der App keine weiteren Kosten an.<\/h4>\n","protected":false},"excerpt":{"rendered":"<p>APP Auf das Wesentliche unterwegs zeitsparend konzentriert: Die AMMON App l\u00e4sst Sie unterwegs nicht nur Ihre Immobilien mit Bildern pr\u00e4sentieren und Ihre B\u00fcroorganisation steuern. Sie k\u00f6nnen auch neue Immobilien und Personenkontakte mit Suchprofil sofort erfassen. Mit der AMMON App f\u00fcr das iPhone und iPad erf\u00fcllen wir den Anspruch, den bestm\u00f6glichen Akquise- und Vertriebsservice unserer Anwender <span class=\"moretag\"><a href=\"https:\/\/www.moa-soft.de\/wordpress\/ammon-software\/app\/\" class=\"btn btn-sm btn-primary\">Mehr Infos<\/a><\/span><\/p>\n","protected":false},"author":1,"featured_media":0,"parent":1069,"menu_order":0,"comment_status":"closed","ping_status":"closed","template":"","meta":{"footnotes":""},"class_list":["post-1373","page","type-page","status-publish","hentry"],"yoast_head":"<!-- This site is optimized with the Yoast SEO plugin v27.3 - https:\/\/yoast.com\/product\/yoast-seo-wordpress\/ -->\n<title>Mit der AMMON App erfolgreich Makeln - AMMON | Immobilienmaklersoftware<\/title>\n<meta name=\"robots\" content=\"index, follow, max-snippet:-1, max-image-preview:large, max-video-preview:-1\" \/>\n<link rel=\"canonical\" href=\"https:\/\/www.moa-soft.de\/wordpress\/ammon-software\/app\/\" \/>\n<meta property=\"og:locale\" content=\"de_DE\" \/>\n<meta property=\"og:type\" content=\"article\" \/>\n<meta property=\"og:title\" content=\"Mit der AMMON App erfolgreich Makeln - AMMON | Immobilienmaklersoftware\" \/>\n<meta property=\"og:description\" content=\"APP Auf das Wesentliche unterwegs zeitsparend konzentriert: Die AMMON App l\u00e4sst Sie unterwegs nicht nur Ihre Immobilien mit Bildern pr\u00e4sentieren und Ihre B\u00fcroorganisation steuern. Sie k\u00f6nnen auch neue Immobilien und Personenkontakte mit Suchprofil sofort erfassen. Mit der AMMON App f\u00fcr das iPhone und iPad erf\u00fcllen wir den Anspruch, den bestm\u00f6glichen Akquise- und Vertriebsservice unserer Anwender Mehr Infos\" \/>\n<meta property=\"og:url\" content=\"https:\/\/www.moa-soft.de\/wordpress\/ammon-software\/app\/\" \/>\n<meta property=\"og:site_name\" content=\"AMMON | Immobilienmaklersoftware\" \/>\n<meta property=\"article:publisher\" content=\"https:\/\/www.facebook.com\/immobilienmaklersoftware\" \/>\n<meta property=\"article:modified_time\" content=\"2021-02-09T22:33:51+00:00\" \/>\n<meta name=\"twitter:card\" content=\"summary_large_image\" \/>\n<meta name=\"twitter:label1\" content=\"Gesch\u00e4tzte Lesezeit\" \/>\n\t<meta name=\"twitter:data1\" content=\"1\u00a0Minute\" \/>\n<script type=\"application\/ld+json\" class=\"yoast-schema-graph\">{\"@context\":\"https:\\\/\\\/schema.org\",\"@graph\":[{\"@type\":\"WebPage\",\"@id\":\"https:\\\/\\\/www.moa-soft.de\\\/wordpress\\\/ammon-software\\\/app\\\/\",\"url\":\"https:\\\/\\\/www.moa-soft.de\\\/wordpress\\\/ammon-software\\\/app\\\/\",\"name\":\"Mit der AMMON App erfolgreich Makeln - AMMON | Immobilienmaklersoftware\",\"isPartOf\":{\"@id\":\"https:\\\/\\\/www.moa-soft.de\\\/wordpress\\\/#website\"},\"datePublished\":\"2017-12-22T06:57:35+00:00\",\"dateModified\":\"2021-02-09T22:33:51+00:00\",\"breadcrumb\":{\"@id\":\"https:\\\/\\\/www.moa-soft.de\\\/wordpress\\\/ammon-software\\\/app\\\/#breadcrumb\"},\"inLanguage\":\"de\",\"potentialAction\":[{\"@type\":\"ReadAction\",\"target\":[\"https:\\\/\\\/www.moa-soft.de\\\/wordpress\\\/ammon-software\\\/app\\\/\"]}]},{\"@type\":\"BreadcrumbList\",\"@id\":\"https:\\\/\\\/www.moa-soft.de\\\/wordpress\\\/ammon-software\\\/app\\\/#breadcrumb\",\"itemListElement\":[{\"@type\":\"ListItem\",\"position\":1,\"name\":\"Startseite\",\"item\":\"https:\\\/\\\/www.moa-soft.de\\\/wordpress\\\/\"},{\"@type\":\"ListItem\",\"position\":2,\"name\":\"A wie ALLES. Au\u00dfer gew\u00f6hnlich&#8230; die Immobiliensoftware AMMON\",\"item\":\"https:\\\/\\\/www.moa-soft.de\\\/wordpress\\\/ammon-software\\\/\"},{\"@type\":\"ListItem\",\"position\":3,\"name\":\"Mit der AMMON App erfolgreich Makeln\"}]},{\"@type\":\"WebSite\",\"@id\":\"https:\\\/\\\/www.moa-soft.de\\\/wordpress\\\/#website\",\"url\":\"https:\\\/\\\/www.moa-soft.de\\\/wordpress\\\/\",\"name\":\"AMMON | Immobilienmaklersoftware\",\"description\":\"Immobilien- und Maklersoftware f\u00fcr Immobilienprofis\",\"publisher\":{\"@id\":\"https:\\\/\\\/www.moa-soft.de\\\/wordpress\\\/#organization\"},\"potentialAction\":[{\"@type\":\"SearchAction\",\"target\":{\"@type\":\"EntryPoint\",\"urlTemplate\":\"https:\\\/\\\/www.moa-soft.de\\\/wordpress\\\/?s={search_term_string}\"},\"query-input\":{\"@type\":\"PropertyValueSpecification\",\"valueRequired\":true,\"valueName\":\"search_term_string\"}}],\"inLanguage\":\"de\"},{\"@type\":\"Organization\",\"@id\":\"https:\\\/\\\/www.moa-soft.de\\\/wordpress\\\/#organization\",\"name\":\"AMMON Immobilienmakler Software\",\"url\":\"https:\\\/\\\/www.moa-soft.de\\\/wordpress\\\/\",\"logo\":{\"@type\":\"ImageObject\",\"inLanguage\":\"de\",\"@id\":\"https:\\\/\\\/www.moa-soft.de\\\/wordpress\\\/#\\\/schema\\\/logo\\\/image\\\/\",\"url\":\"https:\\\/\\\/www.moa-soft.de\\\/wordpress\\\/wp-content\\\/uploads\\\/2018\\\/01\\\/cropped-ammon_appicon512.png\",\"contentUrl\":\"https:\\\/\\\/www.moa-soft.de\\\/wordpress\\\/wp-content\\\/uploads\\\/2018\\\/01\\\/cropped-ammon_appicon512.png\",\"width\":512,\"height\":512,\"caption\":\"AMMON Immobilienmakler Software\"},\"image\":{\"@id\":\"https:\\\/\\\/www.moa-soft.de\\\/wordpress\\\/#\\\/schema\\\/logo\\\/image\\\/\"},\"sameAs\":[\"https:\\\/\\\/www.facebook.com\\\/immobilienmaklersoftware\"]}]}<\/script>\n<!-- \/ Yoast SEO plugin. -->","yoast_head_json":{"title":"Mit der AMMON App erfolgreich Makeln - AMMON | Immobilienmaklersoftware","robots":{"index":"index","follow":"follow","max-snippet":"max-snippet:-1","max-image-preview":"max-image-preview:large","max-video-preview":"max-video-preview:-1"},"canonical":"https:\/\/www.moa-soft.de\/wordpress\/ammon-software\/app\/","og_locale":"de_DE","og_type":"article","og_title":"Mit der AMMON App erfolgreich Makeln - AMMON | Immobilienmaklersoftware","og_description":"APP Auf das Wesentliche unterwegs zeitsparend konzentriert: Die AMMON App l\u00e4sst Sie unterwegs nicht nur Ihre Immobilien mit Bildern pr\u00e4sentieren und Ihre B\u00fcroorganisation steuern. Sie k\u00f6nnen auch neue Immobilien und Personenkontakte mit Suchprofil sofort erfassen. Mit der AMMON App f\u00fcr das iPhone und iPad erf\u00fcllen wir den Anspruch, den bestm\u00f6glichen Akquise- und Vertriebsservice unserer Anwender Mehr Infos","og_url":"https:\/\/www.moa-soft.de\/wordpress\/ammon-software\/app\/","og_site_name":"AMMON | Immobilienmaklersoftware","article_publisher":"https:\/\/www.facebook.com\/immobilienmaklersoftware","article_modified_time":"2021-02-09T22:33:51+00:00","twitter_card":"summary_large_image","twitter_misc":{"Gesch\u00e4tzte Lesezeit":"1\u00a0Minute"},"schema":{"@context":"https:\/\/schema.org","@graph":[{"@type":"WebPage","@id":"https:\/\/www.moa-soft.de\/wordpress\/ammon-software\/app\/","url":"https:\/\/www.moa-soft.de\/wordpress\/ammon-software\/app\/","name":"Mit der AMMON App erfolgreich Makeln - AMMON | Immobilienmaklersoftware","isPartOf":{"@id":"https:\/\/www.moa-soft.de\/wordpress\/#website"},"datePublished":"2017-12-22T06:57:35+00:00","dateModified":"2021-02-09T22:33:51+00:00","breadcrumb":{"@id":"https:\/\/www.moa-soft.de\/wordpress\/ammon-software\/app\/#breadcrumb"},"inLanguage":"de","potentialAction":[{"@type":"ReadAction","target":["https:\/\/www.moa-soft.de\/wordpress\/ammon-software\/app\/"]}]},{"@type":"BreadcrumbList","@id":"https:\/\/www.moa-soft.de\/wordpress\/ammon-software\/app\/#breadcrumb","itemListElement":[{"@type":"ListItem","position":1,"name":"Startseite","item":"https:\/\/www.moa-soft.de\/wordpress\/"},{"@type":"ListItem","position":2,"name":"A wie ALLES. Au\u00dfer gew\u00f6hnlich&#8230; die Immobiliensoftware AMMON","item":"https:\/\/www.moa-soft.de\/wordpress\/ammon-software\/"},{"@type":"ListItem","position":3,"name":"Mit der AMMON App erfolgreich Makeln"}]},{"@type":"WebSite","@id":"https:\/\/www.moa-soft.de\/wordpress\/#website","url":"https:\/\/www.moa-soft.de\/wordpress\/","name":"AMMON | Immobilienmaklersoftware","description":"Immobilien- und Maklersoftware f\u00fcr Immobilienprofis","publisher":{"@id":"https:\/\/www.moa-soft.de\/wordpress\/#organization"},"potentialAction":[{"@type":"SearchAction","target":{"@type":"EntryPoint","urlTemplate":"https:\/\/www.moa-soft.de\/wordpress\/?s={search_term_string}"},"query-input":{"@type":"PropertyValueSpecification","valueRequired":true,"valueName":"search_term_string"}}],"inLanguage":"de"},{"@type":"Organization","@id":"https:\/\/www.moa-soft.de\/wordpress\/#organization","name":"AMMON Immobilienmakler Software","url":"https:\/\/www.moa-soft.de\/wordpress\/","logo":{"@type":"ImageObject","inLanguage":"de","@id":"https:\/\/www.moa-soft.de\/wordpress\/#\/schema\/logo\/image\/","url":"https:\/\/www.moa-soft.de\/wordpress\/wp-content\/uploads\/2018\/01\/cropped-ammon_appicon512.png","contentUrl":"https:\/\/www.moa-soft.de\/wordpress\/wp-content\/uploads\/2018\/01\/cropped-ammon_appicon512.png","width":512,"height":512,"caption":"AMMON Immobilienmakler Software"},"image":{"@id":"https:\/\/www.moa-soft.de\/wordpress\/#\/schema\/logo\/image\/"},"sameAs":["https:\/\/www.facebook.com\/immobilienmaklersoftware"]}]}},"_links":{"self":[{"href":"https:\/\/www.moa-soft.de\/wordpress\/wp-json\/wp\/v2\/pages\/1373","targetHints":{"allow":["GET"]}}],"collection":[{"href":"https:\/\/www.moa-soft.de\/wordpress\/wp-json\/wp\/v2\/pages"}],"about":[{"href":"https:\/\/www.moa-soft.de\/wordpress\/wp-json\/wp\/v2\/types\/page"}],"author":[{"embeddable":true,"href":"https:\/\/www.moa-soft.de\/wordpress\/wp-json\/wp\/v2\/users\/1"}],"replies":[{"embeddable":true,"href":"https:\/\/www.moa-soft.de\/wordpress\/wp-json\/wp\/v2\/comments?post=1373"}],"version-history":[{"count":18,"href":"https:\/\/www.moa-soft.de\/wordpress\/wp-json\/wp\/v2\/pages\/1373\/revisions"}],"predecessor-version":[{"id":3683,"href":"https:\/\/www.moa-soft.de\/wordpress\/wp-json\/wp\/v2\/pages\/1373\/revisions\/3683"}],"up":[{"embeddable":true,"href":"https:\/\/www.moa-soft.de\/wordpress\/wp-json\/wp\/v2\/pages\/1069"}],"wp:attachment":[{"href":"https:\/\/www.moa-soft.de\/wordpress\/wp-json\/wp\/v2\/media?parent=1373"}],"curies":[{"name":"wp","href":"https:\/\/api.w.org\/{rel}","templated":true}]}}