{"id":1389,"date":"2017-12-23T00:07:31","date_gmt":"2017-12-22T23:07:31","guid":{"rendered":"http:\/\/www.moa-soft.de\/wordpress\/?page_id=1389"},"modified":"2021-02-09T23:35:40","modified_gmt":"2021-02-09T22:35:40","slug":"updates","status":"publish","type":"page","link":"https:\/\/www.moa-soft.de\/wordpress\/ammon-kontakt\/updates\/","title":{"rendered":"Bleiben Sie erfrischend up to date?"},"content":{"rendered":"<h4><span style=\"color: #002395;\">UPDATES &amp; RELEASES<\/span><\/h4>\n<h4><span style=\"color: #002395;\">Mit uns bleibt Ihr Maklergesch\u00e4ft kerngesund!<\/span><\/h4>\n<h4><span style=\"color: #333333;\">Die Vermarktung von Immobilienobjekten und die Softwaretechnologie ver\u00e4ndern sich st\u00e4ndig:<br \/>\n<\/span><\/h4>\n<h4><span style=\"color: #00b0ad;\">Software-Releases und Updates per Mausklick und ohne Zusatzkosten geh\u00f6ren bei <em>A<\/em>MMON zum Standard.<\/span><\/h4>\n<h4><span style=\"color: #333333;\">Noch nie war es so einfach:<\/span><\/h4>\n<h4><span style=\"color: #333333;\"> F\u00fcr jeden. Wo und wann Sie wollen. F\u00fcr Ihre Autonomie. Unsere Anwender k\u00f6nnen jederzeit mit der aktuellsten <em>A<\/em>MMON Immobiliensoftware erfolgreich handeln.<\/span><\/h4>\n<h4><span style=\"color: #333333;\">Bei uns k\u00f6nnen Sie alle Software-Aktualisierungen selbst durchf\u00fchren und sparen sich z.B. die Kosten f\u00fcr einen speziellen Partner, der deswegen herauskommen m\u00fcsste. Alle Kunden von <em>A<\/em>MMON erhalten Updates in vollem Umfang und ohne zus\u00e4tzliche Kosten.<br \/>\n<\/span><\/h4>\n<h4><span style=\"color: #00b0ad;\">In nur 1 Minute genie\u00dft<\/span><span style=\"color: #00b0ad;\"> Ihr gesamtes B\u00fcro den neuesten Stand der Marktanforderungen und stetigen Weiterentwicklungen.<\/span><\/h4>\n<h4><span style=\"color: #333333;\">Der Unterschied und die Leichtigkeit:<\/span><\/h4>\n<h4><span style=\"color: #333333;\">Als professioneller Anbieter von Maklersoftware f\u00fchren wir Aktualisierungen von<em> A<\/em>MMON mindestens einmal pro Woche ohnehin durch. Dabei handelt es sich z.B. um sogenannte Wartungen. Eine solche Pflege der Softwareanwendung geh\u00f6rt bei uns zum Standard und wird nicht beworben.<br \/>\n<\/span><\/h4>\n<h4><span style=\"color: #333333;\">Die f\u00fcr Sie als Anwender relevanten und Ihren Makleralltag bereichernden Updates und Releases bringen wir in der Regel 14 Tage heraus. Sofern es die Marktsituation erfordert auch kurzfristiger oder h\u00e4ufiger. Eine Online-Hilfefunktion informiert Sie \u00fcber die im Update enthaltenen \u00c4nderungen bzw. das neue Release. Den Zeitpunkt zum Download des Updates bestimmen Sie alleine.<\/span><\/h4>\n<h4><span style=\"color: #333333;\">Der Download eines <em>A<\/em>MMON Updates erfolgt in nur 1 Minute. Sie k\u00f6nnen das Update von jedem Computer in Ihrem B\u00fcro aus downloaden und das in einem Vorgang f\u00fcr Ihr gesamtes B\u00fcro. Rufen Sie dazu in der Men\u00fcleiste die Hilfezeichenfunktion auf und klicken auf den Befehl &#8222;<em>A<\/em>MMON Update laden&#8220;. Nach Ihrer Best\u00e4tigung mit dem Button &#8222;Ja&#8220; wird die Aktualisierung geladen.<\/span><\/h4>\n<h4><span style=\"color: #333333;\">Mit <em>A<\/em>MMON sind Sie somit stets sicher auf dem neuesten Stand der Vermarktung und Vermittlung von Wohn- und Gewerbeimmobilien.<\/span><\/h4>\n","protected":false},"excerpt":{"rendered":"<p>UPDATES &amp; RELEASES Mit uns bleibt Ihr Maklergesch\u00e4ft kerngesund! Die Vermarktung von Immobilienobjekten und die Softwaretechnologie ver\u00e4ndern sich st\u00e4ndig: Software-Releases und Updates per Mausklick und ohne Zusatzkosten geh\u00f6ren bei AMMON zum Standard. Noch nie war es so einfach: F\u00fcr jeden. Wo und wann Sie wollen. F\u00fcr Ihre Autonomie. Unsere Anwender k\u00f6nnen jederzeit mit der aktuellsten <span class=\"moretag\"><a href=\"https:\/\/www.moa-soft.de\/wordpress\/ammon-kontakt\/updates\/\" class=\"btn btn-sm btn-primary\">Mehr Infos<\/a><\/span><\/p>\n","protected":false},"author":1,"featured_media":0,"parent":1246,"menu_order":0,"comment_status":"closed","ping_status":"closed","template":"","meta":{"footnotes":""},"class_list":["post-1389","page","type-page","status-publish","hentry"],"yoast_head":"<!-- This site is optimized with the Yoast SEO plugin v27.5 - https:\/\/yoast.com\/product\/yoast-seo-wordpress\/ -->\n<title>Bleiben Sie erfrischend up to date? - AMMON | Immobilienmaklersoftware<\/title>\n<meta name=\"robots\" content=\"index, follow, max-snippet:-1, max-image-preview:large, max-video-preview:-1\" \/>\n<link rel=\"canonical\" href=\"https:\/\/www.moa-soft.de\/wordpress\/ammon-kontakt\/updates\/\" \/>\n<meta property=\"og:locale\" content=\"de_DE\" \/>\n<meta property=\"og:type\" content=\"article\" \/>\n<meta property=\"og:title\" content=\"Bleiben Sie erfrischend up to date? - AMMON | Immobilienmaklersoftware\" \/>\n<meta property=\"og:description\" content=\"UPDATES &amp; RELEASES Mit uns bleibt Ihr Maklergesch\u00e4ft kerngesund! Die Vermarktung von Immobilienobjekten und die Softwaretechnologie ver\u00e4ndern sich st\u00e4ndig: Software-Releases und Updates per Mausklick und ohne Zusatzkosten geh\u00f6ren bei AMMON zum Standard. Noch nie war es so einfach: F\u00fcr jeden. Wo und wann Sie wollen. F\u00fcr Ihre Autonomie. Unsere Anwender k\u00f6nnen jederzeit mit der aktuellsten Mehr Infos\" \/>\n<meta property=\"og:url\" content=\"https:\/\/www.moa-soft.de\/wordpress\/ammon-kontakt\/updates\/\" \/>\n<meta property=\"og:site_name\" content=\"AMMON | Immobilienmaklersoftware\" \/>\n<meta property=\"article:publisher\" content=\"https:\/\/www.facebook.com\/immobilienmaklersoftware\" \/>\n<meta property=\"article:modified_time\" content=\"2021-02-09T22:35:40+00:00\" \/>\n<meta name=\"twitter:card\" content=\"summary_large_image\" \/>\n<meta name=\"twitter:label1\" content=\"Gesch\u00e4tzte Lesezeit\" \/>\n\t<meta name=\"twitter:data1\" content=\"2\u00a0Minuten\" \/>\n<script type=\"application\/ld+json\" class=\"yoast-schema-graph\">{\"@context\":\"https:\\\/\\\/schema.org\",\"@graph\":[{\"@type\":\"WebPage\",\"@id\":\"https:\\\/\\\/www.moa-soft.de\\\/wordpress\\\/ammon-kontakt\\\/updates\\\/\",\"url\":\"https:\\\/\\\/www.moa-soft.de\\\/wordpress\\\/ammon-kontakt\\\/updates\\\/\",\"name\":\"Bleiben Sie erfrischend up to date? - AMMON | Immobilienmaklersoftware\",\"isPartOf\":{\"@id\":\"https:\\\/\\\/www.moa-soft.de\\\/wordpress\\\/#website\"},\"datePublished\":\"2017-12-22T23:07:31+00:00\",\"dateModified\":\"2021-02-09T22:35:40+00:00\",\"breadcrumb\":{\"@id\":\"https:\\\/\\\/www.moa-soft.de\\\/wordpress\\\/ammon-kontakt\\\/updates\\\/#breadcrumb\"},\"inLanguage\":\"de\",\"potentialAction\":[{\"@type\":\"ReadAction\",\"target\":[\"https:\\\/\\\/www.moa-soft.de\\\/wordpress\\\/ammon-kontakt\\\/updates\\\/\"]}]},{\"@type\":\"BreadcrumbList\",\"@id\":\"https:\\\/\\\/www.moa-soft.de\\\/wordpress\\\/ammon-kontakt\\\/updates\\\/#breadcrumb\",\"itemListElement\":[{\"@type\":\"ListItem\",\"position\":1,\"name\":\"Startseite\",\"item\":\"https:\\\/\\\/www.moa-soft.de\\\/wordpress\\\/\"},{\"@type\":\"ListItem\",\"position\":2,\"name\":\"Was beinhaltet unser Anwenderservice?\",\"item\":\"https:\\\/\\\/www.moa-soft.de\\\/wordpress\\\/ammon-kontakt\\\/\"},{\"@type\":\"ListItem\",\"position\":3,\"name\":\"Bleiben Sie erfrischend up to date?\"}]},{\"@type\":\"WebSite\",\"@id\":\"https:\\\/\\\/www.moa-soft.de\\\/wordpress\\\/#website\",\"url\":\"https:\\\/\\\/www.moa-soft.de\\\/wordpress\\\/\",\"name\":\"AMMON | Immobilienmaklersoftware\",\"description\":\"Immobilien- und Maklersoftware f\u00fcr Immobilienprofis\",\"publisher\":{\"@id\":\"https:\\\/\\\/www.moa-soft.de\\\/wordpress\\\/#organization\"},\"potentialAction\":[{\"@type\":\"SearchAction\",\"target\":{\"@type\":\"EntryPoint\",\"urlTemplate\":\"https:\\\/\\\/www.moa-soft.de\\\/wordpress\\\/?s={search_term_string}\"},\"query-input\":{\"@type\":\"PropertyValueSpecification\",\"valueRequired\":true,\"valueName\":\"search_term_string\"}}],\"inLanguage\":\"de\"},{\"@type\":\"Organization\",\"@id\":\"https:\\\/\\\/www.moa-soft.de\\\/wordpress\\\/#organization\",\"name\":\"AMMON Immobilienmakler Software\",\"url\":\"https:\\\/\\\/www.moa-soft.de\\\/wordpress\\\/\",\"logo\":{\"@type\":\"ImageObject\",\"inLanguage\":\"de\",\"@id\":\"https:\\\/\\\/www.moa-soft.de\\\/wordpress\\\/#\\\/schema\\\/logo\\\/image\\\/\",\"url\":\"https:\\\/\\\/www.moa-soft.de\\\/wordpress\\\/wp-content\\\/uploads\\\/2018\\\/01\\\/cropped-ammon_appicon512.png\",\"contentUrl\":\"https:\\\/\\\/www.moa-soft.de\\\/wordpress\\\/wp-content\\\/uploads\\\/2018\\\/01\\\/cropped-ammon_appicon512.png\",\"width\":512,\"height\":512,\"caption\":\"AMMON Immobilienmakler Software\"},\"image\":{\"@id\":\"https:\\\/\\\/www.moa-soft.de\\\/wordpress\\\/#\\\/schema\\\/logo\\\/image\\\/\"},\"sameAs\":[\"https:\\\/\\\/www.facebook.com\\\/immobilienmaklersoftware\"]}]}<\/script>\n<!-- \/ Yoast SEO plugin. -->","yoast_head_json":{"title":"Bleiben Sie erfrischend up to date? - AMMON | Immobilienmaklersoftware","robots":{"index":"index","follow":"follow","max-snippet":"max-snippet:-1","max-image-preview":"max-image-preview:large","max-video-preview":"max-video-preview:-1"},"canonical":"https:\/\/www.moa-soft.de\/wordpress\/ammon-kontakt\/updates\/","og_locale":"de_DE","og_type":"article","og_title":"Bleiben Sie erfrischend up to date? - AMMON | Immobilienmaklersoftware","og_description":"UPDATES &amp; RELEASES Mit uns bleibt Ihr Maklergesch\u00e4ft kerngesund! Die Vermarktung von Immobilienobjekten und die Softwaretechnologie ver\u00e4ndern sich st\u00e4ndig: Software-Releases und Updates per Mausklick und ohne Zusatzkosten geh\u00f6ren bei AMMON zum Standard. Noch nie war es so einfach: F\u00fcr jeden. Wo und wann Sie wollen. F\u00fcr Ihre Autonomie. Unsere Anwender k\u00f6nnen jederzeit mit der aktuellsten Mehr Infos","og_url":"https:\/\/www.moa-soft.de\/wordpress\/ammon-kontakt\/updates\/","og_site_name":"AMMON | Immobilienmaklersoftware","article_publisher":"https:\/\/www.facebook.com\/immobilienmaklersoftware","article_modified_time":"2021-02-09T22:35:40+00:00","twitter_card":"summary_large_image","twitter_misc":{"Gesch\u00e4tzte Lesezeit":"2\u00a0Minuten"},"schema":{"@context":"https:\/\/schema.org","@graph":[{"@type":"WebPage","@id":"https:\/\/www.moa-soft.de\/wordpress\/ammon-kontakt\/updates\/","url":"https:\/\/www.moa-soft.de\/wordpress\/ammon-kontakt\/updates\/","name":"Bleiben Sie erfrischend up to date? - AMMON | Immobilienmaklersoftware","isPartOf":{"@id":"https:\/\/www.moa-soft.de\/wordpress\/#website"},"datePublished":"2017-12-22T23:07:31+00:00","dateModified":"2021-02-09T22:35:40+00:00","breadcrumb":{"@id":"https:\/\/www.moa-soft.de\/wordpress\/ammon-kontakt\/updates\/#breadcrumb"},"inLanguage":"de","potentialAction":[{"@type":"ReadAction","target":["https:\/\/www.moa-soft.de\/wordpress\/ammon-kontakt\/updates\/"]}]},{"@type":"BreadcrumbList","@id":"https:\/\/www.moa-soft.de\/wordpress\/ammon-kontakt\/updates\/#breadcrumb","itemListElement":[{"@type":"ListItem","position":1,"name":"Startseite","item":"https:\/\/www.moa-soft.de\/wordpress\/"},{"@type":"ListItem","position":2,"name":"Was beinhaltet unser Anwenderservice?","item":"https:\/\/www.moa-soft.de\/wordpress\/ammon-kontakt\/"},{"@type":"ListItem","position":3,"name":"Bleiben Sie erfrischend up to date?"}]},{"@type":"WebSite","@id":"https:\/\/www.moa-soft.de\/wordpress\/#website","url":"https:\/\/www.moa-soft.de\/wordpress\/","name":"AMMON | Immobilienmaklersoftware","description":"Immobilien- und Maklersoftware f\u00fcr Immobilienprofis","publisher":{"@id":"https:\/\/www.moa-soft.de\/wordpress\/#organization"},"potentialAction":[{"@type":"SearchAction","target":{"@type":"EntryPoint","urlTemplate":"https:\/\/www.moa-soft.de\/wordpress\/?s={search_term_string}"},"query-input":{"@type":"PropertyValueSpecification","valueRequired":true,"valueName":"search_term_string"}}],"inLanguage":"de"},{"@type":"Organization","@id":"https:\/\/www.moa-soft.de\/wordpress\/#organization","name":"AMMON Immobilienmakler Software","url":"https:\/\/www.moa-soft.de\/wordpress\/","logo":{"@type":"ImageObject","inLanguage":"de","@id":"https:\/\/www.moa-soft.de\/wordpress\/#\/schema\/logo\/image\/","url":"https:\/\/www.moa-soft.de\/wordpress\/wp-content\/uploads\/2018\/01\/cropped-ammon_appicon512.png","contentUrl":"https:\/\/www.moa-soft.de\/wordpress\/wp-content\/uploads\/2018\/01\/cropped-ammon_appicon512.png","width":512,"height":512,"caption":"AMMON Immobilienmakler Software"},"image":{"@id":"https:\/\/www.moa-soft.de\/wordpress\/#\/schema\/logo\/image\/"},"sameAs":["https:\/\/www.facebook.com\/immobilienmaklersoftware"]}]}},"_links":{"self":[{"href":"https:\/\/www.moa-soft.de\/wordpress\/wp-json\/wp\/v2\/pages\/1389","targetHints":{"allow":["GET"]}}],"collection":[{"href":"https:\/\/www.moa-soft.de\/wordpress\/wp-json\/wp\/v2\/pages"}],"about":[{"href":"https:\/\/www.moa-soft.de\/wordpress\/wp-json\/wp\/v2\/types\/page"}],"author":[{"embeddable":true,"href":"https:\/\/www.moa-soft.de\/wordpress\/wp-json\/wp\/v2\/users\/1"}],"replies":[{"embeddable":true,"href":"https:\/\/www.moa-soft.de\/wordpress\/wp-json\/wp\/v2\/comments?post=1389"}],"version-history":[{"count":96,"href":"https:\/\/www.moa-soft.de\/wordpress\/wp-json\/wp\/v2\/pages\/1389\/revisions"}],"predecessor-version":[{"id":4367,"href":"https:\/\/www.moa-soft.de\/wordpress\/wp-json\/wp\/v2\/pages\/1389\/revisions\/4367"}],"up":[{"embeddable":true,"href":"https:\/\/www.moa-soft.de\/wordpress\/wp-json\/wp\/v2\/pages\/1246"}],"wp:attachment":[{"href":"https:\/\/www.moa-soft.de\/wordpress\/wp-json\/wp\/v2\/media?parent=1389"}],"curies":[{"name":"wp","href":"https:\/\/api.w.org\/{rel}","templated":true}]}}