{"id":1626,"date":"2018-01-11T12:40:21","date_gmt":"2018-01-11T11:40:21","guid":{"rendered":"http:\/\/www.moa-soft.de\/wordpress\/?page_id=1626"},"modified":"2021-02-09T23:39:56","modified_gmt":"2021-02-09T22:39:56","slug":"ueber-uns","status":"publish","type":"page","link":"https:\/\/www.moa-soft.de\/wordpress\/ammon-immobilien-maklersoftware\/ueber-uns\/","title":{"rendered":"Wer wir sind und wof\u00fcr wir stehen?"},"content":{"rendered":"<h4><span style=\"color: #002395;\">\u00dcBER UNS<\/span><\/h4>\n<h4>Wir sind ein familienorientiertes Unternehmen mitten in der Industrieregion Nordrhein-Westfalen bei D\u00fcsseldorf und sind auf kombinierbare Softwarel\u00f6sungen f\u00fcr die Immobilienwirtschaft (Offline, Online, Cloud, mobile Endger\u00e4te) spezialisiert. Unseren Firmensitz haben wir im kreativen Bergischen Land mit einem Standort in K\u00f6ln.<\/h4>\n<h4><span style=\"color: #00b0ad;\"><span style=\"color: #002395;\">Unabh\u00e4ngigkeit<\/span> <\/span><\/h4>\n<h4>Informations- und Kommunikationstechnologie durch Softwareanwendungen sind heute in der Immobilienbranche selbstverst\u00e4ndlich und tragen wesentlich zum Erfolg des Unternehmens bei. Dabei wird es immer wichtiger, neben der geeigneten Technologie auch den richtigen Partner zu finden. Einen Partner, der nicht nur den Einsatz moderner Technologie und Digitalisierung in den Vordergrund stellt, sondern diese in Einklang mit den gesch\u00e4ftlichen Zielen und Anforderungen seiner Anwender bringt. Einen Partner der unabh\u00e4ngig ist und neutral handelt. Wir sind ein solcher unabh\u00e4ngiger Partner und arbeiten ausschlie\u00dflich f\u00fcr die Ziele unserer Anwender.<\/h4>\n<h4><span style=\"color: #002395;\">Umsetzungsst\u00e4rke<\/span><\/h4>\n<h4>Das Gef\u00fchl, dass alles leicht von der Hand geht. Wenn Sie das erleben, dann liegt es oft an den kleinen Details der ganzheitlichen Immobilienmakler-Software <em>A<\/em>MMON. Ein Markenname, der f\u00fcr Qualit\u00e4t, pers\u00f6nlichen Kundenservice und Innovationen steht. <em>A<\/em>MMON ist eine leise Marke und wird nicht selten als Geheimtipp kommuniziert. Unabh\u00e4ngig und \u00fcberschaubar reden wir nicht lange, sondern handeln. Wir geben unser Know-how an unsere Kunden weiter. Umsetzungsberatung geh\u00f6rt zu unseren St\u00e4rken. Individuell, pers\u00f6nlich und kostenfrei f\u00fcr unsere Anwender.<\/h4>\n<h4><span style=\"color: #002395;\">Stabilit\u00e4t<\/span><\/h4>\n<h4>Seit 1992, somit \u00fcber 25 Jahre lang, sind wir am Markt erfolgreich. Das zeigen unsere langj\u00e4hrigen Partnerschaften mit Menschen und Unternehmen in ganz Deutschland und auch \u00fcber die Grenze hinaus. Zu unseren \u00fcber 3.000 Anwendern geh\u00f6ren Einzelbetriebe, mittelst\u00e4ndische Filialbetriebe genauso wie Aktiengesellschaften und vollst\u00e4ndige Immobilienb\u00f6rsen jeder Gr\u00f6\u00dfenordnung. Anwender von <em>A<\/em>MMON sind Immobilienmakler, Bautr\u00e4ger, Projektentwickler, Wohnungsgenossenschaften, Hausverwaltungen, Finanzdienstleister und Zwangsverwalter.<\/h4>\n<h4>Qualit\u00e4t statt Quantit\u00e4t geh\u00f6rt zu unserer Unternehmensphilosophie. So k\u00f6nnen wir schnell auf Marktanforderungen und Kundenbed\u00fcrfnisse reagieren. Als nachhaltig und langfristig handelnder Softwareanbieter der Immobilienbranche legen wir hohen Wert auf bewusstes Wachstum und eine schlanke Overhead-Struktur. Dadurch bleiben unsere Preise f\u00fcr Sie tats\u00e4chlich stabil und diese Preisstabilit\u00e4t geh\u00f6rt f\u00fcr jeden Kunden von <em>A<\/em>MMON schon immer zum Standard. Mehr noch: Als werteorientierter Partner sch\u00e4tzen wir Ihre Verbundenheit und bedanken uns bei Ihnen f\u00fcr langj\u00e4hrige Gesch\u00e4ftsbeziehungen mit Treuerabatten.<\/h4>\n<h4><span style=\"color: #00b0ad;\"><em>A<\/em>MMON ist die Maklersoftware mit Charakter.<\/span><\/h4>\n","protected":false},"excerpt":{"rendered":"<p>\u00dcBER UNS Wir sind ein familienorientiertes Unternehmen mitten in der Industrieregion Nordrhein-Westfalen bei D\u00fcsseldorf und sind auf kombinierbare Softwarel\u00f6sungen f\u00fcr die Immobilienwirtschaft (Offline, Online, Cloud, mobile Endger\u00e4te) spezialisiert. Unseren Firmensitz haben wir im kreativen Bergischen Land mit einem Standort in K\u00f6ln. Unabh\u00e4ngigkeit Informations- und Kommunikationstechnologie durch Softwareanwendungen sind heute in der Immobilienbranche selbstverst\u00e4ndlich und tragen <span class=\"moretag\"><a href=\"https:\/\/www.moa-soft.de\/wordpress\/ammon-immobilien-maklersoftware\/ueber-uns\/\" class=\"btn btn-sm btn-primary\">Mehr Infos<\/a><\/span><\/p>\n","protected":false},"author":1,"featured_media":0,"parent":1058,"menu_order":0,"comment_status":"closed","ping_status":"closed","template":"page-tpl-full.php","meta":{"footnotes":""},"class_list":["post-1626","page","type-page","status-publish","hentry"],"yoast_head":"<!-- This site is optimized with the Yoast SEO plugin v27.4 - https:\/\/yoast.com\/product\/yoast-seo-wordpress\/ -->\n<title>Wer wir sind und wof\u00fcr wir stehen? - AMMON | Immobilienmaklersoftware<\/title>\n<meta name=\"robots\" content=\"index, follow, max-snippet:-1, max-image-preview:large, max-video-preview:-1\" \/>\n<link rel=\"canonical\" href=\"https:\/\/www.moa-soft.de\/wordpress\/ammon-home\/ueber-uns\/\" \/>\n<meta property=\"og:locale\" content=\"de_DE\" \/>\n<meta property=\"og:type\" content=\"article\" \/>\n<meta property=\"og:title\" content=\"Wer wir sind und wof\u00fcr wir stehen? - AMMON | Immobilienmaklersoftware\" \/>\n<meta property=\"og:description\" content=\"\u00dcBER UNS Wir sind ein familienorientiertes Unternehmen mitten in der Industrieregion Nordrhein-Westfalen bei D\u00fcsseldorf und sind auf kombinierbare Softwarel\u00f6sungen f\u00fcr die Immobilienwirtschaft (Offline, Online, Cloud, mobile Endger\u00e4te) spezialisiert. Unseren Firmensitz haben wir im kreativen Bergischen Land mit einem Standort in K\u00f6ln. Unabh\u00e4ngigkeit Informations- und Kommunikationstechnologie durch Softwareanwendungen sind heute in der Immobilienbranche selbstverst\u00e4ndlich und tragen Mehr Infos\" \/>\n<meta property=\"og:url\" content=\"https:\/\/www.moa-soft.de\/wordpress\/ammon-home\/ueber-uns\/\" \/>\n<meta property=\"og:site_name\" content=\"AMMON | Immobilienmaklersoftware\" \/>\n<meta property=\"article:publisher\" content=\"https:\/\/www.facebook.com\/immobilienmaklersoftware\" \/>\n<meta property=\"article:modified_time\" content=\"2021-02-09T22:39:56+00:00\" \/>\n<meta name=\"twitter:card\" content=\"summary_large_image\" \/>\n<meta name=\"twitter:label1\" content=\"Gesch\u00e4tzte Lesezeit\" \/>\n\t<meta name=\"twitter:data1\" content=\"2\u00a0Minuten\" \/>\n<script type=\"application\/ld+json\" class=\"yoast-schema-graph\">{\"@context\":\"https:\\\/\\\/schema.org\",\"@graph\":[{\"@type\":\"WebPage\",\"@id\":\"https:\\\/\\\/www.moa-soft.de\\\/wordpress\\\/ammon-home\\\/ueber-uns\\\/\",\"url\":\"https:\\\/\\\/www.moa-soft.de\\\/wordpress\\\/ammon-home\\\/ueber-uns\\\/\",\"name\":\"Wer wir sind und wof\u00fcr wir stehen? - AMMON | Immobilienmaklersoftware\",\"isPartOf\":{\"@id\":\"https:\\\/\\\/www.moa-soft.de\\\/wordpress\\\/#website\"},\"datePublished\":\"2018-01-11T11:40:21+00:00\",\"dateModified\":\"2021-02-09T22:39:56+00:00\",\"breadcrumb\":{\"@id\":\"https:\\\/\\\/www.moa-soft.de\\\/wordpress\\\/ammon-home\\\/ueber-uns\\\/#breadcrumb\"},\"inLanguage\":\"de\",\"potentialAction\":[{\"@type\":\"ReadAction\",\"target\":[\"https:\\\/\\\/www.moa-soft.de\\\/wordpress\\\/ammon-home\\\/ueber-uns\\\/\"]}]},{\"@type\":\"BreadcrumbList\",\"@id\":\"https:\\\/\\\/www.moa-soft.de\\\/wordpress\\\/ammon-home\\\/ueber-uns\\\/#breadcrumb\",\"itemListElement\":[{\"@type\":\"ListItem\",\"position\":1,\"name\":\"Startseite\",\"item\":\"https:\\\/\\\/www.moa-soft.de\\\/wordpress\\\/\"},{\"@type\":\"ListItem\",\"position\":2,\"name\":\"AMMON die Immobilien-Maklersoftware f\u00fcr Immobilienprofis\",\"item\":\"https:\\\/\\\/www.moa-soft.de\\\/wordpress\\\/\"},{\"@type\":\"ListItem\",\"position\":3,\"name\":\"Wer wir sind und wof\u00fcr wir stehen?\"}]},{\"@type\":\"WebSite\",\"@id\":\"https:\\\/\\\/www.moa-soft.de\\\/wordpress\\\/#website\",\"url\":\"https:\\\/\\\/www.moa-soft.de\\\/wordpress\\\/\",\"name\":\"AMMON | Immobilienmaklersoftware\",\"description\":\"Immobilien- und Maklersoftware f\u00fcr Immobilienprofis\",\"publisher\":{\"@id\":\"https:\\\/\\\/www.moa-soft.de\\\/wordpress\\\/#organization\"},\"potentialAction\":[{\"@type\":\"SearchAction\",\"target\":{\"@type\":\"EntryPoint\",\"urlTemplate\":\"https:\\\/\\\/www.moa-soft.de\\\/wordpress\\\/?s={search_term_string}\"},\"query-input\":{\"@type\":\"PropertyValueSpecification\",\"valueRequired\":true,\"valueName\":\"search_term_string\"}}],\"inLanguage\":\"de\"},{\"@type\":\"Organization\",\"@id\":\"https:\\\/\\\/www.moa-soft.de\\\/wordpress\\\/#organization\",\"name\":\"AMMON Immobilienmakler Software\",\"url\":\"https:\\\/\\\/www.moa-soft.de\\\/wordpress\\\/\",\"logo\":{\"@type\":\"ImageObject\",\"inLanguage\":\"de\",\"@id\":\"https:\\\/\\\/www.moa-soft.de\\\/wordpress\\\/#\\\/schema\\\/logo\\\/image\\\/\",\"url\":\"https:\\\/\\\/www.moa-soft.de\\\/wordpress\\\/wp-content\\\/uploads\\\/2018\\\/01\\\/cropped-ammon_appicon512.png\",\"contentUrl\":\"https:\\\/\\\/www.moa-soft.de\\\/wordpress\\\/wp-content\\\/uploads\\\/2018\\\/01\\\/cropped-ammon_appicon512.png\",\"width\":512,\"height\":512,\"caption\":\"AMMON Immobilienmakler Software\"},\"image\":{\"@id\":\"https:\\\/\\\/www.moa-soft.de\\\/wordpress\\\/#\\\/schema\\\/logo\\\/image\\\/\"},\"sameAs\":[\"https:\\\/\\\/www.facebook.com\\\/immobilienmaklersoftware\"]}]}<\/script>\n<!-- \/ Yoast SEO plugin. -->","yoast_head_json":{"title":"Wer wir sind und wof\u00fcr wir stehen? - AMMON | Immobilienmaklersoftware","robots":{"index":"index","follow":"follow","max-snippet":"max-snippet:-1","max-image-preview":"max-image-preview:large","max-video-preview":"max-video-preview:-1"},"canonical":"https:\/\/www.moa-soft.de\/wordpress\/ammon-home\/ueber-uns\/","og_locale":"de_DE","og_type":"article","og_title":"Wer wir sind und wof\u00fcr wir stehen? - AMMON | Immobilienmaklersoftware","og_description":"\u00dcBER UNS Wir sind ein familienorientiertes Unternehmen mitten in der Industrieregion Nordrhein-Westfalen bei D\u00fcsseldorf und sind auf kombinierbare Softwarel\u00f6sungen f\u00fcr die Immobilienwirtschaft (Offline, Online, Cloud, mobile Endger\u00e4te) spezialisiert. Unseren Firmensitz haben wir im kreativen Bergischen Land mit einem Standort in K\u00f6ln. Unabh\u00e4ngigkeit Informations- und Kommunikationstechnologie durch Softwareanwendungen sind heute in der Immobilienbranche selbstverst\u00e4ndlich und tragen Mehr Infos","og_url":"https:\/\/www.moa-soft.de\/wordpress\/ammon-home\/ueber-uns\/","og_site_name":"AMMON | Immobilienmaklersoftware","article_publisher":"https:\/\/www.facebook.com\/immobilienmaklersoftware","article_modified_time":"2021-02-09T22:39:56+00:00","twitter_card":"summary_large_image","twitter_misc":{"Gesch\u00e4tzte Lesezeit":"2\u00a0Minuten"},"schema":{"@context":"https:\/\/schema.org","@graph":[{"@type":"WebPage","@id":"https:\/\/www.moa-soft.de\/wordpress\/ammon-home\/ueber-uns\/","url":"https:\/\/www.moa-soft.de\/wordpress\/ammon-home\/ueber-uns\/","name":"Wer wir sind und wof\u00fcr wir stehen? - AMMON | Immobilienmaklersoftware","isPartOf":{"@id":"https:\/\/www.moa-soft.de\/wordpress\/#website"},"datePublished":"2018-01-11T11:40:21+00:00","dateModified":"2021-02-09T22:39:56+00:00","breadcrumb":{"@id":"https:\/\/www.moa-soft.de\/wordpress\/ammon-home\/ueber-uns\/#breadcrumb"},"inLanguage":"de","potentialAction":[{"@type":"ReadAction","target":["https:\/\/www.moa-soft.de\/wordpress\/ammon-home\/ueber-uns\/"]}]},{"@type":"BreadcrumbList","@id":"https:\/\/www.moa-soft.de\/wordpress\/ammon-home\/ueber-uns\/#breadcrumb","itemListElement":[{"@type":"ListItem","position":1,"name":"Startseite","item":"https:\/\/www.moa-soft.de\/wordpress\/"},{"@type":"ListItem","position":2,"name":"AMMON die Immobilien-Maklersoftware f\u00fcr Immobilienprofis","item":"https:\/\/www.moa-soft.de\/wordpress\/"},{"@type":"ListItem","position":3,"name":"Wer wir sind und wof\u00fcr wir stehen?"}]},{"@type":"WebSite","@id":"https:\/\/www.moa-soft.de\/wordpress\/#website","url":"https:\/\/www.moa-soft.de\/wordpress\/","name":"AMMON | Immobilienmaklersoftware","description":"Immobilien- und Maklersoftware f\u00fcr Immobilienprofis","publisher":{"@id":"https:\/\/www.moa-soft.de\/wordpress\/#organization"},"potentialAction":[{"@type":"SearchAction","target":{"@type":"EntryPoint","urlTemplate":"https:\/\/www.moa-soft.de\/wordpress\/?s={search_term_string}"},"query-input":{"@type":"PropertyValueSpecification","valueRequired":true,"valueName":"search_term_string"}}],"inLanguage":"de"},{"@type":"Organization","@id":"https:\/\/www.moa-soft.de\/wordpress\/#organization","name":"AMMON Immobilienmakler Software","url":"https:\/\/www.moa-soft.de\/wordpress\/","logo":{"@type":"ImageObject","inLanguage":"de","@id":"https:\/\/www.moa-soft.de\/wordpress\/#\/schema\/logo\/image\/","url":"https:\/\/www.moa-soft.de\/wordpress\/wp-content\/uploads\/2018\/01\/cropped-ammon_appicon512.png","contentUrl":"https:\/\/www.moa-soft.de\/wordpress\/wp-content\/uploads\/2018\/01\/cropped-ammon_appicon512.png","width":512,"height":512,"caption":"AMMON Immobilienmakler Software"},"image":{"@id":"https:\/\/www.moa-soft.de\/wordpress\/#\/schema\/logo\/image\/"},"sameAs":["https:\/\/www.facebook.com\/immobilienmaklersoftware"]}]}},"_links":{"self":[{"href":"https:\/\/www.moa-soft.de\/wordpress\/wp-json\/wp\/v2\/pages\/1626","targetHints":{"allow":["GET"]}}],"collection":[{"href":"https:\/\/www.moa-soft.de\/wordpress\/wp-json\/wp\/v2\/pages"}],"about":[{"href":"https:\/\/www.moa-soft.de\/wordpress\/wp-json\/wp\/v2\/types\/page"}],"author":[{"embeddable":true,"href":"https:\/\/www.moa-soft.de\/wordpress\/wp-json\/wp\/v2\/users\/1"}],"replies":[{"embeddable":true,"href":"https:\/\/www.moa-soft.de\/wordpress\/wp-json\/wp\/v2\/comments?post=1626"}],"version-history":[{"count":67,"href":"https:\/\/www.moa-soft.de\/wordpress\/wp-json\/wp\/v2\/pages\/1626\/revisions"}],"predecessor-version":[{"id":3681,"href":"https:\/\/www.moa-soft.de\/wordpress\/wp-json\/wp\/v2\/pages\/1626\/revisions\/3681"}],"up":[{"embeddable":true,"href":"https:\/\/www.moa-soft.de\/wordpress\/wp-json\/wp\/v2\/pages\/1058"}],"wp:attachment":[{"href":"https:\/\/www.moa-soft.de\/wordpress\/wp-json\/wp\/v2\/media?parent=1626"}],"curies":[{"name":"wp","href":"https:\/\/api.w.org\/{rel}","templated":true}]}}