{"id":1629,"date":"2018-01-11T13:24:07","date_gmt":"2018-01-11T12:24:07","guid":{"rendered":"http:\/\/www.moa-soft.de\/wordpress\/?page_id=1629"},"modified":"2018-02-18T21:27:55","modified_gmt":"2018-02-18T20:27:55","slug":"fuer-verkaufsfoerdernde-impulse","status":"publish","type":"page","link":"https:\/\/www.moa-soft.de\/wordpress\/ammon-immobilien-maklersoftware\/fuer-verkaufsfoerdernde-impulse\/","title":{"rendered":"Was macht uns aus?"},"content":{"rendered":"<h4><span style=\"color: #002395;\">QUALIT\u00c4T UND INNOVATION<\/span><\/h4>\n<h4><span style=\"color: #00b0ad;\"><span style=\"color: #002395;\">Erfindergeist, Anwendern\u00e4he und Qualit\u00e4tssicherung<\/span><br \/>\n<\/span><\/h4>\n<h4>Wir sind offen f\u00fcr neue Wege und neue Ideen. So schaffen wir f\u00fcr komplexe Herausforderungen unkomplizierte L\u00f6sungen. Immer wieder gibt <em>A<\/em>MMON dem Immobilienmakler-Softwaremarkt entscheidende Impulse, die oftmals einen neuen Standard setzen und nachgeahmt werden.<\/h4>\n<h4>Basis f\u00fcr diese Erfolge ist nicht zuletzt die enge und partnerschaftliche Zusammenarbeit mit unseren Anwendern. Gemeinsam mit ihnen erarbeiten wir innovative L\u00f6sungen, die ein Maximum an Nutzen und Effizienz f\u00fcr Ihr Unternehmen schaffen. <em>A<\/em>MMON basiert auf dem &#8222;Mehr-Augen-Prinzip&#8220; und wird von unterschiedlichen Experten gepr\u00fcft und begutachtet. Unser Augenmerk gilt dabei insbesondere der Benutzerfreundlichkeit. Denn eines unserer Ziele ist es, ein Partner Ihres Erfolges und Fortschritts rund um Ihre Immobilienobjekte zu sein.<\/h4>\n<h4>Auch durch das interne <em>A<\/em>MMON Qualit\u00e4tsmanagement werden wichtige Anregungen f\u00fcr die Neuentwicklung innovativer Produkt- und Anwenderkonzepte gegeben. Und so schlie\u00dft sich der Kreis. Denn von diesen praxisgerechten Anwenderl\u00f6sungen profitieren Sie und Ihr Gesch\u00e4ft ganz besonders erfolgreich.<\/h4>\n<h4><span style=\"color: #00b0ad;\"><span style=\"color: #002395;\">Exklusive Kundenbetreuung<\/span><br \/>\n<\/span><\/h4>\n<h4><em>A<\/em>MMON bietet Ihnen mehr N\u00e4he. Das pr\u00e4gt unser Handeln als inhabergef\u00fchrtes Unternehmen. Kurze Kommunikationswege machen uns zu einem Maklersoftwarepartner, der immer pers\u00f6nlich ansprechbar ist und schnell L\u00f6sungen umsetzen kann. H\u00f6chstpers\u00f6nlich helfen Ihnen unsere Mitarbeitenden weiter und setzen sich mit Engagement f\u00fcr jegliches Anliegen ein. Alles direkt und auf dem kurzen Weg. Das ist der <em>A<\/em>MMON Standard. Diese individuelle Kundenbetreuung gilt f\u00fcr alle unserer Anwender und ist ohne zus\u00e4tzliche Kosten. Echte Pers\u00f6nlichkeit und Einsatz sind eben unverwechselbar zu sp\u00fcren. Und verl\u00e4ssliche L\u00f6sungen sind besonders in eiligen oder schwierigen Situationen im Makleralltag erstklassig wertvoll.<\/h4>\n<h4><span style=\"color: #00b0ad;\"><span style=\"color: #002395;\">Aktualit\u00e4t im Blick auf Gesetze und Vorschriften<\/span><br \/>\n<\/span><\/h4>\n<h4>Nicht nur durch zeitsparende Anwendertools und besondere Maklerfeatures, sondern auch im Blick auf Gesetze und Vorschriften wie beispielsweise Widerrufsbelehrung, ImmoWertV, NHK 2010, EnEV, BDSG, DSGVO halten wir das <em>A<\/em>MMON Programm stets aktuell. Unsere regelm\u00e4\u00dfigen Updates installieren sich automatisch und ben\u00f6tigen nur Sekunden. Den Zeitpunkt eines Updates bestimmen jedoch Sie alleine. Alle Update-Innovationen sind bei <em>A<\/em>MMON im Preis inbegriffen.<\/h4>\n<h4><span style=\"color: #00b0ad;\">Wir f\u00f6rdern Ihren pers\u00f6nlichen Erfolg und sichern Ihre Zeit. <\/span><em><br \/>\n<\/em><\/h4>\n","protected":false},"excerpt":{"rendered":"<p>QUALIT\u00c4T UND INNOVATION Erfindergeist, Anwendern\u00e4he und Qualit\u00e4tssicherung Wir sind offen f\u00fcr neue Wege und neue Ideen. So schaffen wir f\u00fcr komplexe Herausforderungen unkomplizierte L\u00f6sungen. Immer wieder gibt AMMON dem Immobilienmakler-Softwaremarkt entscheidende Impulse, die oftmals einen neuen Standard setzen und nachgeahmt werden. Basis f\u00fcr diese Erfolge ist nicht zuletzt die enge und partnerschaftliche Zusammenarbeit mit unseren <span class=\"moretag\"><a href=\"https:\/\/www.moa-soft.de\/wordpress\/ammon-immobilien-maklersoftware\/fuer-verkaufsfoerdernde-impulse\/\" class=\"btn btn-sm btn-primary\">Mehr Infos<\/a><\/span><\/p>\n","protected":false},"author":1,"featured_media":0,"parent":1058,"menu_order":0,"comment_status":"closed","ping_status":"closed","template":"page-tpl-full.php","meta":{"footnotes":""},"class_list":["post-1629","page","type-page","status-publish","hentry"],"yoast_head":"<!-- This site is optimized with the Yoast SEO plugin v27.5 - https:\/\/yoast.com\/product\/yoast-seo-wordpress\/ -->\n<title>Was macht uns aus? - AMMON | Immobilienmaklersoftware<\/title>\n<meta name=\"robots\" content=\"index, follow, max-snippet:-1, max-image-preview:large, max-video-preview:-1\" \/>\n<link rel=\"canonical\" href=\"https:\/\/www.moa-soft.de\/wordpress\/ammon-home\/fuer-verkaufsfoerdernde-impulse\/\" \/>\n<meta property=\"og:locale\" content=\"de_DE\" \/>\n<meta property=\"og:type\" content=\"article\" \/>\n<meta property=\"og:title\" content=\"Was macht uns aus? - AMMON | Immobilienmaklersoftware\" \/>\n<meta property=\"og:description\" content=\"QUALIT\u00c4T UND INNOVATION Erfindergeist, Anwendern\u00e4he und Qualit\u00e4tssicherung Wir sind offen f\u00fcr neue Wege und neue Ideen. So schaffen wir f\u00fcr komplexe Herausforderungen unkomplizierte L\u00f6sungen. Immer wieder gibt AMMON dem Immobilienmakler-Softwaremarkt entscheidende Impulse, die oftmals einen neuen Standard setzen und nachgeahmt werden. Basis f\u00fcr diese Erfolge ist nicht zuletzt die enge und partnerschaftliche Zusammenarbeit mit unseren Mehr Infos\" \/>\n<meta property=\"og:url\" content=\"https:\/\/www.moa-soft.de\/wordpress\/ammon-home\/fuer-verkaufsfoerdernde-impulse\/\" \/>\n<meta property=\"og:site_name\" content=\"AMMON | Immobilienmaklersoftware\" \/>\n<meta property=\"article:publisher\" content=\"https:\/\/www.facebook.com\/immobilienmaklersoftware\" \/>\n<meta property=\"article:modified_time\" content=\"2018-02-18T20:27:55+00:00\" \/>\n<meta name=\"twitter:card\" content=\"summary_large_image\" \/>\n<meta name=\"twitter:label1\" content=\"Gesch\u00e4tzte Lesezeit\" \/>\n\t<meta name=\"twitter:data1\" content=\"2\u00a0Minuten\" \/>\n<script type=\"application\/ld+json\" class=\"yoast-schema-graph\">{\"@context\":\"https:\\\/\\\/schema.org\",\"@graph\":[{\"@type\":\"WebPage\",\"@id\":\"https:\\\/\\\/www.moa-soft.de\\\/wordpress\\\/ammon-home\\\/fuer-verkaufsfoerdernde-impulse\\\/\",\"url\":\"https:\\\/\\\/www.moa-soft.de\\\/wordpress\\\/ammon-home\\\/fuer-verkaufsfoerdernde-impulse\\\/\",\"name\":\"Was macht uns aus? - AMMON | Immobilienmaklersoftware\",\"isPartOf\":{\"@id\":\"https:\\\/\\\/www.moa-soft.de\\\/wordpress\\\/#website\"},\"datePublished\":\"2018-01-11T12:24:07+00:00\",\"dateModified\":\"2018-02-18T20:27:55+00:00\",\"breadcrumb\":{\"@id\":\"https:\\\/\\\/www.moa-soft.de\\\/wordpress\\\/ammon-home\\\/fuer-verkaufsfoerdernde-impulse\\\/#breadcrumb\"},\"inLanguage\":\"de\",\"potentialAction\":[{\"@type\":\"ReadAction\",\"target\":[\"https:\\\/\\\/www.moa-soft.de\\\/wordpress\\\/ammon-home\\\/fuer-verkaufsfoerdernde-impulse\\\/\"]}]},{\"@type\":\"BreadcrumbList\",\"@id\":\"https:\\\/\\\/www.moa-soft.de\\\/wordpress\\\/ammon-home\\\/fuer-verkaufsfoerdernde-impulse\\\/#breadcrumb\",\"itemListElement\":[{\"@type\":\"ListItem\",\"position\":1,\"name\":\"Startseite\",\"item\":\"https:\\\/\\\/www.moa-soft.de\\\/wordpress\\\/\"},{\"@type\":\"ListItem\",\"position\":2,\"name\":\"AMMON die Immobilien-Maklersoftware f\u00fcr Immobilienprofis\",\"item\":\"https:\\\/\\\/www.moa-soft.de\\\/wordpress\\\/\"},{\"@type\":\"ListItem\",\"position\":3,\"name\":\"Was macht uns aus?\"}]},{\"@type\":\"WebSite\",\"@id\":\"https:\\\/\\\/www.moa-soft.de\\\/wordpress\\\/#website\",\"url\":\"https:\\\/\\\/www.moa-soft.de\\\/wordpress\\\/\",\"name\":\"AMMON | Immobilienmaklersoftware\",\"description\":\"Immobilien- und Maklersoftware f\u00fcr Immobilienprofis\",\"publisher\":{\"@id\":\"https:\\\/\\\/www.moa-soft.de\\\/wordpress\\\/#organization\"},\"potentialAction\":[{\"@type\":\"SearchAction\",\"target\":{\"@type\":\"EntryPoint\",\"urlTemplate\":\"https:\\\/\\\/www.moa-soft.de\\\/wordpress\\\/?s={search_term_string}\"},\"query-input\":{\"@type\":\"PropertyValueSpecification\",\"valueRequired\":true,\"valueName\":\"search_term_string\"}}],\"inLanguage\":\"de\"},{\"@type\":\"Organization\",\"@id\":\"https:\\\/\\\/www.moa-soft.de\\\/wordpress\\\/#organization\",\"name\":\"AMMON Immobilienmakler Software\",\"url\":\"https:\\\/\\\/www.moa-soft.de\\\/wordpress\\\/\",\"logo\":{\"@type\":\"ImageObject\",\"inLanguage\":\"de\",\"@id\":\"https:\\\/\\\/www.moa-soft.de\\\/wordpress\\\/#\\\/schema\\\/logo\\\/image\\\/\",\"url\":\"https:\\\/\\\/www.moa-soft.de\\\/wordpress\\\/wp-content\\\/uploads\\\/2018\\\/01\\\/cropped-ammon_appicon512.png\",\"contentUrl\":\"https:\\\/\\\/www.moa-soft.de\\\/wordpress\\\/wp-content\\\/uploads\\\/2018\\\/01\\\/cropped-ammon_appicon512.png\",\"width\":512,\"height\":512,\"caption\":\"AMMON Immobilienmakler Software\"},\"image\":{\"@id\":\"https:\\\/\\\/www.moa-soft.de\\\/wordpress\\\/#\\\/schema\\\/logo\\\/image\\\/\"},\"sameAs\":[\"https:\\\/\\\/www.facebook.com\\\/immobilienmaklersoftware\"]}]}<\/script>\n<!-- \/ Yoast SEO plugin. -->","yoast_head_json":{"title":"Was macht uns aus? - AMMON | Immobilienmaklersoftware","robots":{"index":"index","follow":"follow","max-snippet":"max-snippet:-1","max-image-preview":"max-image-preview:large","max-video-preview":"max-video-preview:-1"},"canonical":"https:\/\/www.moa-soft.de\/wordpress\/ammon-home\/fuer-verkaufsfoerdernde-impulse\/","og_locale":"de_DE","og_type":"article","og_title":"Was macht uns aus? - AMMON | Immobilienmaklersoftware","og_description":"QUALIT\u00c4T UND INNOVATION Erfindergeist, Anwendern\u00e4he und Qualit\u00e4tssicherung Wir sind offen f\u00fcr neue Wege und neue Ideen. So schaffen wir f\u00fcr komplexe Herausforderungen unkomplizierte L\u00f6sungen. Immer wieder gibt AMMON dem Immobilienmakler-Softwaremarkt entscheidende Impulse, die oftmals einen neuen Standard setzen und nachgeahmt werden. Basis f\u00fcr diese Erfolge ist nicht zuletzt die enge und partnerschaftliche Zusammenarbeit mit unseren Mehr Infos","og_url":"https:\/\/www.moa-soft.de\/wordpress\/ammon-home\/fuer-verkaufsfoerdernde-impulse\/","og_site_name":"AMMON | Immobilienmaklersoftware","article_publisher":"https:\/\/www.facebook.com\/immobilienmaklersoftware","article_modified_time":"2018-02-18T20:27:55+00:00","twitter_card":"summary_large_image","twitter_misc":{"Gesch\u00e4tzte Lesezeit":"2\u00a0Minuten"},"schema":{"@context":"https:\/\/schema.org","@graph":[{"@type":"WebPage","@id":"https:\/\/www.moa-soft.de\/wordpress\/ammon-home\/fuer-verkaufsfoerdernde-impulse\/","url":"https:\/\/www.moa-soft.de\/wordpress\/ammon-home\/fuer-verkaufsfoerdernde-impulse\/","name":"Was macht uns aus? - AMMON | Immobilienmaklersoftware","isPartOf":{"@id":"https:\/\/www.moa-soft.de\/wordpress\/#website"},"datePublished":"2018-01-11T12:24:07+00:00","dateModified":"2018-02-18T20:27:55+00:00","breadcrumb":{"@id":"https:\/\/www.moa-soft.de\/wordpress\/ammon-home\/fuer-verkaufsfoerdernde-impulse\/#breadcrumb"},"inLanguage":"de","potentialAction":[{"@type":"ReadAction","target":["https:\/\/www.moa-soft.de\/wordpress\/ammon-home\/fuer-verkaufsfoerdernde-impulse\/"]}]},{"@type":"BreadcrumbList","@id":"https:\/\/www.moa-soft.de\/wordpress\/ammon-home\/fuer-verkaufsfoerdernde-impulse\/#breadcrumb","itemListElement":[{"@type":"ListItem","position":1,"name":"Startseite","item":"https:\/\/www.moa-soft.de\/wordpress\/"},{"@type":"ListItem","position":2,"name":"AMMON die Immobilien-Maklersoftware f\u00fcr Immobilienprofis","item":"https:\/\/www.moa-soft.de\/wordpress\/"},{"@type":"ListItem","position":3,"name":"Was macht uns aus?"}]},{"@type":"WebSite","@id":"https:\/\/www.moa-soft.de\/wordpress\/#website","url":"https:\/\/www.moa-soft.de\/wordpress\/","name":"AMMON | Immobilienmaklersoftware","description":"Immobilien- und Maklersoftware f\u00fcr Immobilienprofis","publisher":{"@id":"https:\/\/www.moa-soft.de\/wordpress\/#organization"},"potentialAction":[{"@type":"SearchAction","target":{"@type":"EntryPoint","urlTemplate":"https:\/\/www.moa-soft.de\/wordpress\/?s={search_term_string}"},"query-input":{"@type":"PropertyValueSpecification","valueRequired":true,"valueName":"search_term_string"}}],"inLanguage":"de"},{"@type":"Organization","@id":"https:\/\/www.moa-soft.de\/wordpress\/#organization","name":"AMMON Immobilienmakler Software","url":"https:\/\/www.moa-soft.de\/wordpress\/","logo":{"@type":"ImageObject","inLanguage":"de","@id":"https:\/\/www.moa-soft.de\/wordpress\/#\/schema\/logo\/image\/","url":"https:\/\/www.moa-soft.de\/wordpress\/wp-content\/uploads\/2018\/01\/cropped-ammon_appicon512.png","contentUrl":"https:\/\/www.moa-soft.de\/wordpress\/wp-content\/uploads\/2018\/01\/cropped-ammon_appicon512.png","width":512,"height":512,"caption":"AMMON Immobilienmakler Software"},"image":{"@id":"https:\/\/www.moa-soft.de\/wordpress\/#\/schema\/logo\/image\/"},"sameAs":["https:\/\/www.facebook.com\/immobilienmaklersoftware"]}]}},"_links":{"self":[{"href":"https:\/\/www.moa-soft.de\/wordpress\/wp-json\/wp\/v2\/pages\/1629","targetHints":{"allow":["GET"]}}],"collection":[{"href":"https:\/\/www.moa-soft.de\/wordpress\/wp-json\/wp\/v2\/pages"}],"about":[{"href":"https:\/\/www.moa-soft.de\/wordpress\/wp-json\/wp\/v2\/types\/page"}],"author":[{"embeddable":true,"href":"https:\/\/www.moa-soft.de\/wordpress\/wp-json\/wp\/v2\/users\/1"}],"replies":[{"embeddable":true,"href":"https:\/\/www.moa-soft.de\/wordpress\/wp-json\/wp\/v2\/comments?post=1629"}],"version-history":[{"count":90,"href":"https:\/\/www.moa-soft.de\/wordpress\/wp-json\/wp\/v2\/pages\/1629\/revisions"}],"predecessor-version":[{"id":3193,"href":"https:\/\/www.moa-soft.de\/wordpress\/wp-json\/wp\/v2\/pages\/1629\/revisions\/3193"}],"up":[{"embeddable":true,"href":"https:\/\/www.moa-soft.de\/wordpress\/wp-json\/wp\/v2\/pages\/1058"}],"wp:attachment":[{"href":"https:\/\/www.moa-soft.de\/wordpress\/wp-json\/wp\/v2\/media?parent=1629"}],"curies":[{"name":"wp","href":"https:\/\/api.w.org\/{rel}","templated":true}]}}