{"id":1841,"date":"2018-01-22T19:59:22","date_gmt":"2018-01-22T18:59:22","guid":{"rendered":"http:\/\/www.moa-soft.de\/wordpress\/?page_id=1841"},"modified":"2021-02-09T23:34:44","modified_gmt":"2021-02-09T22:34:44","slug":"sie-moechten-ammon-persoenlich-kennenlernen","status":"publish","type":"page","link":"https:\/\/www.moa-soft.de\/wordpress\/sie-moechten-ammon-persoenlich-kennenlernen\/","title":{"rendered":"Sie m\u00f6chten <i>A<\/i>MMON pers\u00f6nlich kennenlernen?"},"content":{"rendered":"<h4><span style=\"color: #002395;\">PR\u00c4SENTATION<br \/>\n<\/span><\/h4>\n<h4><span style=\"color: #002395;\">Die neue <em>A<\/em>MMON Software.<\/span><\/h4>\n<h4>Es ist eine Reise voller erster Male und wir kennen die besten Tipps. D\u00fcrfen wir Sie auf dieser Reise begleiten?<\/h4>\n<h4>Finden Sie unverbindlich heraus, wie wir Sie unterst\u00fctzen k\u00f6nnen. Wir nehmen uns Zeit f\u00fcr Sie: telefonisch \u00fcber Remoteverbindung am Computer oder wir pr\u00e4sentieren Ihnen <em>A<\/em>MMON live vor Ort.<\/h4>\n<h4 style=\"text-align: left;\"><span style=\"color: #00b0ad;\">Jetzt einen Termin f\u00fcr eine pers\u00f6nliche Pr\u00e4sentation vereinbaren und Ihre favorisierten Ziele direkt kennenlernen:<\/span><\/h4>\n<h4 style=\"text-align: left;\"><span style=\"color: #333333;\"> Rufen Sie uns an unter 02336 914 071 oder senden Sie uns Ihre E-Mail-Anfrage: <a style=\"color: #333333;\" href=\"mailto:info@moa-soft.de\">Pr\u00e4sentationstermin vereinbaren<\/a>. <\/span><\/h4>\n<h4 style=\"text-align: left;\">Bitte teilen Sie uns mit, ob Sie eine kostenlose Live-Pr\u00e4sentation am Computer oder vor Ort in Ihrem B\u00fcro w\u00fcnschen.<\/h4>\n<h4 style=\"text-align: left;\">Mit 25 Jahren Erfahrung steht Ihnen mit <em>A<\/em>MMON ein kompetenter Ansprechpartner f\u00fcr alle Fragen zum Einsatz in Ihrem Immobilienb\u00fcro zur Verf\u00fcgung.<\/h4>\n","protected":false},"excerpt":{"rendered":"<p>PR\u00c4SENTATION Die neue AMMON Software. Es ist eine Reise voller erster Male und wir kennen die besten Tipps. D\u00fcrfen wir Sie auf dieser Reise begleiten? Finden Sie unverbindlich heraus, wie wir Sie unterst\u00fctzen k\u00f6nnen. Wir nehmen uns Zeit f\u00fcr Sie: telefonisch \u00fcber Remoteverbindung am Computer oder wir pr\u00e4sentieren Ihnen AMMON live vor Ort. Jetzt einen <span class=\"moretag\"><a href=\"https:\/\/www.moa-soft.de\/wordpress\/sie-moechten-ammon-persoenlich-kennenlernen\/\" class=\"btn btn-sm btn-primary\">Mehr Infos<\/a><\/span><\/p>\n","protected":false},"author":1,"featured_media":0,"parent":0,"menu_order":0,"comment_status":"closed","ping_status":"closed","template":"","meta":{"footnotes":""},"class_list":["post-1841","page","type-page","status-publish","hentry"],"yoast_head":"<!-- This site is optimized with the Yoast SEO plugin v27.4 - https:\/\/yoast.com\/product\/yoast-seo-wordpress\/ -->\n<title>Sie m\u00f6chten AMMON pers\u00f6nlich kennenlernen? - AMMON | Immobilienmaklersoftware<\/title>\n<meta name=\"robots\" content=\"index, follow, max-snippet:-1, max-image-preview:large, max-video-preview:-1\" \/>\n<link rel=\"canonical\" href=\"https:\/\/www.moa-soft.de\/wordpress\/ammon-download__trashed\/sie-moechten-ammon-persoenlich-kennenlernen\/\" \/>\n<meta property=\"og:locale\" content=\"de_DE\" \/>\n<meta property=\"og:type\" content=\"article\" \/>\n<meta property=\"og:title\" content=\"Sie m\u00f6chten AMMON pers\u00f6nlich kennenlernen? - AMMON | Immobilienmaklersoftware\" \/>\n<meta property=\"og:description\" content=\"PR\u00c4SENTATION Die neue AMMON Software. Es ist eine Reise voller erster Male und wir kennen die besten Tipps. D\u00fcrfen wir Sie auf dieser Reise begleiten? Finden Sie unverbindlich heraus, wie wir Sie unterst\u00fctzen k\u00f6nnen. Wir nehmen uns Zeit f\u00fcr Sie: telefonisch \u00fcber Remoteverbindung am Computer oder wir pr\u00e4sentieren Ihnen AMMON live vor Ort. Jetzt einen Mehr Infos\" \/>\n<meta property=\"og:url\" content=\"https:\/\/www.moa-soft.de\/wordpress\/ammon-download__trashed\/sie-moechten-ammon-persoenlich-kennenlernen\/\" \/>\n<meta property=\"og:site_name\" content=\"AMMON | Immobilienmaklersoftware\" \/>\n<meta property=\"article:publisher\" content=\"https:\/\/www.facebook.com\/immobilienmaklersoftware\" \/>\n<meta property=\"article:modified_time\" content=\"2021-02-09T22:34:44+00:00\" \/>\n<meta name=\"twitter:card\" content=\"summary_large_image\" \/>\n<meta name=\"twitter:label1\" content=\"Gesch\u00e4tzte Lesezeit\" \/>\n\t<meta name=\"twitter:data1\" content=\"1\u00a0Minute\" \/>\n<script type=\"application\/ld+json\" class=\"yoast-schema-graph\">{\"@context\":\"https:\\\/\\\/schema.org\",\"@graph\":[{\"@type\":\"WebPage\",\"@id\":\"https:\\\/\\\/www.moa-soft.de\\\/wordpress\\\/ammon-download__trashed\\\/sie-moechten-ammon-persoenlich-kennenlernen\\\/\",\"url\":\"https:\\\/\\\/www.moa-soft.de\\\/wordpress\\\/ammon-download__trashed\\\/sie-moechten-ammon-persoenlich-kennenlernen\\\/\",\"name\":\"Sie m\u00f6chten AMMON pers\u00f6nlich kennenlernen? - AMMON | Immobilienmaklersoftware\",\"isPartOf\":{\"@id\":\"https:\\\/\\\/www.moa-soft.de\\\/wordpress\\\/#website\"},\"datePublished\":\"2018-01-22T18:59:22+00:00\",\"dateModified\":\"2021-02-09T22:34:44+00:00\",\"breadcrumb\":{\"@id\":\"https:\\\/\\\/www.moa-soft.de\\\/wordpress\\\/ammon-download__trashed\\\/sie-moechten-ammon-persoenlich-kennenlernen\\\/#breadcrumb\"},\"inLanguage\":\"de\",\"potentialAction\":[{\"@type\":\"ReadAction\",\"target\":[\"https:\\\/\\\/www.moa-soft.de\\\/wordpress\\\/ammon-download__trashed\\\/sie-moechten-ammon-persoenlich-kennenlernen\\\/\"]}]},{\"@type\":\"BreadcrumbList\",\"@id\":\"https:\\\/\\\/www.moa-soft.de\\\/wordpress\\\/ammon-download__trashed\\\/sie-moechten-ammon-persoenlich-kennenlernen\\\/#breadcrumb\",\"itemListElement\":[{\"@type\":\"ListItem\",\"position\":1,\"name\":\"Startseite\",\"item\":\"https:\\\/\\\/www.moa-soft.de\\\/wordpress\\\/\"},{\"@type\":\"ListItem\",\"position\":2,\"name\":\"Sie m\u00f6chten AMMON pers\u00f6nlich kennenlernen?\"}]},{\"@type\":\"WebSite\",\"@id\":\"https:\\\/\\\/www.moa-soft.de\\\/wordpress\\\/#website\",\"url\":\"https:\\\/\\\/www.moa-soft.de\\\/wordpress\\\/\",\"name\":\"AMMON | Immobilienmaklersoftware\",\"description\":\"Immobilien- und Maklersoftware f\u00fcr Immobilienprofis\",\"publisher\":{\"@id\":\"https:\\\/\\\/www.moa-soft.de\\\/wordpress\\\/#organization\"},\"potentialAction\":[{\"@type\":\"SearchAction\",\"target\":{\"@type\":\"EntryPoint\",\"urlTemplate\":\"https:\\\/\\\/www.moa-soft.de\\\/wordpress\\\/?s={search_term_string}\"},\"query-input\":{\"@type\":\"PropertyValueSpecification\",\"valueRequired\":true,\"valueName\":\"search_term_string\"}}],\"inLanguage\":\"de\"},{\"@type\":\"Organization\",\"@id\":\"https:\\\/\\\/www.moa-soft.de\\\/wordpress\\\/#organization\",\"name\":\"AMMON Immobilienmakler Software\",\"url\":\"https:\\\/\\\/www.moa-soft.de\\\/wordpress\\\/\",\"logo\":{\"@type\":\"ImageObject\",\"inLanguage\":\"de\",\"@id\":\"https:\\\/\\\/www.moa-soft.de\\\/wordpress\\\/#\\\/schema\\\/logo\\\/image\\\/\",\"url\":\"https:\\\/\\\/www.moa-soft.de\\\/wordpress\\\/wp-content\\\/uploads\\\/2018\\\/01\\\/cropped-ammon_appicon512.png\",\"contentUrl\":\"https:\\\/\\\/www.moa-soft.de\\\/wordpress\\\/wp-content\\\/uploads\\\/2018\\\/01\\\/cropped-ammon_appicon512.png\",\"width\":512,\"height\":512,\"caption\":\"AMMON Immobilienmakler Software\"},\"image\":{\"@id\":\"https:\\\/\\\/www.moa-soft.de\\\/wordpress\\\/#\\\/schema\\\/logo\\\/image\\\/\"},\"sameAs\":[\"https:\\\/\\\/www.facebook.com\\\/immobilienmaklersoftware\"]}]}<\/script>\n<!-- \/ Yoast SEO plugin. -->","yoast_head_json":{"title":"Sie m\u00f6chten AMMON pers\u00f6nlich kennenlernen? - AMMON | Immobilienmaklersoftware","robots":{"index":"index","follow":"follow","max-snippet":"max-snippet:-1","max-image-preview":"max-image-preview:large","max-video-preview":"max-video-preview:-1"},"canonical":"https:\/\/www.moa-soft.de\/wordpress\/ammon-download__trashed\/sie-moechten-ammon-persoenlich-kennenlernen\/","og_locale":"de_DE","og_type":"article","og_title":"Sie m\u00f6chten AMMON pers\u00f6nlich kennenlernen? - AMMON | Immobilienmaklersoftware","og_description":"PR\u00c4SENTATION Die neue AMMON Software. Es ist eine Reise voller erster Male und wir kennen die besten Tipps. D\u00fcrfen wir Sie auf dieser Reise begleiten? Finden Sie unverbindlich heraus, wie wir Sie unterst\u00fctzen k\u00f6nnen. Wir nehmen uns Zeit f\u00fcr Sie: telefonisch \u00fcber Remoteverbindung am Computer oder wir pr\u00e4sentieren Ihnen AMMON live vor Ort. Jetzt einen Mehr Infos","og_url":"https:\/\/www.moa-soft.de\/wordpress\/ammon-download__trashed\/sie-moechten-ammon-persoenlich-kennenlernen\/","og_site_name":"AMMON | Immobilienmaklersoftware","article_publisher":"https:\/\/www.facebook.com\/immobilienmaklersoftware","article_modified_time":"2021-02-09T22:34:44+00:00","twitter_card":"summary_large_image","twitter_misc":{"Gesch\u00e4tzte Lesezeit":"1\u00a0Minute"},"schema":{"@context":"https:\/\/schema.org","@graph":[{"@type":"WebPage","@id":"https:\/\/www.moa-soft.de\/wordpress\/ammon-download__trashed\/sie-moechten-ammon-persoenlich-kennenlernen\/","url":"https:\/\/www.moa-soft.de\/wordpress\/ammon-download__trashed\/sie-moechten-ammon-persoenlich-kennenlernen\/","name":"Sie m\u00f6chten AMMON pers\u00f6nlich kennenlernen? - AMMON | Immobilienmaklersoftware","isPartOf":{"@id":"https:\/\/www.moa-soft.de\/wordpress\/#website"},"datePublished":"2018-01-22T18:59:22+00:00","dateModified":"2021-02-09T22:34:44+00:00","breadcrumb":{"@id":"https:\/\/www.moa-soft.de\/wordpress\/ammon-download__trashed\/sie-moechten-ammon-persoenlich-kennenlernen\/#breadcrumb"},"inLanguage":"de","potentialAction":[{"@type":"ReadAction","target":["https:\/\/www.moa-soft.de\/wordpress\/ammon-download__trashed\/sie-moechten-ammon-persoenlich-kennenlernen\/"]}]},{"@type":"BreadcrumbList","@id":"https:\/\/www.moa-soft.de\/wordpress\/ammon-download__trashed\/sie-moechten-ammon-persoenlich-kennenlernen\/#breadcrumb","itemListElement":[{"@type":"ListItem","position":1,"name":"Startseite","item":"https:\/\/www.moa-soft.de\/wordpress\/"},{"@type":"ListItem","position":2,"name":"Sie m\u00f6chten AMMON pers\u00f6nlich kennenlernen?"}]},{"@type":"WebSite","@id":"https:\/\/www.moa-soft.de\/wordpress\/#website","url":"https:\/\/www.moa-soft.de\/wordpress\/","name":"AMMON | Immobilienmaklersoftware","description":"Immobilien- und Maklersoftware f\u00fcr Immobilienprofis","publisher":{"@id":"https:\/\/www.moa-soft.de\/wordpress\/#organization"},"potentialAction":[{"@type":"SearchAction","target":{"@type":"EntryPoint","urlTemplate":"https:\/\/www.moa-soft.de\/wordpress\/?s={search_term_string}"},"query-input":{"@type":"PropertyValueSpecification","valueRequired":true,"valueName":"search_term_string"}}],"inLanguage":"de"},{"@type":"Organization","@id":"https:\/\/www.moa-soft.de\/wordpress\/#organization","name":"AMMON Immobilienmakler Software","url":"https:\/\/www.moa-soft.de\/wordpress\/","logo":{"@type":"ImageObject","inLanguage":"de","@id":"https:\/\/www.moa-soft.de\/wordpress\/#\/schema\/logo\/image\/","url":"https:\/\/www.moa-soft.de\/wordpress\/wp-content\/uploads\/2018\/01\/cropped-ammon_appicon512.png","contentUrl":"https:\/\/www.moa-soft.de\/wordpress\/wp-content\/uploads\/2018\/01\/cropped-ammon_appicon512.png","width":512,"height":512,"caption":"AMMON Immobilienmakler Software"},"image":{"@id":"https:\/\/www.moa-soft.de\/wordpress\/#\/schema\/logo\/image\/"},"sameAs":["https:\/\/www.facebook.com\/immobilienmaklersoftware"]}]}},"_links":{"self":[{"href":"https:\/\/www.moa-soft.de\/wordpress\/wp-json\/wp\/v2\/pages\/1841","targetHints":{"allow":["GET"]}}],"collection":[{"href":"https:\/\/www.moa-soft.de\/wordpress\/wp-json\/wp\/v2\/pages"}],"about":[{"href":"https:\/\/www.moa-soft.de\/wordpress\/wp-json\/wp\/v2\/types\/page"}],"author":[{"embeddable":true,"href":"https:\/\/www.moa-soft.de\/wordpress\/wp-json\/wp\/v2\/users\/1"}],"replies":[{"embeddable":true,"href":"https:\/\/www.moa-soft.de\/wordpress\/wp-json\/wp\/v2\/comments?post=1841"}],"version-history":[{"count":58,"href":"https:\/\/www.moa-soft.de\/wordpress\/wp-json\/wp\/v2\/pages\/1841\/revisions"}],"predecessor-version":[{"id":3660,"href":"https:\/\/www.moa-soft.de\/wordpress\/wp-json\/wp\/v2\/pages\/1841\/revisions\/3660"}],"wp:attachment":[{"href":"https:\/\/www.moa-soft.de\/wordpress\/wp-json\/wp\/v2\/media?parent=1841"}],"curies":[{"name":"wp","href":"https:\/\/api.w.org\/{rel}","templated":true}]}}